{"id":34610,"date":"2025-02-20T22:36:24","date_gmt":"2025-02-20T22:36:24","guid":{"rendered":"http:\/\/olemosaic.com\/producto\/iman-de-metal-bulldog-plata-8-cm\/"},"modified":"2025-07-25T20:28:00","modified_gmt":"2025-07-25T18:28:00","slug":"aimant-metal-bulldog-argent-8-cm","status":"publish","type":"product","link":"https:\/\/olemosaic.com\/fr\/produit\/aimant-metal-bulldog-argent-8-cm\/","title":{"rendered":"Aimant en m\u00e9tal. Bulldog. Argent. 8 cm."},"content":{"rendered":"<p>Aimant d\u00e9coratif de bulldog inspir\u00e9 par l&rsquo;art de la mosa\u00efque. Cet spectaculaire aimant m\u00e9tallique de 8 cm pr\u00e9sente un design vibrant qui capture l&rsquo;essence de la culture contemporaine \u00e0 travers une repr\u00e9sentation stylis\u00e9e d&rsquo;un bulldog. \u00c9labor\u00e9 avec une finition brillante, son design se compose de formes g\u00e9om\u00e9triques dans un festival de couleurs : rouge, bleu, jaune et vert, cr\u00e9ant un effet visuel joyeux et dynamique qui attirera s\u00fbrement l&rsquo;attention de tous. Cet aimant n&rsquo;est pas seulement fonctionnel, d\u00e9corant avec style toute surface m\u00e9tallique comme les r\u00e9frig\u00e9rateurs, les tableaux ou les casiers, mais c&rsquo;est aussi un charmant souvenir, parfait pour ceux qui recherchent un souvenir authentique de leur visite. Ce bulldog, souvent associ\u00e9 \u00e0 une attitude courageuse et loyale, symbolise la joie et l&rsquo;esprit amical qui caract\u00e9rise de nombreuses r\u00e9gions d&rsquo;Espagne et du Portugal.<\/p>\n<p>Chez Ol\u00e9 Mosaic, nous sommes fiers d&rsquo;offrir des souvenirs de haute qualit\u00e9 qui refl\u00e8tent la riche diversit\u00e9 culturelle de la p\u00e9ninsule ib\u00e9rique. Cet aimant de bulldog est une excellente option pour les boutiques de cadeaux touristiques, car il apporte une touche joyeuse et distinctive qui r\u00e9sonnera tant aupr\u00e8s des touristes que des locaux. En tant que grossistes de souvenirs, nous garantissons que chaque pi\u00e8ce n&rsquo;est pas seulement un excellent souvenir, mais aussi un article d&rsquo;artisanat qui souligne la tradition moderne dans la cr\u00e9ation de souvenirs authentiques.<\/p>\n","protected":false},"excerpt":{"rendered":"<p>Aimant m\u00e9tallique avec un design de bulldog aux couleurs vibrantes, inspir\u00e9 de l&rsquo;art de la mosa\u00efque. Cet aimant de 8 cm pr\u00e9sente une repr\u00e9sentation stylis\u00e9e du bulldog avec des formes g\u00e9om\u00e9triques en rouge, bleu, jaune et vert, cr\u00e9ant un effet visuel joyeux et dynamique. Id\u00e9al pour d\u00e9corer votre r\u00e9frig\u00e9rateur ou toute surface m\u00e9tallique, ce souvenir capte l&rsquo;essence color\u00e9e et amusante de la culture contemporaine.<\/p>\n","protected":false},"featured_media":12854,"template":"","meta":{"_acf_changed":false},"product_brand":[],"product_cat":[697],"product_tag":[],"class_list":{"0":"post-34610","1":"product","2":"type-product","3":"status-publish","4":"has-post-thumbnail","6":"product_cat-aimants","7":"pa_motivo-bulldogs","9":"first","10":"instock","11":"shipping-taxable","12":"product-type-simple"},"acf":[],"_links":{"self":[{"href":"https:\/\/olemosaic.com\/fr\/wp-json\/wp\/v2\/product\/34610","targetHints":{"allow":["GET"]}}],"collection":[{"href":"https:\/\/olemosaic.com\/fr\/wp-json\/wp\/v2\/product"}],"about":[{"href":"https:\/\/olemosaic.com\/fr\/wp-json\/wp\/v2\/types\/product"}],"wp:featuredmedia":[{"embeddable":true,"href":"https:\/\/olemosaic.com\/fr\/wp-json\/wp\/v2\/media\/12854"}],"wp:attachment":[{"href":"https:\/\/olemosaic.com\/fr\/wp-json\/wp\/v2\/media?parent=34610"}],"wp:term":[{"taxonomy":"product_brand","embeddable":true,"href":"https:\/\/olemosaic.com\/fr\/wp-json\/wp\/v2\/product_brand?post=34610"},{"taxonomy":"product_cat","embeddable":true,"href":"https:\/\/olemosaic.com\/fr\/wp-json\/wp\/v2\/product_cat?post=34610"},{"taxonomy":"product_tag","embeddable":true,"href":"https:\/\/olemosaic.com\/fr\/wp-json\/wp\/v2\/product_tag?post=34610"}],"curies":[{"name":"wp","href":"https:\/\/api.w.org\/{rel}","templated":true}]}}