{"id":34608,"date":"2025-02-20T22:36:24","date_gmt":"2025-02-20T22:36:24","guid":{"rendered":"http:\/\/olemosaic.com\/producto\/iman-de-metal-punt-de-trobada-barcelona-11-cm\/"},"modified":"2025-07-25T20:18:29","modified_gmt":"2025-07-25T18:18:29","slug":"aimant-en-metal-point-de-rencontre-barcelone-11-cm","status":"publish","type":"product","link":"https:\/\/olemosaic.com\/fr\/produit\/aimant-en-metal-point-de-rencontre-barcelone-11-cm\/","title":{"rendered":"Aimant en m\u00e9tal. Punt de trobada. Barcelone. 11 cm."},"content":{"rendered":"<p>Aimant d\u00e9coratif de Barcelone, une pi\u00e8ce qui encapsule l&rsquo;essence vibrante de la culture catalane \u00e0 travers l&rsquo;art de la mosa\u00efque. Avec ses 11 cm, cet aimant en m\u00e9tal se distingue par son design color\u00e9, pr\u00e9sentant une explosion de motifs abstraits dans des tons de rouge, bleu, jaune et noir, refl\u00e9tant l&rsquo;esprit cr\u00e9atif et artistique de la ville. Le mot \u00ab\u00a0Barcelona\u00a0\u00bb est intrins\u00e8quement int\u00e9gr\u00e9 au design, \u00e9voquant l&rsquo;\u0153uvre merveilleuse du c\u00e9l\u00e8bre architecte Antoni Gaud\u00ed, connu pour avoir transform\u00e9 l&rsquo;architecture en une forme d&rsquo;art vive et expressive.<\/p>\n<p>Le design de l&rsquo;aimant s&rsquo;inspire des mosa\u00efques qui ornent les parcs et les b\u00e2timents de la ville, comme le c\u00e9l\u00e8bre Parc G\u00fcell, symbole de l&rsquo;approche innovante que Gaud\u00ed a donn\u00e9e \u00e0 son travail. Ce souvenir n&rsquo;est pas seulement id\u00e9al pour les collectionneurs, mais aussi pour tout touriste \u00e0 la recherche d&rsquo;un souvenir authentique de sa visite dans cette ville espagnole embl\u00e9matique. Le m\u00e9lange de couleurs et de formes fait de cet aimant un excellent ajout \u00e0 toute collection de souvenirs, un rappel des moments v\u00e9cus \u00e0 Barcelone chaque fois qu&rsquo;on le contemple.<\/p>\n<p>Chez Ol\u00e9 Mosaic, nous proposons des souvenirs uniques, et cet aimant en m\u00e9tal repr\u00e9sente non seulement la richesse culturelle de Barcelone, mais aussi notre d\u00e9vouement \u00e0 la distribution d&rsquo;articles authentiques en gros. Ce produit est parfait pour les boutiques de cadeaux touristiques souhaitant capter l&rsquo;attention de leurs clients avec un souvenir significatif et esth\u00e9tiquement attrayant.<\/p>\n","protected":false},"excerpt":{"rendered":"<p>Aimant m\u00e9tallique au design color\u00e9 inspir\u00e9 de l&rsquo;art de la mosa\u00efque barcelonaise. D&rsquo;une dimension de 11 cm, cet aimant pr\u00e9sente des motifs abstraits aux couleurs vibrantes rouge, bleu, jaune et noir, soulignant l&rsquo;essence de la culture catalane. Le mot \u00ab\u00a0Barcelona\u00a0\u00bb est int\u00e9gr\u00e9 au design, \u00e9voquant la c\u00e9l\u00e8bre \u0153uvre de l&rsquo;architecte Antoni Gaud\u00ed. Id\u00e9al pour les collectionneurs ou comme souvenir capturant la magie de cette ville espagnole embl\u00e9matique.<\/p>\n","protected":false},"featured_media":7933,"template":"","meta":{"_acf_changed":false},"product_brand":[],"product_cat":[697],"product_tag":[],"class_list":{"0":"post-34608","1":"product","2":"type-product","3":"status-publish","4":"has-post-thumbnail","6":"product_cat-aimants","7":"pa_ciudad-barcelona","8":"pa_motivo-punt-de-trobada","9":"pa_pais-espana","11":"first","12":"instock","13":"shipping-taxable","14":"product-type-simple"},"acf":[],"_links":{"self":[{"href":"https:\/\/olemosaic.com\/fr\/wp-json\/wp\/v2\/product\/34608","targetHints":{"allow":["GET"]}}],"collection":[{"href":"https:\/\/olemosaic.com\/fr\/wp-json\/wp\/v2\/product"}],"about":[{"href":"https:\/\/olemosaic.com\/fr\/wp-json\/wp\/v2\/types\/product"}],"wp:featuredmedia":[{"embeddable":true,"href":"https:\/\/olemosaic.com\/fr\/wp-json\/wp\/v2\/media\/7933"}],"wp:attachment":[{"href":"https:\/\/olemosaic.com\/fr\/wp-json\/wp\/v2\/media?parent=34608"}],"wp:term":[{"taxonomy":"product_brand","embeddable":true,"href":"https:\/\/olemosaic.com\/fr\/wp-json\/wp\/v2\/product_brand?post=34608"},{"taxonomy":"product_cat","embeddable":true,"href":"https:\/\/olemosaic.com\/fr\/wp-json\/wp\/v2\/product_cat?post=34608"},{"taxonomy":"product_tag","embeddable":true,"href":"https:\/\/olemosaic.com\/fr\/wp-json\/wp\/v2\/product_tag?post=34608"}],"curies":[{"name":"wp","href":"https:\/\/api.w.org\/{rel}","templated":true}]}}