{"id":34607,"date":"2025-02-20T23:36:24","date_gmt":"2025-02-20T22:36:24","guid":{"rendered":"http:\/\/olemosaic.com\/producto\/iman-de-resina-panoramica-barcelona-9\/"},"modified":"2025-07-25T19:55:44","modified_gmt":"2025-07-25T17:55:44","slug":"aimant-en-resine-panoramique-barcelone-monuments","status":"publish","type":"product","link":"https:\/\/olemosaic.com\/fr\/produit\/aimant-en-resine-panoramique-barcelone-monuments\/","title":{"rendered":"Aimant en r\u00e9sine. Panoramique. Sagrada Familia, Casa Batll\u00f3 et Tour Agbar. Barcelone."},"content":{"rendered":"<p>Aimant panoramique en r\u00e9sine de Barcelone. Cet aimant color\u00e9 pr\u00e9sente une repr\u00e9sentation vibrante de certains des monuments les plus embl\u00e9matiques de la ville, ce qui en fait un souvenir indispensable pour ceux qui souhaitent capturer l&rsquo;essence de Barcelone. Le design met en valeur la majestueuse Sagrada Familia, avec ses tours d\u00e9taill\u00e9es qui semblent toucher le ciel, aux c\u00f4t\u00e9s de l&rsquo;\u00e9vocatrice Casa Batll\u00f3, avec sa fa\u00e7ade ondulante et color\u00e9e, et la moderne Tour Agbar, qui resplendit de ses couleurs vives. Ce fascinant aimant en r\u00e9sine est d\u00e9cor\u00e9 dans un style original de mosa\u00efque qui rappelle l&rsquo;\u0153uvre du c\u00e9l\u00e8bre architecte Antoni Gaud\u00ed, int\u00e9grant une palette de couleurs vibrantes qui donne vie \u00e0 l&rsquo;architecture unique de la ville.<\/p>\n<p>Sa forme panoramique n&rsquo;en fait pas seulement un objet d\u00e9coratif, mais aussi un rappel inoubliable de la splendeur architecturale barcelonaise. Id\u00e9al pour les touristes \u00e0 la recherche de souvenirs refl\u00e9tant la culture et l&rsquo;art de la r\u00e9gion, cet aimant est un excellent cadeau qui \u00e9voque l&rsquo;esprit cr\u00e9atif de Barcelone. Chez Ol\u00e9 Mosaic, nous distribuons des souvenirs authentiques et repr\u00e9sentatifs, faisant de cet aimant en r\u00e9sine une option parfaite pour les boutiques de cadeaux touristiques \u00e0 la recherche de produits de qualit\u00e9 et de pertinence culturelle. En tant que grossistes de souvenirs, nous garantissons l&rsquo;authenticit\u00e9 et la beaut\u00e9 de chaque pi\u00e8ce, offrant des souvenirs qui racontent une story.<\/p>\n","protected":false},"excerpt":{"rendered":"<p>Aimant avec une vue panoramique vibrante de Barcelone, repr\u00e9sentant certains de ses monuments les plus embl\u00e9matiques. Cet aimant color\u00e9 inclut la majestueuse Sagrada Familia, l&rsquo;iconique Casa Batll\u00f3 et la Tour Agbar, le tout dans un design de mosa\u00efque \u00e9voquant le style de Gaud\u00ed. Plein de d\u00e9tails et de couleurs vives, ce souvenir est parfait pour se souvenir de la beaut\u00e9 architecturale de la ville.<\/p>\n","protected":false},"featured_media":9344,"template":"","meta":{"_acf_changed":false},"product_brand":[],"product_cat":[697],"product_tag":[],"class_list":{"0":"post-34607","1":"product","2":"type-product","3":"status-publish","4":"has-post-thumbnail","6":"product_cat-aimants","7":"pa_ciudad-barcelona","8":"pa_motivo-panoramas","9":"pa_pais-espana","11":"first","12":"instock","13":"shipping-taxable","14":"product-type-simple"},"acf":[],"_links":{"self":[{"href":"https:\/\/olemosaic.com\/fr\/wp-json\/wp\/v2\/product\/34607","targetHints":{"allow":["GET"]}}],"collection":[{"href":"https:\/\/olemosaic.com\/fr\/wp-json\/wp\/v2\/product"}],"about":[{"href":"https:\/\/olemosaic.com\/fr\/wp-json\/wp\/v2\/types\/product"}],"wp:featuredmedia":[{"embeddable":true,"href":"https:\/\/olemosaic.com\/fr\/wp-json\/wp\/v2\/media\/9344"}],"wp:attachment":[{"href":"https:\/\/olemosaic.com\/fr\/wp-json\/wp\/v2\/media?parent=34607"}],"wp:term":[{"taxonomy":"product_brand","embeddable":true,"href":"https:\/\/olemosaic.com\/fr\/wp-json\/wp\/v2\/product_brand?post=34607"},{"taxonomy":"product_cat","embeddable":true,"href":"https:\/\/olemosaic.com\/fr\/wp-json\/wp\/v2\/product_cat?post=34607"},{"taxonomy":"product_tag","embeddable":true,"href":"https:\/\/olemosaic.com\/fr\/wp-json\/wp\/v2\/product_tag?post=34607"}],"curies":[{"name":"wp","href":"https:\/\/api.w.org\/{rel}","templated":true}]}}