{"id":34606,"date":"2025-02-20T23:36:24","date_gmt":"2025-02-20T22:36:24","guid":{"rendered":"http:\/\/olemosaic.com\/producto\/iman-de-resina-panoramica-barcelona-8\/"},"modified":"2025-07-25T19:36:25","modified_gmt":"2025-07-25T17:36:25","slug":"aimant-en-resine-panoramique-barcelone-architecture","status":"publish","type":"product","link":"https:\/\/olemosaic.com\/fr\/produit\/aimant-en-resine-panoramique-barcelone-architecture\/","title":{"rendered":"Aimant en r\u00e9sine. Panoramique. Architecture. Barcelone."},"content":{"rendered":"<p>Aimant panoramique en r\u00e9sine de Barcelone<\/p>\n<p>Cet aimant en r\u00e9sine est un souvenir vibrant qui capture l&rsquo;essence de Barcelone, pr\u00e9sentant une vue panoramique de ses monuments les plus embl\u00e9matiques. Le design met en avant la majestueuse Sagrada Familia avec ses tours distinctives, le color\u00e9 Parc G\u00fcell et plusieurs b\u00e2timents embl\u00e9matiques qui refl\u00e8tent le riche h\u00e9ritage architectural de la ville. La qualit\u00e9 de la r\u00e9sine permet une finition robuste et durable, tandis que les couleurs vives utilis\u00e9es dans la repr\u00e9sentation artistique parviennent \u00e0 souligner chaque d\u00e9tail, cr\u00e9ant un impact visuel qui attire le regard.<\/p>\n<p>\u00c0 la base de l&rsquo;aimant se trouve le mot \u00ab\u00a0Barcelona\u00a0\u00bb, qui non seulement renforce l&rsquo;identit\u00e9 de la ville, mais apporte \u00e9galement une touche distinctive au design. Cet aimant est une excellente option pour les touristes \u00e0 la recherche d&rsquo;un souvenir authentique et repr\u00e9sentatif de leur exp\u00e9rience \u00e0 Barcelone. Sa connexion culturelle est ind\u00e9niable, car chaque monument \u00e9voque l&rsquo;histoire et l&rsquo;h\u00e9ritage artistique de la ville, de l&rsquo;architecte Antoni Gaud\u00ed et d&rsquo;autres grands ma\u00eetres du modernisme catalan.<\/p>\n<p>Chez Ol\u00e9 Mosaic, nous proposons une large gamme de produits en gros comme cet aimant, id\u00e9aux pour les boutiques de cadeaux touristiques \u00e0 la recherche de souvenirs uniques qui capturent la magie de l&rsquo;Espagne. Cet aimant de Barcelone est, sans aucun doute, un choix parfait pour ceux qui souhaitent ramener un petit morceau de cette magnifique ville \u00e0 la maison.<\/p>\n","protected":false},"excerpt":{"rendered":"<p>Aimant capturant l&rsquo;essence de Barcelone avec une vue panoramique vibrante de ses monuments les plus embl\u00e9matiques. Cet aimant color\u00e9 pr\u00e9sente la Sagrada Familia, le Parc G\u00fcell et d&rsquo;autres b\u00e2timents iconiques de la ville, le tout dans une repr\u00e9sentation artistique d\u00e9taill\u00e9e. D\u00e9cor\u00e9 de couleurs vives et d&rsquo;une finition r\u00e9sistante, il inclut le mot \u00ab\u00a0Barcelona\u00a0\u00bb, ajoutant une touche distinctive. Id\u00e9al pour se souvenir ou partager la beaut\u00e9 architecturale de cette magnifique ville.<\/p>\n","protected":false},"featured_media":6742,"template":"","meta":{"_acf_changed":false},"product_brand":[],"product_cat":[697],"product_tag":[],"class_list":{"0":"post-34606","1":"product","2":"type-product","3":"status-publish","4":"has-post-thumbnail","6":"product_cat-aimants","7":"pa_ciudad-barcelona","8":"pa_motivo-panoramas","9":"pa_pais-espana","11":"first","12":"instock","13":"shipping-taxable","14":"product-type-simple"},"acf":[],"_links":{"self":[{"href":"https:\/\/olemosaic.com\/fr\/wp-json\/wp\/v2\/product\/34606","targetHints":{"allow":["GET"]}}],"collection":[{"href":"https:\/\/olemosaic.com\/fr\/wp-json\/wp\/v2\/product"}],"about":[{"href":"https:\/\/olemosaic.com\/fr\/wp-json\/wp\/v2\/types\/product"}],"wp:featuredmedia":[{"embeddable":true,"href":"https:\/\/olemosaic.com\/fr\/wp-json\/wp\/v2\/media\/6742"}],"wp:attachment":[{"href":"https:\/\/olemosaic.com\/fr\/wp-json\/wp\/v2\/media?parent=34606"}],"wp:term":[{"taxonomy":"product_brand","embeddable":true,"href":"https:\/\/olemosaic.com\/fr\/wp-json\/wp\/v2\/product_brand?post=34606"},{"taxonomy":"product_cat","embeddable":true,"href":"https:\/\/olemosaic.com\/fr\/wp-json\/wp\/v2\/product_cat?post=34606"},{"taxonomy":"product_tag","embeddable":true,"href":"https:\/\/olemosaic.com\/fr\/wp-json\/wp\/v2\/product_tag?post=34606"}],"curies":[{"name":"wp","href":"https:\/\/api.w.org\/{rel}","templated":true}]}}