{"id":34605,"date":"2025-02-20T23:36:24","date_gmt":"2025-02-20T22:36:24","guid":{"rendered":"http:\/\/olemosaic.com\/producto\/iman-de-resina-panoramica-barcelona-65-cm-2\/"},"modified":"2025-07-25T18:52:36","modified_gmt":"2025-07-25T16:52:36","slug":"aimant-en-resine-panoramique-barcelone-6-5-cm","status":"publish","type":"product","link":"https:\/\/olemosaic.com\/fr\/produit\/aimant-en-resine-panoramique-barcelone-6-5-cm\/","title":{"rendered":"Aimant en r\u00e9sine. Panoramique. Mosa\u00efque. Barcelone. 6,5 cm."},"content":{"rendered":"<p>Aimant en r\u00e9sine panoramique de Barcelone<\/p>\n<p>Cet aimant en r\u00e9sine est un souvenir vibrant de Barcelone qui capture l&rsquo;essence de cette ville embl\u00e9matique dans un design attrayant de 6,5 cm de diam\u00e8tre. Avec une mosa\u00efque color\u00e9e qui met en valeur la majestueuse Sagrada Familia, l&rsquo;un des monuments les plus embl\u00e9matiques de la ville, l&rsquo;aimant pr\u00e9sente \u00e9galement la c\u00e9l\u00e8bre sculpture du dragon du Parc G\u00fcell, un chef-d&rsquo;\u0153uvre d&rsquo;Antoni Gaud\u00ed. Les d\u00e9tails artistiques sont m\u00e9ticuleusement illustr\u00e9s, soulignant les couleurs vives et les diverses formes qui \u00e9voquent l&rsquo;esprit cr\u00e9atif et dynamique de Barcelone.<\/p>\n<p>Le design n&rsquo;est pas seulement visuellement frappant, mais il refl\u00e8te \u00e9galement le riche h\u00e9ritage culturel de la ville, en faisant un authentique souvenir qui capture la beaut\u00e9 et l&rsquo;innovation qui caract\u00e9risent Barcelone. Cet aimant n&rsquo;ajoute pas seulement une touche d\u00e9corative \u00e0 n&rsquo;importe quel espace, mais sert \u00e9galement de rappel tangible d&rsquo;un voyage inoubliable.<\/p>\n<p>Chez Ol\u00e9 Mosaic, votre distributeur de souvenirs authentiques, nous proposons cet aimant de Barcelone, id\u00e9al pour les boutiques de cadeaux touristiques \u00e0 la recherche de produits uniques et significatifs. C&rsquo;est une option parfaite pour ceux qui souhaitent ramener un morceau de la culture catalane \u00e0 la maison, en faisant un excellent souvenir de la cit\u00e9 comtale.<\/p>\n","protected":false},"excerpt":{"rendered":"<p>Aimant avec une vue panoramique vibrante de Barcelone, de 6,5 cm de diam\u00e8tre. Ce souvenir attrayant pr\u00e9sente une mosa\u00efque color\u00e9e mettant en valeur la Sagrada Familia et d&rsquo;autres monuments embl\u00e9matiques de la ville, comme la c\u00e9l\u00e8bre sculpture du dragon au Park G\u00fcell. Le design est illustratif et d\u00e9taill\u00e9, soulignant les couleurs vives et les formes vari\u00e9es qui capturent l&rsquo;esprit artistique de Barcelone, id\u00e9al pour se souvenir d&rsquo;un voyage inoubliable.<\/p>\n","protected":false},"featured_media":9325,"template":"","meta":{"_acf_changed":false},"product_brand":[],"product_cat":[697],"product_tag":[],"class_list":{"0":"post-34605","1":"product","2":"type-product","3":"status-publish","4":"has-post-thumbnail","6":"product_cat-aimants","7":"pa_ciudad-barcelona","8":"pa_motivo-panoramas","9":"pa_pais-espana","11":"first","12":"instock","13":"shipping-taxable","14":"product-type-simple"},"acf":[],"_links":{"self":[{"href":"https:\/\/olemosaic.com\/fr\/wp-json\/wp\/v2\/product\/34605","targetHints":{"allow":["GET"]}}],"collection":[{"href":"https:\/\/olemosaic.com\/fr\/wp-json\/wp\/v2\/product"}],"about":[{"href":"https:\/\/olemosaic.com\/fr\/wp-json\/wp\/v2\/types\/product"}],"wp:featuredmedia":[{"embeddable":true,"href":"https:\/\/olemosaic.com\/fr\/wp-json\/wp\/v2\/media\/9325"}],"wp:attachment":[{"href":"https:\/\/olemosaic.com\/fr\/wp-json\/wp\/v2\/media?parent=34605"}],"wp:term":[{"taxonomy":"product_brand","embeddable":true,"href":"https:\/\/olemosaic.com\/fr\/wp-json\/wp\/v2\/product_brand?post=34605"},{"taxonomy":"product_cat","embeddable":true,"href":"https:\/\/olemosaic.com\/fr\/wp-json\/wp\/v2\/product_cat?post=34605"},{"taxonomy":"product_tag","embeddable":true,"href":"https:\/\/olemosaic.com\/fr\/wp-json\/wp\/v2\/product_tag?post=34605"}],"curies":[{"name":"wp","href":"https:\/\/api.w.org\/{rel}","templated":true}]}}