{"id":34604,"date":"2025-02-20T23:36:23","date_gmt":"2025-02-20T22:36:23","guid":{"rendered":"http:\/\/olemosaic.com\/producto\/iman-de-resina-tortuga\/"},"modified":"2025-07-25T20:09:09","modified_gmt":"2025-07-25T18:09:09","slug":"aimant-en-resine-tortue","status":"publish","type":"product","link":"https:\/\/olemosaic.com\/fr\/produit\/aimant-en-resine-tortue\/","title":{"rendered":"Aimant en r\u00e9sine. Tortue."},"content":{"rendered":"<p>Aimant en r\u00e9sine en forme de tortue, inspir\u00e9 par les mosa\u00efques color\u00e9es de la c\u00e9ramique traditionnelle. Cet adorable aimant repr\u00e9sente une \u0153uvre d&rsquo;art vibrante qui allie la tradition m\u00e9diterran\u00e9enne \u00e0 un design contemporain. Fabriqu\u00e9 en r\u00e9sine de haute qualit\u00e9, il pr\u00e9sente un design tridimensionnel qui se distingue par ses tons vifs de bleu, jaune, rouge et vert, \u00e9voquant la chaleur et la splendeur de l&rsquo;environnement espagnol. Les d\u00e9licates pi\u00e8ces de mosa\u00efque \u00e0 effet peint \u00e0 la main refl\u00e8tent le riche h\u00e9ritage culturel de l&rsquo;Espagne, en particulier des r\u00e9gions c\u00f4ti\u00e8res o\u00f9 la c\u00e9ramique artistique est un symbole d&rsquo;identit\u00e9 locale.<\/p>\n<p>Chaque aimant capture l&rsquo;essence joyeuse de la M\u00e9diterran\u00e9e, \u00e9tant parfait pour orner toute surface m\u00e9tallique, des r\u00e9frig\u00e9rateurs aux tableaux magn\u00e9tiques, ajoutant une touche de couleur et de culture \u00e0 votre maison. Ce souvenir de tortue n&rsquo;est pas seulement un article d\u00e9coratif, mais aussi un souvenir significatif pour ceux qui visitent l&rsquo;Espagne, id\u00e9al pour les collectionneurs ou comme cadeau pour les amis et la famille qui appr\u00e9cient l&rsquo;authenticit\u00e9.<\/p>\n<p>Chez Ol\u00e9 Mosaic, nous nous sp\u00e9cialisons dans la distribution de souvenirs en gros, offrant cet aimant de tortue comme une excellente option pour les boutiques de cadeaux touristiques \u00e0 la recherche de produits de qualit\u00e9 et de pertinence culturelle. Cet adorable aimant est le cadeau parfait qui incarne la joie de l&rsquo;esprit m\u00e9diterran\u00e9en, id\u00e9al pour ceux qui recherchent des souvenirs repr\u00e9sentatifs de la riche tradition espagnole.<\/p>\n","protected":false},"excerpt":{"rendered":"<p>Aimant en forme de tortue, inspir\u00e9 par les mosa\u00efques color\u00e9es de la c\u00e9ramique traditionnelle. Fabriqu\u00e9 avec des d\u00e9tails peints \u00e0 la main, incluant des tons vifs de bleu, jaune, rouge et vert, cet aimant est un charmant souvenir du riche h\u00e9ritage culturel m\u00e9diterran\u00e9en. Parfait pour orner toute surface m\u00e9tallique, il \u00e9voque l&rsquo;ambiance vibrante de l&rsquo;Espagne avec son design artistique et joyeux. Id\u00e9al pour les collectionneurs ou comme cadeau.<\/p>\n","protected":false},"featured_media":6230,"template":"","meta":{"_acf_changed":false},"product_brand":[],"product_cat":[697],"product_tag":[530],"class_list":{"0":"post-34604","1":"product","2":"type-product","3":"status-publish","4":"has-post-thumbnail","6":"product_cat-aimants","7":"product_tag-animaux","8":"pa_motivo-tortues","10":"first","11":"instock","12":"shipping-taxable","13":"product-type-simple"},"acf":[],"_links":{"self":[{"href":"https:\/\/olemosaic.com\/fr\/wp-json\/wp\/v2\/product\/34604","targetHints":{"allow":["GET"]}}],"collection":[{"href":"https:\/\/olemosaic.com\/fr\/wp-json\/wp\/v2\/product"}],"about":[{"href":"https:\/\/olemosaic.com\/fr\/wp-json\/wp\/v2\/types\/product"}],"wp:featuredmedia":[{"embeddable":true,"href":"https:\/\/olemosaic.com\/fr\/wp-json\/wp\/v2\/media\/6230"}],"wp:attachment":[{"href":"https:\/\/olemosaic.com\/fr\/wp-json\/wp\/v2\/media?parent=34604"}],"wp:term":[{"taxonomy":"product_brand","embeddable":true,"href":"https:\/\/olemosaic.com\/fr\/wp-json\/wp\/v2\/product_brand?post=34604"},{"taxonomy":"product_cat","embeddable":true,"href":"https:\/\/olemosaic.com\/fr\/wp-json\/wp\/v2\/product_cat?post=34604"},{"taxonomy":"product_tag","embeddable":true,"href":"https:\/\/olemosaic.com\/fr\/wp-json\/wp\/v2\/product_tag?post=34604"}],"curies":[{"name":"wp","href":"https:\/\/api.w.org\/{rel}","templated":true}]}}