{"id":34587,"date":"2025-02-20T23:36:23","date_gmt":"2025-02-20T22:36:23","guid":{"rendered":"http:\/\/olemosaic.com\/producto\/iman-de-resina-letrero-mallorca-11-cm\/"},"modified":"2025-07-25T19:26:19","modified_gmt":"2025-07-25T17:26:19","slug":"aimant-en-resine-enseigne-majorque-11-cm","status":"publish","type":"product","link":"https:\/\/olemosaic.com\/fr\/produit\/aimant-en-resine-enseigne-majorque-11-cm\/","title":{"rendered":"Aimant en r\u00e9sine. Enseigne. Majorque. 11 cm."},"content":{"rendered":"<p>Aimant en r\u00e9sine en forme de panneau d\u00e9cor\u00e9 du mot \u00ab\u00a0MALLORCA\u00a0\u00bb. Cet aimant attrayant de 11 cm capture l&rsquo;essence vibrante de l&rsquo;\u00eele bal\u00e9are avec un design \u00e9voquant le c\u00e9l\u00e8bre style de mosa\u00efque traditionnelle majorquine. Son fond stylis\u00e9 pr\u00e9sente des pi\u00e8ces dans des tons gris qui ajoutent une touche d&rsquo;\u00e9l\u00e9gance, tandis que les lettres de \u00ab\u00a0MALLORCA\u00a0\u00bb se d\u00e9tachent dans une explosion de couleurs : rouge, bleu, vert et jaune, cr\u00e9ant un contraste qui attire le regard et transmet la joie de la culture majorquine.<\/p>\n<p>Cet aimant n&rsquo;est pas seulement un objet d\u00e9coratif, mais aussi un symbole de souvenirs inoubliables v\u00e9cus dans la magnifique Majorque. Son mat\u00e9riau en r\u00e9sine garantit durabilit\u00e9 et r\u00e9sistance, ce qui en fait un souvenir id\u00e9al pour ceux qui souhaitent emporter avec eux un fragment de l&rsquo;\u00eele. Avec ses d\u00e9tails color\u00e9s, il est parfait pour orner le r\u00e9frig\u00e9rateur ou toute surface m\u00e9tallique, servant de rappel constant de cette escapade de r\u00eave.<\/p>\n<p>Chez Ol\u00e9 Mosaic, nous nous sp\u00e9cialisons dans la distribution de souvenirs en gros, offrant cet aimant en r\u00e9sine comme une excellente option pour les boutiques de cadeaux touristiques recherchant des produits authentiques et repr\u00e9sentatifs de Majorque. Cet aimant est sans aucun doute une mani\u00e8re charmante de se souvenir de la beaut\u00e9 et de la culture de l&rsquo;\u00eele.<\/p>\n","protected":false},"excerpt":{"rendered":"<p>Aimant en forme d&rsquo;enseigne, d\u00e9cor\u00e9 du mot \u00ab\u00a0MALLORCA\u00a0\u00bb dans des couleurs vibrantes. Avec un design \u00e9voquant le style de la mosa\u00efque traditionnelle, cet aimant mesure 11 cm et pr\u00e9sente un fond avec des pi\u00e8ces dans des tons gris et des touches de couleur contrastant avec des lettres en rouge, bleu, vert et jaune. Il est id\u00e9al pour ceux qui souhaitent se souvenir de leur visite sur la magnifique \u00eele de Majorque.<\/p>\n","protected":false},"featured_media":9525,"template":"","meta":{"_acf_changed":false},"product_brand":[],"product_cat":[697],"product_tag":[],"class_list":{"0":"post-34587","1":"product","2":"type-product","3":"status-publish","4":"has-post-thumbnail","6":"product_cat-aimants","7":"pa_ciudad-mallorca","8":"pa_motivo-panneaux-villes","9":"pa_pais-espana","11":"first","12":"instock","13":"shipping-taxable","14":"product-type-simple"},"acf":[],"_links":{"self":[{"href":"https:\/\/olemosaic.com\/fr\/wp-json\/wp\/v2\/product\/34587","targetHints":{"allow":["GET"]}}],"collection":[{"href":"https:\/\/olemosaic.com\/fr\/wp-json\/wp\/v2\/product"}],"about":[{"href":"https:\/\/olemosaic.com\/fr\/wp-json\/wp\/v2\/types\/product"}],"wp:featuredmedia":[{"embeddable":true,"href":"https:\/\/olemosaic.com\/fr\/wp-json\/wp\/v2\/media\/9525"}],"wp:attachment":[{"href":"https:\/\/olemosaic.com\/fr\/wp-json\/wp\/v2\/media?parent=34587"}],"wp:term":[{"taxonomy":"product_brand","embeddable":true,"href":"https:\/\/olemosaic.com\/fr\/wp-json\/wp\/v2\/product_brand?post=34587"},{"taxonomy":"product_cat","embeddable":true,"href":"https:\/\/olemosaic.com\/fr\/wp-json\/wp\/v2\/product_cat?post=34587"},{"taxonomy":"product_tag","embeddable":true,"href":"https:\/\/olemosaic.com\/fr\/wp-json\/wp\/v2\/product_tag?post=34587"}],"curies":[{"name":"wp","href":"https:\/\/api.w.org\/{rel}","templated":true}]}}