{"id":34586,"date":"2025-02-20T23:36:23","date_gmt":"2025-02-20T22:36:23","guid":{"rendered":"http:\/\/olemosaic.com\/producto\/iman-de-resina-mariposa-barcelona-10-cm\/"},"modified":"2025-07-25T20:36:08","modified_gmt":"2025-07-25T18:36:08","slug":"aimant-en-resine-papillon-barcelone-10-cm","status":"publish","type":"product","link":"https:\/\/olemosaic.com\/fr\/produit\/aimant-en-resine-papillon-barcelone-10-cm\/","title":{"rendered":"Aimant en r\u00e9sine. Papillon. Barcelone. 10 cm."},"content":{"rendered":"<p>Aimant en r\u00e9sine en forme de l\u00e9zard, \u00e9voquant l&rsquo;art vibrant de Barcelone. Cet aimant color\u00e9 de 10 cm attire l&rsquo;attention par son design singulier, combinant des tons brillants de bleu, rouge, jaune et noir, refl\u00e9tant le riche h\u00e9ritage moderniste de la ville. L&rsquo;illustration d\u00e9licate sur chaque partie du l\u00e9zard int\u00e8gre des motifs ornementaux rappelant les c\u00e9l\u00e8bres mosa\u00efques de Gaud\u00ed, en faisant une pi\u00e8ce tr\u00e8s repr\u00e9sentative du patrimoine culturel catalan. Le mot \u00ab\u00a0Barcelone\u00a0\u00bb, \u00e9l\u00e9gamment int\u00e9gr\u00e9 au design, ajoute un caract\u00e8re distinctif et personnel \u00e0 l&rsquo;objet, en faisant un souvenir in\u00e9galable de la ville. Id\u00e9al pour d\u00e9corer toute surface m\u00e9tallique, cet aimant sert non seulement d&rsquo;accessoire pratique pour la maison, mais aussi de magnifique souvenir capturant l&rsquo;essence et l&rsquo;esprit cr\u00e9atif de la capitale catalane. Chez Ol\u00e9 Mosaic, sp\u00e9cialis\u00e9s dans la distribution de souvenirs en gros, nous proposons cet aimant l\u00e9zard comme une excellente option pour les boutiques de cadeaux touristiques recherchant des produits authentiques et culturels. Ce souvenir de Barcelone est le cadeau parfait pour ceux qui souhaitent emporter une partie de la riche tradition artistique de l&rsquo;Espagne.<\/p>\n","protected":false},"excerpt":{"rendered":"<p>Aimant en forme de papillon repr\u00e9sentant l&rsquo;essence vibrante de Barcelone. Cet aimant de 10 cm se distingue par son design color\u00e9 combinant des tons bleus, rouges et jaunes, \u00e9voquant les mosa\u00efques modernistes de la ville. Le mot \u00ab\u00a0Barcelone\u00a0\u00bb est \u00e9l\u00e9gamment int\u00e9gr\u00e9 au design, ajoutant une touche distinctive. Id\u00e9al pour d\u00e9corer le r\u00e9frig\u00e9rateur ou comme souvenir, cet aimant capture la beaut\u00e9 et l&rsquo;art de la capitale catalane.<\/p>\n","protected":false},"featured_media":9339,"template":"","meta":{"_acf_changed":false},"product_brand":[],"product_cat":[697],"product_tag":[530],"class_list":{"0":"post-34586","1":"product","2":"type-product","3":"status-publish","4":"has-post-thumbnail","6":"product_cat-aimants","7":"product_tag-animaux","8":"pa_ciudad-barcelona","9":"pa_motivo-papillons","10":"pa_pais-espana","12":"first","13":"instock","14":"shipping-taxable","15":"product-type-simple"},"acf":[],"_links":{"self":[{"href":"https:\/\/olemosaic.com\/fr\/wp-json\/wp\/v2\/product\/34586","targetHints":{"allow":["GET"]}}],"collection":[{"href":"https:\/\/olemosaic.com\/fr\/wp-json\/wp\/v2\/product"}],"about":[{"href":"https:\/\/olemosaic.com\/fr\/wp-json\/wp\/v2\/types\/product"}],"wp:featuredmedia":[{"embeddable":true,"href":"https:\/\/olemosaic.com\/fr\/wp-json\/wp\/v2\/media\/9339"}],"wp:attachment":[{"href":"https:\/\/olemosaic.com\/fr\/wp-json\/wp\/v2\/media?parent=34586"}],"wp:term":[{"taxonomy":"product_brand","embeddable":true,"href":"https:\/\/olemosaic.com\/fr\/wp-json\/wp\/v2\/product_brand?post=34586"},{"taxonomy":"product_cat","embeddable":true,"href":"https:\/\/olemosaic.com\/fr\/wp-json\/wp\/v2\/product_cat?post=34586"},{"taxonomy":"product_tag","embeddable":true,"href":"https:\/\/olemosaic.com\/fr\/wp-json\/wp\/v2\/product_tag?post=34586"}],"curies":[{"name":"wp","href":"https:\/\/api.w.org\/{rel}","templated":true}]}}