{"id":34573,"date":"2025-02-20T23:36:22","date_gmt":"2025-02-20T22:36:22","guid":{"rendered":"http:\/\/olemosaic.com\/producto\/iman-de-resina-toros-mallorca\/"},"modified":"2025-07-25T20:25:18","modified_gmt":"2025-07-25T18:25:18","slug":"aimant-resine-taureaux-majorque","status":"publish","type":"product","link":"https:\/\/olemosaic.com\/fr\/produit\/aimant-resine-taureaux-majorque\/","title":{"rendered":"Aimant en r\u00e9sine. Taureaux. Majorque."},"content":{"rendered":"<p>Aimant en r\u00e9sine avec un taureau color\u00e9 de Majorque. Ce souvenir attrayant pr\u00e9sente un design vibrant qui capture l&rsquo;essence de l&rsquo;iconique taureau, un symbole embl\u00e9matique de la culture espagnole, entour\u00e9 d&rsquo;une mosa\u00efque artistique qui \u00e9voque la beaut\u00e9 naturelle de l&rsquo;\u00eele. L&rsquo;aimant montre un taureau dans des tons brillants de vert, bleu et rouge, qui se d\u00e9tachent sur un fond de mosa\u00efque aux couleurs douces et iris\u00e9es. Le soleil radieux, repr\u00e9sent\u00e9 dans des tons jaunes et oranges, brille sur un paysage orn\u00e9 de d\u00e9licates fleurs rouges, cr\u00e9ant une atmosph\u00e8re joyeuse et chaleureuse. Le mot \u00ab\u00a0Mallorca\u00a0\u00bb appara\u00eet en lettres saillantes dans la partie inf\u00e9rieure, ajoutant une touche repr\u00e9sentative \u00e0 ce produit.<\/p>\n<p>Cet aimant en r\u00e9sine n&rsquo;est pas seulement un objet d\u00e9coratif, mais il symbolise \u00e9galement l&rsquo;esprit vibrant et festif de Majorque, en faisant le souvenir parfait pour ceux qui souhaitent ramener un morceau de l&rsquo;\u00eele chez eux. Son authenticit\u00e9 en tant que souvenir typique de Majorque souligne sa pertinence culturelle, capturant l&rsquo;essence de l&rsquo;h\u00e9ritage espagnol, qui comprend des traditions de tauromachie et un style artistique populaire appr\u00e9ci\u00e9. Chez Ol\u00e9 Mosaic, nous nous sp\u00e9cialisons dans la distribution de souvenirs en gros, offrant des produits authentiques comme cet aimant de taureau, id\u00e9aux pour les boutiques de cadeaux touristiques qui recherchent des articles de qualit\u00e9, originaux et charg\u00e9s d&rsquo;histoire.<\/p>\n","protected":false},"excerpt":{"rendered":"<p>Aimant au design vibrant repr\u00e9sentant un taureau, symbole iconique de la culture espagnole, dans une mosa\u00efque color\u00e9e qui \u00e9voque la beaut\u00e9 de Majorque. Ce souvenir attrayant pr\u00e9sente un soleil radieux et un paysage orn\u00e9 de fleurs rouges, mettant en valeur son style artistique. Le mot \u00ab\u00a0Mallorca\u00a0\u00bb imprim\u00e9 en lettres saillantes lui donne une touche repr\u00e9sentative, en faisant une option id\u00e9ale pour ramener un morceau de l&rsquo;\u00eele chez soi.<\/p>\n","protected":false},"featured_media":9532,"template":"","meta":{"_acf_changed":false},"product_brand":[],"product_cat":[697],"product_tag":[530],"class_list":{"0":"post-34573","1":"product","2":"type-product","3":"status-publish","4":"has-post-thumbnail","6":"product_cat-aimants","7":"product_tag-animaux","8":"pa_ciudad-mallorca","9":"pa_motivo-taureaux","10":"pa_pais-espana","12":"first","13":"instock","14":"shipping-taxable","15":"product-type-simple"},"acf":[],"_links":{"self":[{"href":"https:\/\/olemosaic.com\/fr\/wp-json\/wp\/v2\/product\/34573","targetHints":{"allow":["GET"]}}],"collection":[{"href":"https:\/\/olemosaic.com\/fr\/wp-json\/wp\/v2\/product"}],"about":[{"href":"https:\/\/olemosaic.com\/fr\/wp-json\/wp\/v2\/types\/product"}],"wp:featuredmedia":[{"embeddable":true,"href":"https:\/\/olemosaic.com\/fr\/wp-json\/wp\/v2\/media\/9532"}],"wp:attachment":[{"href":"https:\/\/olemosaic.com\/fr\/wp-json\/wp\/v2\/media?parent=34573"}],"wp:term":[{"taxonomy":"product_brand","embeddable":true,"href":"https:\/\/olemosaic.com\/fr\/wp-json\/wp\/v2\/product_brand?post=34573"},{"taxonomy":"product_cat","embeddable":true,"href":"https:\/\/olemosaic.com\/fr\/wp-json\/wp\/v2\/product_cat?post=34573"},{"taxonomy":"product_tag","embeddable":true,"href":"https:\/\/olemosaic.com\/fr\/wp-json\/wp\/v2\/product_tag?post=34573"}],"curies":[{"name":"wp","href":"https:\/\/api.w.org\/{rel}","templated":true}]}}