{"id":34572,"date":"2025-02-20T23:36:22","date_gmt":"2025-02-20T22:36:22","guid":{"rendered":"http:\/\/olemosaic.com\/producto\/iman-de-resina-salamandra-y-flores-mallorca\/"},"modified":"2025-07-26T00:11:51","modified_gmt":"2025-07-25T22:11:51","slug":"aimant-resine-salamandre-et-fleurs-majorque","status":"publish","type":"product","link":"https:\/\/olemosaic.com\/fr\/produit\/aimant-resine-salamandre-et-fleurs-majorque\/","title":{"rendered":"Aimant en r\u00e9sine. Salamandre et fleurs. Majorque."},"content":{"rendered":"<p>Aimant en r\u00e9sine de salamandres et fleurs de Majorque<\/p>\n<p>Cet aimant en r\u00e9sine de Majorque est une repr\u00e9sentation authentique de la beaut\u00e9 et des couleurs de l&rsquo;\u00eele des Bal\u00e9ares, id\u00e9al pour attirer l&rsquo;attention de ceux qui recherchent des souvenirs uniques. Avec un design semi-circulaire, cet objet d\u00e9coratif se distingue par sa technique de mosa\u00efque exquise, qui combine une palette de couleurs vibrantes comme le rouge, le bleu, le jaune et le vert sur un fond blanc \u00e9l\u00e9gant. La pi\u00e8ce pr\u00e9sente deux sympathiques salamandres, dont les formes et les dessins dans des tons brillants \u00e9voquent la biodiversit\u00e9 de la r\u00e9gion, entour\u00e9es de fleurs color\u00e9es qui compl\u00e8tent l&rsquo;image et apportent une touche joyeuse et festive.<\/p>\n<p>L&rsquo;aimant inclut \u00e9galement le mot \u00ab\u00a0MALLORCA\u00a0\u00bb en lettres frappantes, ce qui r\u00e9affirme sa connexion avec l&rsquo;\u00eele et permet, \u00e0 chaque fois qu&rsquo;on le regarde, de revivre les souvenirs d&rsquo;un voyage inoubliable. Ce souvenir n&rsquo;est pas seulement un excellent moyen de se souvenir d&rsquo;une visite \u00e0 Majorque, mais il rend \u00e9galement hommage \u00e0 la culture locale, o\u00f9 les salamandres sont des symboles de chance et sont int\u00e9gr\u00e9es au folklore de la r\u00e9gion.<\/p>\n<p>Chez Ol\u00e9 Mosaic, nous nous sp\u00e9cialisons dans la distribution de souvenirs en gros, et cet aimant en r\u00e9sine devient une excellente option pour les boutiques de cadeaux touristiques qui cherchent \u00e0 proposer des produits authentiques et de qualit\u00e9. Chaque aimant est une pi\u00e8ce unique qui refl\u00e8te l&rsquo;essence de la culture majorquine, devenant un souvenir parfait pour ceux qui souhaitent emporter un petit morceau de Majorque chez eux.<\/p>\n","protected":false},"excerpt":{"rendered":"<p>Aimant au design color\u00e9 repr\u00e9sentant l&rsquo;essence de Majorque : deux sympathiques salamandres entour\u00e9es de fleurs vibrantes. Cet aimant, de forme semi-circulaire, se distingue par sa technique de mosa\u00efque, combinant des tons vifs comme le rouge, le bleu, le jaune et le vert sur un fond blanc. Les salamandres, avec leurs dessins caract\u00e9ristiques aux couleurs brillantes, ajoutent une touche ludique \u00e0 la d\u00e9coration, tandis que le mot \u00ab\u00a0MALLORCA\u00a0\u00bb ressort avec des lettres frappantes dans la partie centrale, id\u00e9al pour se souvenir d&rsquo;un voyage sur cette belle \u00eele.<\/p>\n","protected":false},"featured_media":9530,"template":"","meta":{"_acf_changed":false},"product_brand":[],"product_cat":[697],"product_tag":[530],"class_list":{"0":"post-34572","1":"product","2":"type-product","3":"status-publish","4":"has-post-thumbnail","6":"product_cat-aimants","7":"product_tag-animaux","8":"pa_ciudad-mallorca","9":"pa_motivo-salamandres","10":"pa_pais-espana","12":"first","13":"instock","14":"shipping-taxable","15":"product-type-simple"},"acf":[],"_links":{"self":[{"href":"https:\/\/olemosaic.com\/fr\/wp-json\/wp\/v2\/product\/34572","targetHints":{"allow":["GET"]}}],"collection":[{"href":"https:\/\/olemosaic.com\/fr\/wp-json\/wp\/v2\/product"}],"about":[{"href":"https:\/\/olemosaic.com\/fr\/wp-json\/wp\/v2\/types\/product"}],"wp:featuredmedia":[{"embeddable":true,"href":"https:\/\/olemosaic.com\/fr\/wp-json\/wp\/v2\/media\/9530"}],"wp:attachment":[{"href":"https:\/\/olemosaic.com\/fr\/wp-json\/wp\/v2\/media?parent=34572"}],"wp:term":[{"taxonomy":"product_brand","embeddable":true,"href":"https:\/\/olemosaic.com\/fr\/wp-json\/wp\/v2\/product_brand?post=34572"},{"taxonomy":"product_cat","embeddable":true,"href":"https:\/\/olemosaic.com\/fr\/wp-json\/wp\/v2\/product_cat?post=34572"},{"taxonomy":"product_tag","embeddable":true,"href":"https:\/\/olemosaic.com\/fr\/wp-json\/wp\/v2\/product_tag?post=34572"}],"curies":[{"name":"wp","href":"https:\/\/api.w.org\/{rel}","templated":true}]}}