{"id":34571,"date":"2025-02-20T23:36:22","date_gmt":"2025-02-20T22:36:22","guid":{"rendered":"http:\/\/olemosaic.com\/producto\/iman-de-resina-flores-mallorca-10-cm\/"},"modified":"2025-07-25T19:54:48","modified_gmt":"2025-07-25T17:54:48","slug":"aimant-resine-fleurs-majorque-10-cm","status":"publish","type":"product","link":"https:\/\/olemosaic.com\/fr\/produit\/aimant-resine-fleurs-majorque-10-cm\/","title":{"rendered":"Aimant en r\u00e9sine. Fleurs. Majorque. 10 cm."},"content":{"rendered":"<p>Aimant en r\u00e9sine de Majorque avec un design de l\u00e9zard color\u00e9<\/p>\n<p>Cet aimant en r\u00e9sine de 10 cm, d\u00e9cor\u00e9 d&rsquo;un design vibrant d&rsquo;un l\u00e9zard typique de Majorque, est parfait pour ramener un petit morceau de la belle \u00eele chez vous. Sa riche palette de couleurs comprend des tons rouges, jaunes, verts et bleus, stylis\u00e9s dans un motif floral qui lui donne un air festif et joyeux. Au centre, le mot \u00ab\u00a0MALLORCA\u00a0\u00bb appara\u00eet \u00e9crit avec une typographie \u00e9l\u00e9gante, capturant l&rsquo;essence et la culture de l&rsquo;\u00eele m\u00e9diterran\u00e9enne. Ce souvenir attrayant est bien plus qu&rsquo;une simple d\u00e9coration ; son design refl\u00e8te la biodiversit\u00e9 de Majorque, o\u00f9 le l\u00e9zard est l&rsquo;un des symboles de la faune locale.<\/p>\n<p>L&rsquo;aimant, avec une finition brillante et robuste, est id\u00e9al pour orner toute surface m\u00e9tallique, des r\u00e9frig\u00e9rateurs aux tableaux blancs, et devient un souvenir visuel du charme de Majorque. Il repr\u00e9sente l&rsquo;authenticit\u00e9 des souvenirs de l&rsquo;\u00eele, \u00e9tant une excellente id\u00e9e pour les touristes \u00e0 la recherche d&rsquo;un souvenir unique et caract\u00e9ristique. Chez Ol\u00e9 Mosaic, votre distributeur de souvenirs en gros, nous garantissons des produits de qualit\u00e9 qui mettent en valeur l&rsquo;identit\u00e9 culturelle et la beaut\u00e9 de chaque r\u00e9gion. Cet aimant est un ajout id\u00e9al pour les boutiques de cadeaux touristiques qui souhaitent proposer des articles repr\u00e9sentatifs et authentiques.<\/p>\n","protected":false},"excerpt":{"rendered":"<p>Aimant de 10 cm, d\u00e9cor\u00e9 d&rsquo;un design vibrant d&rsquo;un l\u00e9zard typique de Majorque. Cet aimant attrayant pr\u00e9sente une riche palette de couleurs avec des tons rouges, jaunes, verts et bleus, dispos\u00e9s dans un motif floral stylis\u00e9. Le mot \u00ab\u00a0MALLORCA\u00a0\u00bb, avec une typographie \u00e9l\u00e9gante, se d\u00e9tache au centre, capturant l&rsquo;essence de l&rsquo;\u00eele. Id\u00e9al pour d\u00e9corer n&rsquo;importe quel espace et se souvenir de la beaut\u00e9 de Majorque.<\/p>\n","protected":false},"featured_media":9527,"template":"","meta":{"_acf_changed":false},"product_brand":[],"product_cat":[697],"product_tag":[],"class_list":{"0":"post-34571","1":"product","2":"type-product","3":"status-publish","4":"has-post-thumbnail","6":"product_cat-aimants","7":"pa_ciudad-mallorca","8":"pa_motivo-fleurs","9":"pa_pais-espana","11":"first","12":"instock","13":"shipping-taxable","14":"product-type-simple"},"acf":[],"_links":{"self":[{"href":"https:\/\/olemosaic.com\/fr\/wp-json\/wp\/v2\/product\/34571","targetHints":{"allow":["GET"]}}],"collection":[{"href":"https:\/\/olemosaic.com\/fr\/wp-json\/wp\/v2\/product"}],"about":[{"href":"https:\/\/olemosaic.com\/fr\/wp-json\/wp\/v2\/types\/product"}],"wp:featuredmedia":[{"embeddable":true,"href":"https:\/\/olemosaic.com\/fr\/wp-json\/wp\/v2\/media\/9527"}],"wp:attachment":[{"href":"https:\/\/olemosaic.com\/fr\/wp-json\/wp\/v2\/media?parent=34571"}],"wp:term":[{"taxonomy":"product_brand","embeddable":true,"href":"https:\/\/olemosaic.com\/fr\/wp-json\/wp\/v2\/product_brand?post=34571"},{"taxonomy":"product_cat","embeddable":true,"href":"https:\/\/olemosaic.com\/fr\/wp-json\/wp\/v2\/product_cat?post=34571"},{"taxonomy":"product_tag","embeddable":true,"href":"https:\/\/olemosaic.com\/fr\/wp-json\/wp\/v2\/product_tag?post=34571"}],"curies":[{"name":"wp","href":"https:\/\/api.w.org\/{rel}","templated":true}]}}