{"id":34567,"date":"2025-02-20T23:36:21","date_gmt":"2025-02-20T22:36:21","guid":{"rendered":"http:\/\/olemosaic.com\/producto\/iman-de-resina-salamandra-y-flores-barcelona-75-cm\/"},"modified":"2025-07-25T19:54:58","modified_gmt":"2025-07-25T17:54:58","slug":"aimant-resine-salamandre-et-fleurs-barcelone-7-5-cm","status":"publish","type":"product","link":"https:\/\/olemosaic.com\/fr\/produit\/aimant-resine-salamandre-et-fleurs-barcelone-7-5-cm\/","title":{"rendered":"Aimant en r\u00e9sine. Salamandre et fleurs. Barcelone. 7,5 cm."},"content":{"rendered":"<p>Aimant en r\u00e9sine de 7,5 cm avec une illustration vibrante de deux salamandres qui capturent l&rsquo;essence artistique de Barcelone. Ce souvenir attrayant, marqu\u00e9 par ses couleurs vives, parmi lesquelles se distinguent le rouge, le bleu et le vert, est compl\u00e9t\u00e9 par un splendide fond de mosa\u00efque florale dans des tons jaunes et fuchsia, \u00e9voquant le c\u00e9l\u00e8bre style trencad\u00eds qui caract\u00e9rise l&rsquo;\u0153uvre du c\u00e9l\u00e8bre architecte Antoni Gaud\u00ed. Les salamandres, symbole de cr\u00e9ativit\u00e9 et de transformation, sont encadr\u00e9es dans un design qui rappelle les fa\u00e7ades color\u00e9es de la ville, faisant de cet aimant une pi\u00e8ce repr\u00e9sentative de la culture locale.<\/p>\n<p>Avec le nom \u00ab\u00a0Barcelone\u00a0\u00bb en lettres saillantes, cet aimant est une option parfaite pour d\u00e9corer n&rsquo;importe quel espace, ainsi qu&rsquo;un rappel constant de la magie et de l&rsquo;inspiration de cette ville. C&rsquo;est un souvenir authentique qui encapsule la fusion de la nature et de l&rsquo;architecture caract\u00e9ristique de la r\u00e9gion.<\/p>\n<p>Chez Ol\u00e9 Mosaic, nous sommes sp\u00e9cialistes de la distribution de souvenirs en gros, offrant des produits qui mettent en valeur l&rsquo;h\u00e9ritage culturel de l&rsquo;Espagne. Cet aimant de salamandre est un excellent choix pour les boutiques de cadeaux touristiques \u00e0 la recherche d&rsquo;articles uniques avec une forte valeur repr\u00e9sentative. C&rsquo;est sans aucun doute un cadeau id\u00e9al pour les touristes qui souhaitent ramener un morceau de Barcelone chez eux.<\/p>\n","protected":false},"excerpt":{"rendered":"<p>Aimant de 7,5 cm, d\u00e9cor\u00e9 d&rsquo;une illustration color\u00e9e de deux salamandres sur un fond de mosa\u00efque florale, repr\u00e9sentant l&rsquo;essence vibrante de Barcelone. Cet aimant attrayant se distingue par ses motifs aux tons vifs, comme le rouge, le bleu et le vert, ainsi que des fleurs en jaune et fuchsia, \u00e9voquant le c\u00e9l\u00e8bre style trencad\u00eds. Avec le texte \u00ab\u00a0Barcelone\u00a0\u00bb en lettres relief, c&rsquo;est un souvenir charmant qui capture la cr\u00e9ativit\u00e9 et l&rsquo;art de la ville.<\/p>\n","protected":false},"featured_media":9318,"template":"","meta":{"_acf_changed":false},"product_brand":[],"product_cat":[697],"product_tag":[530],"class_list":{"0":"post-34567","1":"product","2":"type-product","3":"status-publish","4":"has-post-thumbnail","6":"product_cat-aimants","7":"product_tag-animaux","8":"pa_ciudad-barcelona","9":"pa_motivo-salamandres","10":"pa_pais-espana","12":"first","13":"instock","14":"shipping-taxable","15":"product-type-simple"},"acf":[],"_links":{"self":[{"href":"https:\/\/olemosaic.com\/fr\/wp-json\/wp\/v2\/product\/34567","targetHints":{"allow":["GET"]}}],"collection":[{"href":"https:\/\/olemosaic.com\/fr\/wp-json\/wp\/v2\/product"}],"about":[{"href":"https:\/\/olemosaic.com\/fr\/wp-json\/wp\/v2\/types\/product"}],"wp:featuredmedia":[{"embeddable":true,"href":"https:\/\/olemosaic.com\/fr\/wp-json\/wp\/v2\/media\/9318"}],"wp:attachment":[{"href":"https:\/\/olemosaic.com\/fr\/wp-json\/wp\/v2\/media?parent=34567"}],"wp:term":[{"taxonomy":"product_brand","embeddable":true,"href":"https:\/\/olemosaic.com\/fr\/wp-json\/wp\/v2\/product_brand?post=34567"},{"taxonomy":"product_cat","embeddable":true,"href":"https:\/\/olemosaic.com\/fr\/wp-json\/wp\/v2\/product_cat?post=34567"},{"taxonomy":"product_tag","embeddable":true,"href":"https:\/\/olemosaic.com\/fr\/wp-json\/wp\/v2\/product_tag?post=34567"}],"curies":[{"name":"wp","href":"https:\/\/api.w.org\/{rel}","templated":true}]}}