{"id":34566,"date":"2025-02-20T23:36:21","date_gmt":"2025-02-20T22:36:21","guid":{"rendered":"http:\/\/olemosaic.com\/producto\/iman-de-resina-bailaora-madrid-75-cm\/"},"modified":"2025-07-25T18:55:08","modified_gmt":"2025-07-25T16:55:08","slug":"aimant-resine-danseuse-flamenco-madrid-7-5-cm","status":"publish","type":"product","link":"https:\/\/olemosaic.com\/fr\/produit\/aimant-resine-danseuse-flamenco-madrid-7-5-cm\/","title":{"rendered":"Aimant en r\u00e9sine. Danseuse de flamenco. Madrid. 7,5 cm."},"content":{"rendered":"<p>Aimant en r\u00e9sine de 7,5 cm inspir\u00e9 du flamenco madril\u00e8ne. Ce souvenir attrayant pr\u00e9sente deux danseuses de flamenco avec des costumes \u00e0 volants vibrants, capturant l&rsquo;essence de la danse espagnole la plus embl\u00e9matique. Chaque figurine est \u00e9labor\u00e9e avec un design artistique utilisant des couleurs vives comme le rouge, le bleu et le jaune, symbolisant la joie et la passion qui caract\u00e9risent le flamenco. Les danseuses, dans des postures dynamiques, refl\u00e8tent le mouvement et la gr\u00e2ce de cet art, tandis que le fond en mosa\u00efque ajoute une touche distinctive qui \u00e9voque l&rsquo;architecture de la capitale espagnole.<\/p>\n<p>Cet aimant n&rsquo;est pas seulement un objet d\u00e9coratif, mais un souvenir significatif qui relie le touriste \u00e0 la riche culture de Madrid. La tradition flamenca, partie int\u00e9grante de l&rsquo;identit\u00e9 espagnole, devient une exp\u00e9rience palpable \u00e0 travers ce souvenir. Chez Ol\u00e9 Mosaic, nous proposons une large gamme de souvenirs culturels de haute qualit\u00e9, id\u00e9aux pour ceux qui recherchent un morceau d&rsquo;Espagne. Cet aimant en r\u00e9sine est parfait pour les boutiques de cadeaux touristiques souhaitant offrir \u00e0 leurs clients un petit bout de la vie vibrante de Madrid, soulignant son authenticit\u00e9 et sa connexion culturelle comme un souvenir repr\u00e9sentatif de la ville.<\/p>\n","protected":false},"excerpt":{"rendered":"<p>Aimant de 7,5 cm inspir\u00e9 du flamenco madril\u00e8ne, repr\u00e9sentant deux danseuses avec leurs costumes \u00e0 volants vibrants. Le design, qui utilise des couleurs vives comme le rouge, le bleu et le jaune, souligne la joie et la passion de cette danse. Les figurines, sur un fond de mosa\u00efque, capturent le mouvement et la gr\u00e2ce du flamenco, avec une touche artistique qui c\u00e9l\u00e8bre la culture espagnole. Parfait pour se souvenir de l&rsquo;essence de Madrid.<\/p>\n","protected":false},"featured_media":13828,"template":"","meta":{"_acf_changed":false},"product_brand":[],"product_cat":[697],"product_tag":[],"class_list":{"0":"post-34566","1":"product","2":"type-product","3":"status-publish","4":"has-post-thumbnail","6":"product_cat-aimants","7":"pa_ciudad-madrid","8":"pa_motivo-danseurs","9":"pa_pais-espana","11":"first","12":"instock","13":"shipping-taxable","14":"product-type-simple"},"acf":[],"_links":{"self":[{"href":"https:\/\/olemosaic.com\/fr\/wp-json\/wp\/v2\/product\/34566","targetHints":{"allow":["GET"]}}],"collection":[{"href":"https:\/\/olemosaic.com\/fr\/wp-json\/wp\/v2\/product"}],"about":[{"href":"https:\/\/olemosaic.com\/fr\/wp-json\/wp\/v2\/types\/product"}],"wp:featuredmedia":[{"embeddable":true,"href":"https:\/\/olemosaic.com\/fr\/wp-json\/wp\/v2\/media\/13828"}],"wp:attachment":[{"href":"https:\/\/olemosaic.com\/fr\/wp-json\/wp\/v2\/media?parent=34566"}],"wp:term":[{"taxonomy":"product_brand","embeddable":true,"href":"https:\/\/olemosaic.com\/fr\/wp-json\/wp\/v2\/product_brand?post=34566"},{"taxonomy":"product_cat","embeddable":true,"href":"https:\/\/olemosaic.com\/fr\/wp-json\/wp\/v2\/product_cat?post=34566"},{"taxonomy":"product_tag","embeddable":true,"href":"https:\/\/olemosaic.com\/fr\/wp-json\/wp\/v2\/product_tag?post=34566"}],"curies":[{"name":"wp","href":"https:\/\/api.w.org\/{rel}","templated":true}]}}