{"id":34560,"date":"2025-02-20T23:36:20","date_gmt":"2025-02-20T22:36:20","guid":{"rendered":"http:\/\/olemosaic.com\/producto\/iman-de-resina-salamandra-12-cm-2\/"},"modified":"2025-07-25T19:43:06","modified_gmt":"2025-07-25T17:43:06","slug":"aimant-resine-salamandre-12-cm-2","status":"publish","type":"product","link":"https:\/\/olemosaic.com\/fr\/produit\/aimant-resine-salamandre-12-cm-2\/","title":{"rendered":"Aimant en r\u00e9sine. Salamandre. Azulejos. 12 cm."},"content":{"rendered":"<p>Aimant en r\u00e9sine en forme de salamandre de 12 cm. Cet aimant vibrant capture l&rsquo;essence de l&rsquo;art et de la faune m\u00e9diterran\u00e9enne, avec un design m\u00e9ticuleusement inspir\u00e9 des azulejos typiques de la culture espagnole. D&rsquo;une taille de 12 cm, la salamandre est d\u00e9cor\u00e9e d&rsquo;un charmant motif de mosa\u00efque combinant des couleurs intenses telles que le bleu, le vert, le jaune et le rouge, cr\u00e9ant une pi\u00e8ce visuellement frappante et pleine de vie. Chaque d\u00e9tail de son design souligne le savoir-faire artisanal qui caract\u00e9rise les souvenirs d&rsquo;Espagne, en faisant un excellent ornement pour la maison ou un cadeau pour ceux qui souhaitent emporter un morceau de la M\u00e9diterran\u00e9e. La salamandre, symbole de fertilit\u00e9 et de renouveau dans diverses cultures, ajoute une signification particuli\u00e8re \u00e0 ce souvenir, le rendant encore plus significatif. Cet aimant est parfait pour les touristes \u00e0 la recherche de souvenirs authentiques refl\u00e9tant le riche h\u00e9ritage culturel de l&rsquo;Espagne. Chez Ol\u00e9 Mosaic, en tant que grossiste de souvenirs, nous proposons des produits qui se distinguent par leur qualit\u00e9 et leur authenticit\u00e9, garantissant que chaque pi\u00e8ce, comme cet aimant en r\u00e9sine de salamandre, soit un souvenir repr\u00e9sentatif et inoubliable de leur visite.<\/p>\n","protected":false},"excerpt":{"rendered":"<p>Aimant en forme de salamandre, de 12 cm. Cet aimant color\u00e9 pr\u00e9sente un design inspir\u00e9 des azulejos typiques de la culture espagnole, avec une vari\u00e9t\u00e9 de couleurs vibrantes comme les bleus, les verts, les jaunes et les rouges. La salamandre est m\u00e9ticuleusement d\u00e9cor\u00e9e d&rsquo;un motif de mosa\u00efque, ce qui lui conf\u00e8re un attrait visuel unique. Il est parfait comme souvenir ou d\u00e9coration pour n&rsquo;importe quel espace, capturant l&rsquo;essence de l&rsquo;art et de la faune m\u00e9diterran\u00e9enne.<\/p>\n","protected":false},"featured_media":9258,"template":"","meta":{"_acf_changed":false},"product_brand":[],"product_cat":[697],"product_tag":[530],"class_list":{"0":"post-34560","1":"product","2":"type-product","3":"status-publish","4":"has-post-thumbnail","6":"product_cat-aimants","7":"product_tag-animaux","8":"pa_motivo-salamandres","10":"first","11":"instock","12":"shipping-taxable","13":"product-type-simple"},"acf":[],"_links":{"self":[{"href":"https:\/\/olemosaic.com\/fr\/wp-json\/wp\/v2\/product\/34560","targetHints":{"allow":["GET"]}}],"collection":[{"href":"https:\/\/olemosaic.com\/fr\/wp-json\/wp\/v2\/product"}],"about":[{"href":"https:\/\/olemosaic.com\/fr\/wp-json\/wp\/v2\/types\/product"}],"wp:featuredmedia":[{"embeddable":true,"href":"https:\/\/olemosaic.com\/fr\/wp-json\/wp\/v2\/media\/9258"}],"wp:attachment":[{"href":"https:\/\/olemosaic.com\/fr\/wp-json\/wp\/v2\/media?parent=34560"}],"wp:term":[{"taxonomy":"product_brand","embeddable":true,"href":"https:\/\/olemosaic.com\/fr\/wp-json\/wp\/v2\/product_brand?post=34560"},{"taxonomy":"product_cat","embeddable":true,"href":"https:\/\/olemosaic.com\/fr\/wp-json\/wp\/v2\/product_cat?post=34560"},{"taxonomy":"product_tag","embeddable":true,"href":"https:\/\/olemosaic.com\/fr\/wp-json\/wp\/v2\/product_tag?post=34560"}],"curies":[{"name":"wp","href":"https:\/\/api.w.org\/{rel}","templated":true}]}}