{"id":34559,"date":"2025-02-20T23:36:20","date_gmt":"2025-02-20T22:36:20","guid":{"rendered":"http:\/\/olemosaic.com\/producto\/iman-de-resina-isla-menorca\/"},"modified":"2025-07-25T19:11:17","modified_gmt":"2025-07-25T17:11:17","slug":"aimant-resine-ile-minorque","status":"publish","type":"product","link":"https:\/\/olemosaic.com\/fr\/produit\/aimant-resine-ile-minorque\/","title":{"rendered":"Aimant en r\u00e9sine. \u00cele. Minorque."},"content":{"rendered":"<p>Aimant en r\u00e9sine en forme de carte de Minorque, un souvenir vibrant et color\u00e9 qui capture l&rsquo;essence de cette belle \u00eele des Bal\u00e9ares. Cet aimant se distingue par sa forme distinctive de l&rsquo;\u00eele, d\u00e9cor\u00e9 de motifs de l\u00e9zards accrocheurs aux tons brillants et de fleurs au design complexe qui \u00e9voquent la riche biodiversit\u00e9 de Minorque. Le mot \u00ab\u00a0Minorque\u00a0\u00bb est pr\u00e9sent\u00e9 en lettres vibrantes, ajoutant une touche joyeuse et dynamique qui souligne la l\u00e9g\u00e8ret\u00e9 et le charme de cette r\u00e9gion m\u00e9diterran\u00e9enne. Avec une base aux tons dor\u00e9s simulant le sable de ses plages, chaque aimant est une repr\u00e9sentation m\u00e9ticuleuse du paysage naturel et culturel de Minorque.<\/p>\n<p>Cet aimant n&rsquo;est pas seulement un objet d\u00e9coratif, mais un souvenir authentique qui c\u00e9l\u00e8bre le lien de Minorque avec son riche h\u00e9ritage culturel et son environnement naturel impressionnant. Id\u00e9al pour ceux qui souhaitent emporter un petit morceau de l&rsquo;\u00eele, ce souvenir est parfait pour les boutiques de cadeaux touristiques \u00e0 la recherche de produits refl\u00e9tant l&rsquo;authenticit\u00e9 et la beaut\u00e9 de leur r\u00e9gion. Chez Ol\u00e9 Mosaic, nous sommes des distributeurs de souvenirs en gros, et cet aimant en r\u00e9sine est une excellente option pour attirer les touristes qui souhaitent comm\u00e9morer leurs voyages avec un souvenir unique et repr\u00e9sentatif de Minorque.<\/p>\n","protected":false},"excerpt":{"rendered":"<p>Aimant en forme de carte de Minorque, d\u00e9cor\u00e9 de motifs de l\u00e9zards et de fleurs accrocheurs. Ce souvenir color\u00e9 pr\u00e9sente le mot \u00ab\u00a0Minorque\u00a0\u00bb imprim\u00e9 en lettres vibrantes, soulignant l&rsquo;essence de l&rsquo;\u00eele. Avec une base aux tons dor\u00e9s et des \u00e9l\u00e9ments artistiques tr\u00e8s d\u00e9taill\u00e9s, chaque aimant est une repr\u00e9sentation unique de la beaut\u00e9 naturelle et culturelle de Minorque, id\u00e9al pour se souvenir de son charme.<\/p>\n","protected":false},"featured_media":10429,"template":"","meta":{"_acf_changed":false},"product_brand":[],"product_cat":[697],"product_tag":[],"class_list":{"0":"post-34559","1":"product","2":"type-product","3":"status-publish","4":"has-post-thumbnail","6":"product_cat-aimants","7":"pa_ciudad-menorca","8":"pa_motivo-iles","9":"pa_pais-espana","11":"first","12":"instock","13":"shipping-taxable","14":"product-type-simple"},"acf":[],"_links":{"self":[{"href":"https:\/\/olemosaic.com\/fr\/wp-json\/wp\/v2\/product\/34559","targetHints":{"allow":["GET"]}}],"collection":[{"href":"https:\/\/olemosaic.com\/fr\/wp-json\/wp\/v2\/product"}],"about":[{"href":"https:\/\/olemosaic.com\/fr\/wp-json\/wp\/v2\/types\/product"}],"wp:featuredmedia":[{"embeddable":true,"href":"https:\/\/olemosaic.com\/fr\/wp-json\/wp\/v2\/media\/10429"}],"wp:attachment":[{"href":"https:\/\/olemosaic.com\/fr\/wp-json\/wp\/v2\/media?parent=34559"}],"wp:term":[{"taxonomy":"product_brand","embeddable":true,"href":"https:\/\/olemosaic.com\/fr\/wp-json\/wp\/v2\/product_brand?post=34559"},{"taxonomy":"product_cat","embeddable":true,"href":"https:\/\/olemosaic.com\/fr\/wp-json\/wp\/v2\/product_cat?post=34559"},{"taxonomy":"product_tag","embeddable":true,"href":"https:\/\/olemosaic.com\/fr\/wp-json\/wp\/v2\/product_tag?post=34559"}],"curies":[{"name":"wp","href":"https:\/\/api.w.org\/{rel}","templated":true}]}}