{"id":34553,"date":"2025-02-20T23:36:20","date_gmt":"2025-02-20T22:36:20","guid":{"rendered":"http:\/\/olemosaic.com\/producto\/iman-de-resina-patio-2\/"},"modified":"2025-07-25T18:54:34","modified_gmt":"2025-07-25T16:54:34","slug":"aimant-resine-patio-andalousie-2","status":"publish","type":"product","link":"https:\/\/olemosaic.com\/fr\/produit\/aimant-resine-patio-andalousie-2\/","title":{"rendered":"Aimant en r\u00e9sine. Patio. Andalousie."},"content":{"rendered":"<p>Aimant en r\u00e9sine en forme d&rsquo;\u00e9ventail, un souvenir \u00e9vocateur qui capture l&rsquo;ambiance festive de l&rsquo;Espagne. Cet aimant color\u00e9 \u00e9voque la joie et la vivacit\u00e9 de la culture andalouse. L&rsquo;illustration montre une sc\u00e8ne charmante dans un patio andalou, o\u00f9 deux danseurs de flamenco, v\u00eatus de costumes traditionnels et pleins de mouvement, dansent avec enthousiasme. La danseuse, avec une robe rouge \u00e0 pois, tient un \u00e9ventail qui compl\u00e8te sa tenue, tandis que son partenaire, v\u00eatu de blanc et de noir, refl\u00e8te l&rsquo;\u00e9l\u00e9gance du flamenco.<\/p>\n<p>Le fond de l&rsquo;aimant est orn\u00e9 d&rsquo;azulejos imitant la mosa\u00efque espagnole caract\u00e9ristique, flanqu\u00e9 de pots de fleurs color\u00e9s qui ajoutent une touche vibrante au design. Une guitare et une lanterne \u00e9voquent la musique et la chaleur des patios andalous, cr\u00e9ant une atmosph\u00e8re authentique et festive. Le mot \u00ab\u00a0Espa\u00f1a\u00a0\u00bb ressort en grandes lettres, faisant de cet aimant le souvenir parfait pour ceux qui souhaitent emporter un petit morceau de la culture espagnole.<\/p>\n<p>Ol\u00e9 Mosaic est fier de proposer cet aimant comme un souvenir de haute qualit\u00e9, id\u00e9al pour les boutiques de cadeaux touristiques souhaitant offrir des produits repr\u00e9sentatifs de l&rsquo;Espagne. Cet aimant en r\u00e9sine n&rsquo;est pas seulement une excellente option pour se souvenir d&rsquo;un voyage, il incarne \u00e9galement la richesse du patrimoine culturel espagnol.<\/p>\n","protected":false},"excerpt":{"rendered":"<p>Aimant en forme d&rsquo;\u00e9ventail, \u00e9voquant l&rsquo;ambiance festive de l&rsquo;Espagne. Cet aimant color\u00e9 pr\u00e9sente une sc\u00e8ne vibrante dans un patio andalou, o\u00f9 deux danseurs de flamenco, v\u00eatus de costumes traditionnels, dansent avec joie. Le fond est d\u00e9cor\u00e9 d&rsquo;azulejos de style mosa\u00efque, flanqu\u00e9 de pots de fleurs et d&rsquo;une guitare, des \u00e9l\u00e9ments qui rehaussent le charme culturel du sud de l&rsquo;Espagne. Comprend le mot \u00ab\u00a0Espa\u00f1a\u00a0\u00bb en lettres saillantes, ce qui en fait un souvenir parfait.<\/p>\n","protected":false},"featured_media":9351,"template":"","meta":{"_acf_changed":false},"product_brand":[],"product_cat":[697],"product_tag":[],"class_list":{"0":"post-34553","1":"product","2":"type-product","3":"status-publish","4":"has-post-thumbnail","6":"product_cat-aimants","7":"pa_motivo-cours-interieures","9":"first","10":"instock","11":"shipping-taxable","12":"product-type-simple"},"acf":[],"_links":{"self":[{"href":"https:\/\/olemosaic.com\/fr\/wp-json\/wp\/v2\/product\/34553","targetHints":{"allow":["GET"]}}],"collection":[{"href":"https:\/\/olemosaic.com\/fr\/wp-json\/wp\/v2\/product"}],"about":[{"href":"https:\/\/olemosaic.com\/fr\/wp-json\/wp\/v2\/types\/product"}],"wp:featuredmedia":[{"embeddable":true,"href":"https:\/\/olemosaic.com\/fr\/wp-json\/wp\/v2\/media\/9351"}],"wp:attachment":[{"href":"https:\/\/olemosaic.com\/fr\/wp-json\/wp\/v2\/media?parent=34553"}],"wp:term":[{"taxonomy":"product_brand","embeddable":true,"href":"https:\/\/olemosaic.com\/fr\/wp-json\/wp\/v2\/product_brand?post=34553"},{"taxonomy":"product_cat","embeddable":true,"href":"https:\/\/olemosaic.com\/fr\/wp-json\/wp\/v2\/product_cat?post=34553"},{"taxonomy":"product_tag","embeddable":true,"href":"https:\/\/olemosaic.com\/fr\/wp-json\/wp\/v2\/product_tag?post=34553"}],"curies":[{"name":"wp","href":"https:\/\/api.w.org\/{rel}","templated":true}]}}