{"id":34551,"date":"2025-02-20T23:36:20","date_gmt":"2025-02-20T22:36:20","guid":{"rendered":"http:\/\/olemosaic.com\/producto\/iman-de-resina-panoramica-barcelona-5\/"},"modified":"2025-07-25T19:27:30","modified_gmt":"2025-07-25T17:27:30","slug":"aimant-resine-panoramique-barcelone-5","status":"publish","type":"product","link":"https:\/\/olemosaic.com\/fr\/produit\/aimant-resine-panoramique-barcelone-5\/","title":{"rendered":"Aimant en r\u00e9sine. Panoramique. Gaud\u00ed. Barcelone."},"content":{"rendered":"<p>Aimant en r\u00e9sine avec une vue panoramique color\u00e9e de Barcelone. Cet aimant attrayant capture l&rsquo;essence vibrante de la ville m\u00e9diterran\u00e9enne, mettant en valeur ses monuments embl\u00e9matiques de mani\u00e8re artistique et visuellement captivante. Dans le design, on peut voir des repr\u00e9sentations iconiques telles que la majestueuse Sagrada Familia, l&#8217;embl\u00e9matique monument \u00e0 Colomb et les arches color\u00e9es des b\u00e2timents de Gaud\u00ed, le tout dans un style mosa\u00efque qui refl\u00e8te le riche h\u00e9ritage artistique de Barcelone. Le mot \u00ab\u00a0Barcelona\u00a0\u00bb appara\u00eet en \u00e9vidence \u00e0 la base, pr\u00e9sent\u00e9 dans des couleurs vibrantes qui \u00e9voquent l&rsquo;\u00e9nergie et le mysticisme de la ville.<\/p>\n<p>Cet aimant ne sert pas seulement de simple accessoire pour la maison, c&rsquo;est aussi un excellent souvenir qui offre un morceau de l&rsquo;histoire et de la culture de Barcelone. Il est parfait pour les touristes \u00e0 la recherche d&rsquo;un souvenir repr\u00e9sentatif de leur visite, ainsi qu&rsquo;un cadeau unique pour les amis et la famille. Son authenticit\u00e9 et son engagement envers l&rsquo;artisanat garantissent un produit de qualit\u00e9, id\u00e9al pour ceux qui recherchent des souvenirs de Barcelone. Chez Ol\u00e9 Mosaic, nous nous sp\u00e9cialisons dans la distribution de souvenirs en gros, et cet aimant en r\u00e9sine est un choix parfait pour les boutiques de cadeaux touristiques souhaitant proposer des pi\u00e8ces qui soulignent la beaut\u00e9 et le patrimoine culturel de l&rsquo;Espagne.<\/p>\n","protected":false},"excerpt":{"rendered":"<p>Aimant avec une vue panoramique color\u00e9e de Barcelone, capturant l&rsquo;essence de ses monuments les plus embl\u00e9matiques. Cet aimant attrayant comprend des repr\u00e9sentations de la Sagrada Familia, du monument \u00e0 Colomb et des b\u00e2timents color\u00e9s de Gaud\u00ed, le tout dans un design de mosa\u00efque riche en d\u00e9tails. Le mot \u00ab\u00a0Barcelona\u00a0\u00bb se d\u00e9tache \u00e0 la base avec des couleurs vibrantes, offrant un souvenir parfait de la ville m\u00e9diterran\u00e9enne. Id\u00e9al pour les amateurs d&rsquo;architecture et d&rsquo;art.<\/p>\n","protected":false},"featured_media":9357,"template":"","meta":{"_acf_changed":false},"product_brand":[],"product_cat":[697],"product_tag":[],"class_list":{"0":"post-34551","1":"product","2":"type-product","3":"status-publish","4":"has-post-thumbnail","6":"product_cat-aimants","7":"pa_ciudad-barcelona","8":"pa_motivo-panoramas","9":"pa_pais-espana","11":"first","12":"instock","13":"shipping-taxable","14":"product-type-simple"},"acf":[],"_links":{"self":[{"href":"https:\/\/olemosaic.com\/fr\/wp-json\/wp\/v2\/product\/34551","targetHints":{"allow":["GET"]}}],"collection":[{"href":"https:\/\/olemosaic.com\/fr\/wp-json\/wp\/v2\/product"}],"about":[{"href":"https:\/\/olemosaic.com\/fr\/wp-json\/wp\/v2\/types\/product"}],"wp:featuredmedia":[{"embeddable":true,"href":"https:\/\/olemosaic.com\/fr\/wp-json\/wp\/v2\/media\/9357"}],"wp:attachment":[{"href":"https:\/\/olemosaic.com\/fr\/wp-json\/wp\/v2\/media?parent=34551"}],"wp:term":[{"taxonomy":"product_brand","embeddable":true,"href":"https:\/\/olemosaic.com\/fr\/wp-json\/wp\/v2\/product_brand?post=34551"},{"taxonomy":"product_cat","embeddable":true,"href":"https:\/\/olemosaic.com\/fr\/wp-json\/wp\/v2\/product_cat?post=34551"},{"taxonomy":"product_tag","embeddable":true,"href":"https:\/\/olemosaic.com\/fr\/wp-json\/wp\/v2\/product_tag?post=34551"}],"curies":[{"name":"wp","href":"https:\/\/api.w.org\/{rel}","templated":true}]}}