{"id":34549,"date":"2025-02-20T23:36:19","date_gmt":"2025-02-20T22:36:19","guid":{"rendered":"http:\/\/olemosaic.com\/producto\/iman-de-resina-punt-de-trobada-barcelona-6-cm\/"},"modified":"2025-07-25T19:08:29","modified_gmt":"2025-07-25T17:08:29","slug":"aimant-resine-punt-de-trobada-barcelone-6-cm","status":"publish","type":"product","link":"https:\/\/olemosaic.com\/fr\/produit\/aimant-resine-punt-de-trobada-barcelone-6-cm\/","title":{"rendered":"Aimant en r\u00e9sine. Punt de trobada. Barcelone. 6 cm."},"content":{"rendered":"<p>Aimant en r\u00e9sine \u00ab\u00a0Punt de Trobada\u00a0\u00bb de Barcelone. Cet aimant vibrant de 6 cm est une repr\u00e9sentation unique de l&#8217;embl\u00e9matique mosa\u00efque qui orne les places de la ville, capturant l&rsquo;essence du modernisme catalan. Avec un design affichant une explosion de couleurs \u2014 rouges, jaunes, bleus et verts \u2014, cet aimant est non seulement fonctionnel, mais aussi un \u00e9l\u00e9ment d\u00e9coratif attrayant. Le mot \u00ab\u00a0Barcelona\u00a0\u00bb est pr\u00e9sent\u00e9 de mani\u00e8re dynamique au centre, soulignant son caract\u00e8re distinctif et festif. La mosa\u00efque, inspir\u00e9e de l&rsquo;\u0153uvre du c\u00e9l\u00e8bre artiste Antoni Gaud\u00ed, symbolise la cr\u00e9ativit\u00e9 et la vie artistique qui fleurissent dans cette ville. Les d\u00e9tails qui composent l&rsquo;espace blanc semblent danser tout autour, \u00e9voquant l&rsquo;\u00e9nergie et le dynamisme des rues de Barcelone, ce qui en fait un excellent souvenir. Parfait pour emporter un pr\u00e9cieux souvenir de cette m\u00e9tropole vibrante, cet aimant est un choix id\u00e9al pour les touristes souhaitant ramener chez eux un morceau de la riche culture catalane. Chez Ol\u00e9 Mosaic, en tant que distributeurs de souvenirs de qualit\u00e9, nous proposons des produits authentiques qui refl\u00e8tent l&rsquo;essence de chaque r\u00e9gion, et cet aimant en r\u00e9sine est un choix remarquable pour toute boutique de cadeaux touristiques.<\/p>\n","protected":false},"excerpt":{"rendered":"<p>Aimant de 6 cm, inspir\u00e9 du c\u00e9l\u00e8bre \u00ab\u00a0Punt de Trobada\u00a0\u00bb de Barcelone. Cet aimant attrayant pr\u00e9sente un design de mosa\u00efque vibrant, avec des couleurs telles que le rouge, le jaune, le bleu et le vert, \u00e9voquant le style moderniste catalan. Avec le mot \u00ab\u00a0Barcelona\u00a0\u00bb imprim\u00e9 de mani\u00e8re d\u00e9corative dans un style dynamique, cet objet est non seulement fonctionnel, mais aussi une pi\u00e8ce d\u00e9corative qui capture l&rsquo;essence artistique et culturelle de la ville. Id\u00e9al pour ramener un souvenir unique de Barcelone chez soi.<\/p>\n","protected":false},"featured_media":9314,"template":"","meta":{"_acf_changed":false},"product_brand":[],"product_cat":[697],"product_tag":[],"class_list":{"0":"post-34549","1":"product","2":"type-product","3":"status-publish","4":"has-post-thumbnail","6":"product_cat-aimants","7":"pa_ciudad-barcelona","8":"pa_motivo-punt-de-trobada","9":"pa_pais-espana","11":"first","12":"instock","13":"shipping-taxable","14":"product-type-simple"},"acf":[],"_links":{"self":[{"href":"https:\/\/olemosaic.com\/fr\/wp-json\/wp\/v2\/product\/34549","targetHints":{"allow":["GET"]}}],"collection":[{"href":"https:\/\/olemosaic.com\/fr\/wp-json\/wp\/v2\/product"}],"about":[{"href":"https:\/\/olemosaic.com\/fr\/wp-json\/wp\/v2\/types\/product"}],"wp:featuredmedia":[{"embeddable":true,"href":"https:\/\/olemosaic.com\/fr\/wp-json\/wp\/v2\/media\/9314"}],"wp:attachment":[{"href":"https:\/\/olemosaic.com\/fr\/wp-json\/wp\/v2\/media?parent=34549"}],"wp:term":[{"taxonomy":"product_brand","embeddable":true,"href":"https:\/\/olemosaic.com\/fr\/wp-json\/wp\/v2\/product_brand?post=34549"},{"taxonomy":"product_cat","embeddable":true,"href":"https:\/\/olemosaic.com\/fr\/wp-json\/wp\/v2\/product_cat?post=34549"},{"taxonomy":"product_tag","embeddable":true,"href":"https:\/\/olemosaic.com\/fr\/wp-json\/wp\/v2\/product_tag?post=34549"}],"curies":[{"name":"wp","href":"https:\/\/api.w.org\/{rel}","templated":true}]}}