{"id":34533,"date":"2025-02-20T23:36:19","date_gmt":"2025-02-20T22:36:19","guid":{"rendered":"http:\/\/olemosaic.com\/producto\/iman-de-resina-letrero-barcelona-11-cm-2\/"},"modified":"2025-07-25T19:54:48","modified_gmt":"2025-07-25T17:54:48","slug":"aimant-resine-enseigne-mosaique-gaudi-barcelone-11-cm","status":"publish","type":"product","link":"https:\/\/olemosaic.com\/fr\/produit\/aimant-resine-enseigne-mosaique-gaudi-barcelone-11-cm\/","title":{"rendered":"Aimant en r\u00e9sine. Enseigne. Mosa\u00efque. Gaud\u00ed. Barcelone. 11 cm."},"content":{"rendered":"<p>Aimant en r\u00e9sine \u00ab\u00a0Barcelona\u00a0\u00bb de 11 cm de long. Cette repr\u00e9sentation vibrante et color\u00e9e de l&rsquo;esth\u00e9tique iconique de la capitale catalane est parfaite pour ceux qui souhaitent emporter un morceau de cette ville fascinante. L&rsquo;aimant se distingue par son design en mosa\u00efque, qui rend hommage \u00e0 la c\u00e9l\u00e8bre \u0153uvre d&rsquo;Antoni Gaud\u00ed, connu pour ses couleurs exub\u00e9rantes et ses formes organiques qui ornent son architecture. Le fond pr\u00e9sente un motif g\u00e9om\u00e9trique dans les tons gris qui met en valeur la typographie frappante du mot \u00ab\u00a0Barcelona\u00a0\u00bb, peinte dans une palette de couleurs primaires \u2013 rouge, bleu, jaune et vert \u2013 qui \u00e9voquent l&rsquo;\u00e9nergie et la vitalit\u00e9 de la ville.<\/p>\n<p>La qualit\u00e9 de la r\u00e9sine garantit la durabilit\u00e9 du produit, permettant \u00e0 cet aimant de servir \u00e0 la fois de souvenir d&rsquo;une visite m\u00e9morable et d&rsquo;\u00e9l\u00e9ment d\u00e9coratif attrayant pour tout espace, qu&rsquo;il s&rsquo;agisse d&rsquo;un r\u00e9frig\u00e9rateur ou d&rsquo;un bureau. Ce souvenir typique de Barcelone est parfait pour les touristes qui souhaitent capturer l&rsquo;essence de la ville et la partager avec leurs amis et leur famille. Chez Ol\u00e9 Mosaic, en tant que grossistes de souvenirs de Barcelone, nous garantissons des produits authentiques qui repr\u00e9sentent la riche culture et le patrimoine de la r\u00e9gion, faisant de cet aimant un cadeau id\u00e9al pour les boutiques de cadeaux touristiques \u00e0 la recherche d&rsquo;articles de qualit\u00e9 et de pertinence culturelle.<\/p>\n","protected":false},"excerpt":{"rendered":"<p>Aimant avec l&rsquo;enseigne \u00ab\u00a0Barcelona\u00a0\u00bb, de 11 cm de long, pr\u00e9sentant un design vibrant et color\u00e9. Cet aimant reproduit l&rsquo;esth\u00e9tique iconique de la mosa\u00efque, avec sa riche palette de couleurs qui rehausse le charme de la ville. Sur un fond de formes g\u00e9om\u00e9triques dans les tons gris et avec une typographie frappante en couleurs primaires, c&rsquo;est un souvenir id\u00e9al de votre visite dans la capitale catalane ou un ornement parfait pour n&rsquo;importe quel espace.<\/p>\n","protected":false},"featured_media":9322,"template":"","meta":{"_acf_changed":false},"product_brand":[],"product_cat":[697],"product_tag":[],"class_list":{"0":"post-34533","1":"product","2":"type-product","3":"status-publish","4":"has-post-thumbnail","6":"product_cat-aimants","7":"pa_ciudad-barcelona","8":"pa_motivo-panneaux-villes","9":"pa_pais-espana","11":"first","12":"instock","13":"shipping-taxable","14":"product-type-simple"},"acf":[],"_links":{"self":[{"href":"https:\/\/olemosaic.com\/fr\/wp-json\/wp\/v2\/product\/34533","targetHints":{"allow":["GET"]}}],"collection":[{"href":"https:\/\/olemosaic.com\/fr\/wp-json\/wp\/v2\/product"}],"about":[{"href":"https:\/\/olemosaic.com\/fr\/wp-json\/wp\/v2\/types\/product"}],"wp:featuredmedia":[{"embeddable":true,"href":"https:\/\/olemosaic.com\/fr\/wp-json\/wp\/v2\/media\/9322"}],"wp:attachment":[{"href":"https:\/\/olemosaic.com\/fr\/wp-json\/wp\/v2\/media?parent=34533"}],"wp:term":[{"taxonomy":"product_brand","embeddable":true,"href":"https:\/\/olemosaic.com\/fr\/wp-json\/wp\/v2\/product_brand?post=34533"},{"taxonomy":"product_cat","embeddable":true,"href":"https:\/\/olemosaic.com\/fr\/wp-json\/wp\/v2\/product_cat?post=34533"},{"taxonomy":"product_tag","embeddable":true,"href":"https:\/\/olemosaic.com\/fr\/wp-json\/wp\/v2\/product_tag?post=34533"}],"curies":[{"name":"wp","href":"https:\/\/api.w.org\/{rel}","templated":true}]}}