{"id":34531,"date":"2025-02-20T23:36:19","date_gmt":"2025-02-20T22:36:19","guid":{"rendered":"http:\/\/olemosaic.com\/producto\/iman-de-resina-letrero-barcelona\/"},"modified":"2025-07-25T19:50:45","modified_gmt":"2025-07-25T17:50:45","slug":"aimant-resine-enseigne-barcelone","status":"publish","type":"product","link":"https:\/\/olemosaic.com\/fr\/produit\/aimant-resine-enseigne-barcelone\/","title":{"rendered":"Aimant en r\u00e9sine. Enseigne. Barcelone."},"content":{"rendered":"<p>Aimant en r\u00e9sine \u00ab\u00a0Barcelona\u00a0\u00bb<\/p>\n<p>Cet aimant en r\u00e9sine \u00ab\u00a0Barcelona\u00a0\u00bb est un souvenir vibrant et color\u00e9 qui capture l&rsquo;essence de cette ville embl\u00e9matique. Con\u00e7u avec une enseigne attrayante pr\u00e9sentant le nom \u00ab\u00a0Barcelona\u00a0\u00bb, ce souvenir se distingue par son utilisation vive de couleurs telles que le rouge, le bleu, le jaune et le vert, inspir\u00e9es des c\u00e9l\u00e8bres mosa\u00efques qui ornent les \u0153uvres d&rsquo;Antoni Gaud\u00ed, un \u00e9l\u00e9ment distinctif du patrimoine architectural de la ville. Les lettres, soigneusement \u00e9labor\u00e9es, sont dispos\u00e9es sur un fond c\u00e9ramique aux tons gris subtils, \u00e9voquant les carreaux de trencad\u00eds qui caract\u00e9risent de nombreux lieux embl\u00e9matiques de Barcelone, comme le Park G\u00fcell et la Casa Batll\u00f3.<\/p>\n<p>Cet aimant n&rsquo;est pas seulement un excellent moyen de d\u00e9corer votre r\u00e9frig\u00e9rateur, il sert \u00e9galement de rappel tangible de la culture barcelonaise vibrante et artistique. Parfait pour ceux qui souhaitent emporter avec eux un morceau de l&rsquo;histoire et de l&rsquo;art de la ville, ce souvenir est l&rsquo;option id\u00e9ale pour les touristes \u00e0 la recherche de souvenirs authentiques et repr\u00e9sentatifs. Chez Ol\u00e9 Mosaic, nous sommes fiers de proposer des souvenirs de qualit\u00e9 en gros, comme cet aimant qui refl\u00e8te l&rsquo;esth\u00e9tique unique de Barcelone et sa riche tradition culturelle. Un cadeau qui ravira \u00e0 coup s\u00fbr tout visiteur et qui soulignera son exp\u00e9rience dans cette ville merveilleuse.<\/p>\n","protected":false},"excerpt":{"rendered":"<p>Aimant avec une enseigne color\u00e9e mettant en avant le nom \u00ab\u00a0Barcelona\u00a0\u00bb. Ce souvenir attrayant pr\u00e9sente un design inspir\u00e9 des mosa\u00efques typiques de la ville, avec des lettres aux tons vibrants rouge, bleu, jaune et vert, dispos\u00e9es sur un fond c\u00e9ramique dans les tons gris. Id\u00e9al pour se souvenir de l&rsquo;essence de Barcelone, cet aimant est parfait pour orner votre r\u00e9frig\u00e9rateur et apporter une touche artistique et amusante \u00e0 n&rsquo;importe quel espace.<\/p>\n","protected":false},"featured_media":9289,"template":"","meta":{"_acf_changed":false},"product_brand":[],"product_cat":[697],"product_tag":[],"class_list":{"0":"post-34531","1":"product","2":"type-product","3":"status-publish","4":"has-post-thumbnail","6":"product_cat-aimants","7":"pa_ciudad-barcelona","8":"pa_motivo-panneaux-villes","9":"pa_pais-espana","11":"first","12":"instock","13":"shipping-taxable","14":"product-type-simple"},"acf":[],"_links":{"self":[{"href":"https:\/\/olemosaic.com\/fr\/wp-json\/wp\/v2\/product\/34531","targetHints":{"allow":["GET"]}}],"collection":[{"href":"https:\/\/olemosaic.com\/fr\/wp-json\/wp\/v2\/product"}],"about":[{"href":"https:\/\/olemosaic.com\/fr\/wp-json\/wp\/v2\/types\/product"}],"wp:featuredmedia":[{"embeddable":true,"href":"https:\/\/olemosaic.com\/fr\/wp-json\/wp\/v2\/media\/9289"}],"wp:attachment":[{"href":"https:\/\/olemosaic.com\/fr\/wp-json\/wp\/v2\/media?parent=34531"}],"wp:term":[{"taxonomy":"product_brand","embeddable":true,"href":"https:\/\/olemosaic.com\/fr\/wp-json\/wp\/v2\/product_brand?post=34531"},{"taxonomy":"product_cat","embeddable":true,"href":"https:\/\/olemosaic.com\/fr\/wp-json\/wp\/v2\/product_cat?post=34531"},{"taxonomy":"product_tag","embeddable":true,"href":"https:\/\/olemosaic.com\/fr\/wp-json\/wp\/v2\/product_tag?post=34531"}],"curies":[{"name":"wp","href":"https:\/\/api.w.org\/{rel}","templated":true}]}}