{"id":34529,"date":"2025-02-20T22:36:19","date_gmt":"2025-02-20T22:36:19","guid":{"rendered":"http:\/\/olemosaic.com\/producto\/iman-de-pvc-salamandra-barcelona\/"},"modified":"2025-07-25T19:31:05","modified_gmt":"2025-07-25T17:31:05","slug":"aimant-pvc-salamandre-barcelone","status":"publish","type":"product","link":"https:\/\/olemosaic.com\/fr\/produit\/aimant-pvc-salamandre-barcelone\/","title":{"rendered":"Aimant en PVC. Salamandre. Barcelone."},"content":{"rendered":"<p>Aimant en PVC en forme de salamandre vibrante, un hommage \u00e0 l&rsquo;iconique mosa\u00efque de Barcelone. Cet aimant color\u00e9 se distingue par son design complexe, o\u00f9 les tons verts, bleus et rouges se combinent pour reproduire l&rsquo;esth\u00e9tique unique des \u0153uvres d&rsquo;Antoni Gaud\u00ed, connu pour son utilisation de mosa\u00efques en c\u00e9ramique. La repr\u00e9sentation de la salamandre, symbole embl\u00e9matique du Park G\u00fcell, est enrichie par le mot \u00ab\u00a0Barcelona\u00a0\u00bb, qui s&rsquo;affiche sur le corps de l&rsquo;animal, capturant instantan\u00e9ment l&rsquo;essence ludique de cette ville m\u00e9diterran\u00e9enne.<\/p>\n<p>Fabriqu\u00e9 en PVC, cet aimant est non seulement r\u00e9sistant, mais aussi l\u00e9ger, ce qui en fait un souvenir id\u00e9al \u00e0 rapporter chez soi apr\u00e8s une visite inoubliable. Son design artistique et color\u00e9 \u00e9gaye non seulement toute surface m\u00e9tallique, mais \u00e9voque \u00e9galement la chaleur et le dynamisme de la culture barcelonaise. Les touristes \u00e0 la recherche de souvenirs authentiques trouveront dans cet aimant un excellent moyen de pr\u00e9server leurs souvenirs de Barcelone, en faisant un cadeau parfait qui refl\u00e8te la fusion de l&rsquo;art et de la nature.<\/p>\n<p>Chez Ol\u00e9 Mosaic, nous sommes des distributeurs en gros de souvenirs de qualit\u00e9, et cet aimant salamandre est un exemple parfait de l&rsquo;authenticit\u00e9 que nous proposons. Un produit qui ravira les boutiques de cadeaux touristiques, repr\u00e9sentant fid\u00e8lement la vibrante tradition artistique de la ville.<\/p>\n","protected":false},"excerpt":{"rendered":"<p>Aimant en PVC en forme de salamandre, repr\u00e9sentant la vibrante mosa\u00efque de Barcelone. Cet aimant color\u00e9 se distingue par ses tons verts, bleus et rouges, qui \u00e9voquent le style artistique de Gaud\u00ed. D\u00e9cor\u00e9 du mot \u00ab\u00a0Barcelona\u00a0\u00bb, c&rsquo;est un souvenir parfait qui capture l&rsquo;essence de la ville et ajoute une touche joyeuse \u00e0 toute surface m\u00e9tallique. Id\u00e9al pour ceux qui souhaitent emporter un morceau de cette m\u00e9tropole iconique avec eux.<\/p>\n","protected":false},"featured_media":11325,"template":"","meta":{"_acf_changed":false},"product_brand":[],"product_cat":[697],"product_tag":[530],"class_list":{"0":"post-34529","1":"product","2":"type-product","3":"status-publish","4":"has-post-thumbnail","6":"product_cat-aimants","7":"product_tag-animaux","8":"pa_ciudad-barcelona","9":"pa_motivo-salamandres","10":"pa_pais-espana","12":"first","13":"instock","14":"shipping-taxable","15":"product-type-simple"},"acf":[],"_links":{"self":[{"href":"https:\/\/olemosaic.com\/fr\/wp-json\/wp\/v2\/product\/34529","targetHints":{"allow":["GET"]}}],"collection":[{"href":"https:\/\/olemosaic.com\/fr\/wp-json\/wp\/v2\/product"}],"about":[{"href":"https:\/\/olemosaic.com\/fr\/wp-json\/wp\/v2\/types\/product"}],"wp:featuredmedia":[{"embeddable":true,"href":"https:\/\/olemosaic.com\/fr\/wp-json\/wp\/v2\/media\/11325"}],"wp:attachment":[{"href":"https:\/\/olemosaic.com\/fr\/wp-json\/wp\/v2\/media?parent=34529"}],"wp:term":[{"taxonomy":"product_brand","embeddable":true,"href":"https:\/\/olemosaic.com\/fr\/wp-json\/wp\/v2\/product_brand?post=34529"},{"taxonomy":"product_cat","embeddable":true,"href":"https:\/\/olemosaic.com\/fr\/wp-json\/wp\/v2\/product_cat?post=34529"},{"taxonomy":"product_tag","embeddable":true,"href":"https:\/\/olemosaic.com\/fr\/wp-json\/wp\/v2\/product_tag?post=34529"}],"curies":[{"name":"wp","href":"https:\/\/api.w.org\/{rel}","templated":true}]}}