{"id":34521,"date":"2025-02-20T22:36:18","date_gmt":"2025-02-20T22:36:18","guid":{"rendered":"http:\/\/olemosaic.com\/producto\/iman-de-pvc-salamandra-valencia\/"},"modified":"2025-07-25T18:53:50","modified_gmt":"2025-07-25T16:53:50","slug":"aimant-en-pvc-salamandre-valence","status":"publish","type":"product","link":"https:\/\/olemosaic.com\/fr\/produit\/aimant-en-pvc-salamandre-valence\/","title":{"rendered":"Aimant en PVC. Salamandre. Valence."},"content":{"rendered":"<p>Aimant en PVC de salamandre de Valence.<\/p>\n<p>Cet aimant en PVC vibrant en forme de salamandre est une excellente repr\u00e9sentation de la faune typique de la r\u00e9gion de Valence. Son design color\u00e9 se distingue par une vari\u00e9t\u00e9 de motifs en mosa\u00efque qui \u00e9voquent la richesse culturelle et artistique de cette ville charmante. La salamandre, symbole de la biodiversit\u00e9 locale, est repr\u00e9sent\u00e9e dans une explosion de couleurs comprenant des bleus, des verts, des rouges et des jaunes, captant l&rsquo;attention et ajoutant de la joie \u00e0 toute surface m\u00e9tallique, en particulier votre r\u00e9frig\u00e9rateur.<\/p>\n<p>Le mot \u00ab\u00a0Valencia\u00a0\u00bb est int\u00e9gr\u00e9 de mani\u00e8re amusante et color\u00e9e dans la partie centrale de l&rsquo;aimant, s&rsquo;harmonisant parfaitement avec le reste du design et soulignant l&rsquo;identit\u00e9 de cette ville m\u00e9diterran\u00e9enne. Cet aimant n&rsquo;est pas seulement un accessoire d\u00e9coratif, mais aussi un souvenir repr\u00e9sentatif et authentique de Valence, id\u00e9al pour ceux qui souhaitent emporter un morceau de la culture valencienne chez eux.<\/p>\n<p>Compatible avec n&rsquo;importe quel aimant, ce souvenir de salamandre est un choix parfait pour les touristes et les visiteurs \u00e0 la recherche d&rsquo;un d\u00e9tail typique et significatif comm\u00e9morant leur s\u00e9jour dans la r\u00e9gion. Chez Ol\u00e9 Mosaic, nous nous engageons \u00e0 fournir des souvenirs authentiques et de qualit\u00e9 en gros, et cet aimant de salamandre est une pi\u00e8ce qui attirera certainement les boutiques de cadeaux touristiques int\u00e9ress\u00e9es par des produits c\u00e9l\u00e9brant le riche h\u00e9ritage culturel de Valence.<\/p>\n","protected":false},"excerpt":{"rendered":"<p>Aimant en PVC en forme de salamandre, repr\u00e9sentant la faune typique de Valence. Cet aimant color\u00e9 pr\u00e9sente un design vibrant avec des motifs de mosa\u00efque dans une vari\u00e9t\u00e9 de couleurs \u00e9voquant la richesse culturelle de la r\u00e9gion. Le mot \u00ab\u00a0Valencia\u00a0\u00bb est incorpor\u00e9 dans un style amusant, suivant les tons brillants de la pi\u00e8ce. Id\u00e9al pour orner votre r\u00e9frig\u00e9rateur et se souvenir du charme de Valence \u00e0 chaque regard.<\/p>\n","protected":false},"featured_media":12076,"template":"","meta":{"_acf_changed":false},"product_brand":[],"product_cat":[697],"product_tag":[530],"class_list":{"0":"post-34521","1":"product","2":"type-product","3":"status-publish","4":"has-post-thumbnail","6":"product_cat-aimants","7":"product_tag-animaux","8":"pa_ciudad-valencia","9":"pa_motivo-salamandres","10":"pa_pais-espana","12":"first","13":"instock","14":"shipping-taxable","15":"product-type-simple"},"acf":[],"_links":{"self":[{"href":"https:\/\/olemosaic.com\/fr\/wp-json\/wp\/v2\/product\/34521","targetHints":{"allow":["GET"]}}],"collection":[{"href":"https:\/\/olemosaic.com\/fr\/wp-json\/wp\/v2\/product"}],"about":[{"href":"https:\/\/olemosaic.com\/fr\/wp-json\/wp\/v2\/types\/product"}],"wp:featuredmedia":[{"embeddable":true,"href":"https:\/\/olemosaic.com\/fr\/wp-json\/wp\/v2\/media\/12076"}],"wp:attachment":[{"href":"https:\/\/olemosaic.com\/fr\/wp-json\/wp\/v2\/media?parent=34521"}],"wp:term":[{"taxonomy":"product_brand","embeddable":true,"href":"https:\/\/olemosaic.com\/fr\/wp-json\/wp\/v2\/product_brand?post=34521"},{"taxonomy":"product_cat","embeddable":true,"href":"https:\/\/olemosaic.com\/fr\/wp-json\/wp\/v2\/product_cat?post=34521"},{"taxonomy":"product_tag","embeddable":true,"href":"https:\/\/olemosaic.com\/fr\/wp-json\/wp\/v2\/product_tag?post=34521"}],"curies":[{"name":"wp","href":"https:\/\/api.w.org\/{rel}","templated":true}]}}