{"id":34519,"date":"2025-02-20T23:36:17","date_gmt":"2025-02-20T22:36:17","guid":{"rendered":"http:\/\/olemosaic.com\/producto\/iman-de-metal-panoramica-barcelona-plata-8-cm-8\/"},"modified":"2025-07-25T20:26:21","modified_gmt":"2025-07-25T18:26:21","slug":"aimant-en-metal-panoramique-barcelone-argent-8-cm","status":"publish","type":"product","link":"https:\/\/olemosaic.com\/fr\/produit\/aimant-en-metal-panoramique-barcelone-argent-8-cm\/","title":{"rendered":"Aimant en m\u00e9tal. Panoramique. Park G\u00fcell. Barcelone. Argent. 8 cm."},"content":{"rendered":"<p>Aimant m\u00e9tallique vibrant de Barcelone<\/p>\n<p>Cet aimant m\u00e9tallique de 8 cm est une v\u00e9ritable \u0153uvre d&rsquo;art qui capture l&rsquo;essence de Barcelone de mani\u00e8re color\u00e9e et attrayante. Con\u00e7u dans un style mosa\u00efque, il pr\u00e9sente un panorama vibrant incluant l&rsquo;iconique dragon du Park G\u00fcell, symbole embl\u00e9matique du g\u00e9nie architectural d&rsquo;Antoni Gaud\u00ed. \u00c0 ses c\u00f4t\u00e9s s&rsquo;\u00e9l\u00e8vent les majestueux \u00e9difices de la Sagrada Familia et de la Casa Batll\u00f3, repr\u00e9sentant la fusion unique entre la nature et l&rsquo;architecture moderniste, caract\u00e9ristiques inconfondibles de la cit\u00e9 comtale.<\/p>\n<p>L&rsquo;inscription \u00ab\u00a0I \u2665 BARCELO\u00a0\u00bb ressort dans un design qui \u00e9voque la nostalgie, faisant de cet aimant non seulement un article d\u00e9coratif, mais aussi un souvenir \u00e9mouvant d&rsquo;une visite inoubliable. La palette \u00e9clatante et les d\u00e9tails complexes de la mosa\u00efque en font un objet visuellement percutant, id\u00e9al pour ceux qui cherchent \u00e0 emporter un morceau de Barcelone.<\/p>\n<p>Cet aimant est non seulement parfait pour orner les r\u00e9frig\u00e9rateurs, mais aussi comme un souvenir repr\u00e9sentatif qui c\u00e9l\u00e8bre la riche culture et l&rsquo;architecture de Barcelone. Chez Ol\u00e9 Mosaic, nous sommes distributeurs de souvenirs de qualit\u00e9, et cet aimant de Barcelone est une excellente option pour les boutiques de cadeaux touristiques souhaitant proposer des articles authentiques et significatifs. Profitez de cette opportunit\u00e9 pour enrichir votre catalogue avec cet aimant de collection, destin\u00e9 \u00e0 capter l&rsquo;attention des touristes et des amoureux de la capitale catalane.<\/p>\n","protected":false},"excerpt":{"rendered":"<p>Aimant m\u00e9tallique avec un panorama vibrant de Barcelone, de 8 cm. Cet aimant attrayant pr\u00e9sente un design color\u00e9 avec le c\u00e9l\u00e8bre dragon du Park G\u00fcell et les b\u00e2timents embl\u00e9matiques de Gaud\u00ed, tels que la Sagrada Familia et la Casa Batll\u00f3, le tout dans un style mosa\u00efque. L&rsquo;inscription \u00ab\u00a0I \u2665 BARCELO\u00a0\u00bb ajoute une touche distinctive et nostalgique, capturant l&rsquo;essence de la ville avec sa palette de couleurs vives et son format rectangulaire. Id\u00e9al pour se souvenir ou offrir un morceau de Barcelone.<\/p>\n","protected":false},"featured_media":11429,"template":"","meta":{"_acf_changed":false},"product_brand":[],"product_cat":[697],"product_tag":[],"class_list":{"0":"post-34519","1":"product","2":"type-product","3":"status-publish","4":"has-post-thumbnail","6":"product_cat-aimants","7":"pa_ciudad-barcelona","8":"pa_motivo-panoramas","9":"pa_pais-espana","11":"first","12":"instock","13":"shipping-taxable","14":"product-type-simple"},"acf":[],"_links":{"self":[{"href":"https:\/\/olemosaic.com\/fr\/wp-json\/wp\/v2\/product\/34519","targetHints":{"allow":["GET"]}}],"collection":[{"href":"https:\/\/olemosaic.com\/fr\/wp-json\/wp\/v2\/product"}],"about":[{"href":"https:\/\/olemosaic.com\/fr\/wp-json\/wp\/v2\/types\/product"}],"wp:featuredmedia":[{"embeddable":true,"href":"https:\/\/olemosaic.com\/fr\/wp-json\/wp\/v2\/media\/11429"}],"wp:attachment":[{"href":"https:\/\/olemosaic.com\/fr\/wp-json\/wp\/v2\/media?parent=34519"}],"wp:term":[{"taxonomy":"product_brand","embeddable":true,"href":"https:\/\/olemosaic.com\/fr\/wp-json\/wp\/v2\/product_brand?post=34519"},{"taxonomy":"product_cat","embeddable":true,"href":"https:\/\/olemosaic.com\/fr\/wp-json\/wp\/v2\/product_cat?post=34519"},{"taxonomy":"product_tag","embeddable":true,"href":"https:\/\/olemosaic.com\/fr\/wp-json\/wp\/v2\/product_tag?post=34519"}],"curies":[{"name":"wp","href":"https:\/\/api.w.org\/{rel}","templated":true}]}}