{"id":34508,"date":"2025-02-20T22:36:17","date_gmt":"2025-02-20T22:36:17","guid":{"rendered":"http:\/\/olemosaic.com\/producto\/iman-de-metal-bailaora-valencia-negro-8-cm\/"},"modified":"2025-07-25T18:45:20","modified_gmt":"2025-07-25T16:45:20","slug":"aimant-en-metal-danseuse-flamenco-valence-noir-8-cm","status":"publish","type":"product","link":"https:\/\/olemosaic.com\/fr\/produit\/aimant-en-metal-danseuse-flamenco-valence-noir-8-cm\/","title":{"rendered":"Aimant en m\u00e9tal. Danseuse de flamenco. Valence. Noir. 8 cm."},"content":{"rendered":"<p>Aimant en m\u00e9tal repr\u00e9sentant une danseuse de flamenco, un d\u00e9lice visuel inspir\u00e9 du vibrant folklore valencien. Cet aimant color\u00e9 de 8 cm capture l&rsquo;\u00e9nergie et l&rsquo;\u00e9l\u00e9gance de la danse espagnole \u00e0 travers un design stylis\u00e9 qui met en valeur la figure de la danseuse, v\u00eatue d&rsquo;une robe exub\u00e9rante qui se d\u00e9ploie dans une danse pleine de vie et de couleur. Les d\u00e9tails en mosa\u00efque qui ornent le v\u00eatement \u00e9voquent la riche tradition culturelle espagnole, faisant allusion \u00e0 la fusion de l&rsquo;art et du folklore si caract\u00e9ristique de la r\u00e9gion.<\/p>\n<p>La danseuse, avec sa coiffure traditionnelle et une fleur rouge qui ajoute une touche d&rsquo;authenticit\u00e9, se d\u00e9tache sur un fond noir qui intensifie la vivacit\u00e9 des couleurs de son costume. De plus, le texte \u00ab\u00a0VALENCIA\u00a0\u00bb, pr\u00e9sent\u00e9 en lettres brillantes, compl\u00e8te l&rsquo;ensemble de mani\u00e8re \u00e9quilibr\u00e9e, faisant de cet aimant un souvenir attrayant qui non seulement d\u00e9core, mais \u00e9voque \u00e9galement des souvenirs des f\u00eates et traditions valenciennes.<\/p>\n<p>Parfait comme souvenir repr\u00e9sentatif de la ville, cet aimant de danseuse est un choix id\u00e9al pour les touristes \u00e0 la recherche de souvenirs authentiques et significatifs. Chez Ol\u00e9 Mosaic, en tant que grossistes de souvenirs d&rsquo;Espagne, nous proposons des produits qui encapsulent la richesse culturelle et artistique des r\u00e9gions, id\u00e9aux pour les boutiques de cadeaux souhaitant offrir des produits ayant une essence et une tradition. Ajoutez cet aimant \u00e0 votre s\u00e9lection et offrez \u00e0 vos clients une pi\u00e8ce unique qui c\u00e9l\u00e8bre l&rsquo;esprit de Valence.<\/p>\n","protected":false},"excerpt":{"rendered":"<p>Aimant m\u00e9tallique repr\u00e9sentant une danseuse avec une robe de flamenco vibrante, inspir\u00e9e du folklore valencien. Cet aimant color\u00e9 de 8 cm pr\u00e9sente un design stylis\u00e9 avec des d\u00e9tails de mosa\u00efque qui \u00e9voquent l&rsquo;\u00e9nergie et l&rsquo;\u00e9l\u00e9gance de la danse espagnole. La danseuse, orn\u00e9e d&rsquo;une coiffure traditionnelle et d&rsquo;une fleur rouge, se d\u00e9tache sur un fond noir, tandis que le mot \u00ab\u00a0VALENCIA\u00a0\u00bb en lettres brillantes compl\u00e8te la pi\u00e8ce, faisant de cet aimant un souvenir attrayant et joyeux.<\/p>\n","protected":false},"featured_media":9995,"template":"","meta":{"_acf_changed":false},"product_brand":[],"product_cat":[697],"product_tag":[],"class_list":{"0":"post-34508","1":"product","2":"type-product","3":"status-publish","4":"has-post-thumbnail","6":"product_cat-aimants","7":"pa_ciudad-valencia","8":"pa_motivo-danseurs","9":"pa_pais-espana","11":"first","12":"instock","13":"shipping-taxable","14":"product-type-simple"},"acf":[],"_links":{"self":[{"href":"https:\/\/olemosaic.com\/fr\/wp-json\/wp\/v2\/product\/34508","targetHints":{"allow":["GET"]}}],"collection":[{"href":"https:\/\/olemosaic.com\/fr\/wp-json\/wp\/v2\/product"}],"about":[{"href":"https:\/\/olemosaic.com\/fr\/wp-json\/wp\/v2\/types\/product"}],"wp:featuredmedia":[{"embeddable":true,"href":"https:\/\/olemosaic.com\/fr\/wp-json\/wp\/v2\/media\/9995"}],"wp:attachment":[{"href":"https:\/\/olemosaic.com\/fr\/wp-json\/wp\/v2\/media?parent=34508"}],"wp:term":[{"taxonomy":"product_brand","embeddable":true,"href":"https:\/\/olemosaic.com\/fr\/wp-json\/wp\/v2\/product_brand?post=34508"},{"taxonomy":"product_cat","embeddable":true,"href":"https:\/\/olemosaic.com\/fr\/wp-json\/wp\/v2\/product_cat?post=34508"},{"taxonomy":"product_tag","embeddable":true,"href":"https:\/\/olemosaic.com\/fr\/wp-json\/wp\/v2\/product_tag?post=34508"}],"curies":[{"name":"wp","href":"https:\/\/api.w.org\/{rel}","templated":true}]}}