{"id":34506,"date":"2025-02-20T22:36:17","date_gmt":"2025-02-20T22:36:17","guid":{"rendered":"http:\/\/olemosaic.com\/producto\/iman-de-metal-panoramica-segovia-negro-8-cm\/"},"modified":"2025-07-25T18:51:56","modified_gmt":"2025-07-25T16:51:56","slug":"aimant-en-metal-panoramique-segovie-noir-8-cm","status":"publish","type":"product","link":"https:\/\/olemosaic.com\/fr\/produit\/aimant-en-metal-panoramique-segovie-noir-8-cm\/","title":{"rendered":"Aimant en m\u00e9tal. Panoramique. S\u00e9govie. Noir. 8 cm."},"content":{"rendered":"<p>Aimant m\u00e9tallique panoramique de S\u00e9govie, une pi\u00e8ce parfaite pour emporter un souvenir de la majest\u00e9 de cette belle ville espagnole. Avec des dimensions de 8 cm, cet aimant pr\u00e9sente un design color\u00e9 qui \u00e9voque la beaut\u00e9 de l&rsquo;iconique Aqueduc de S\u00e9govie, reconnu comme l&rsquo;un des exemples les plus impressionnants de l&rsquo;ing\u00e9nierie romaine. Avec un style rappelant les mosa\u00efques traditionnelles, l&rsquo;illustration met en valeur les arches de l&rsquo;aqueduc dans des tons chauds, entour\u00e9es d&rsquo;un paysage vibrant et plein de vie qui repr\u00e9sente l&rsquo;architecture historique de la ville. La partie inf\u00e9rieure de l&rsquo;aimant encadre des caract\u00e9ristiques architecturales iconiques, cr\u00e9ant un attrait visuel qui souligne chaque d\u00e9tail.<\/p>\n<p>Le fond noir utilis\u00e9 dans le design offre un contraste parfait, rehaussant les couleurs de l&rsquo;aqueduc et des b\u00e2timents qui l&rsquo;entourent. Cet aimant n&rsquo;est pas seulement un bel objet, mais aussi une repr\u00e9sentation du patrimoine culturel de S\u00e9govie, une ville c\u00e9l\u00e8bre pour son histoire et son impressionnant h\u00e9ritage architectural. En tant que souvenir typique de la r\u00e9gion, cet aimant m\u00e9tallique est id\u00e9al pour les touristes qui cherchent \u00e0 capturer l&rsquo;essence de S\u00e9govie, devenant un souvenir tangible qui rappelle leur visite. Chez Ol\u00e9 Mosaic, nous proposons cet aimant et d&rsquo;autres souvenirs de S\u00e9govie en gros, garantissant authenticit\u00e9 et qualit\u00e9 pour chaque produit.<\/p>\n","protected":false},"excerpt":{"rendered":"<p>Aimant m\u00e9tallique avec un panorama attrayant de S\u00e9govie, de 8 cm. Cet aimant repr\u00e9sente l&rsquo;iconique Aqueduc de S\u00e9govie dans un design color\u00e9 rappelant les mosa\u00efques, avec des d\u00e9tails qui soulignent sa majest\u00e9. La partie inf\u00e9rieure montre des \u00e9l\u00e9ments architecturaux de la ville, encadr\u00e9s par un fond noir qui fait ressortir les tons vibrants des b\u00e2timents et de l&rsquo;aqueduc. Un souvenir parfait pour se rappeler la beaut\u00e9 historique de S\u00e9govie.<\/p>\n","protected":false},"featured_media":7400,"template":"","meta":{"_acf_changed":false},"product_brand":[],"product_cat":[697],"product_tag":[],"class_list":{"0":"post-34506","1":"product","2":"type-product","3":"status-publish","4":"has-post-thumbnail","6":"product_cat-aimants","7":"pa_ciudad-segovia","8":"pa_motivo-panoramas","9":"pa_pais-espana","11":"first","12":"instock","13":"shipping-taxable","14":"product-type-simple"},"acf":[],"_links":{"self":[{"href":"https:\/\/olemosaic.com\/fr\/wp-json\/wp\/v2\/product\/34506","targetHints":{"allow":["GET"]}}],"collection":[{"href":"https:\/\/olemosaic.com\/fr\/wp-json\/wp\/v2\/product"}],"about":[{"href":"https:\/\/olemosaic.com\/fr\/wp-json\/wp\/v2\/types\/product"}],"wp:featuredmedia":[{"embeddable":true,"href":"https:\/\/olemosaic.com\/fr\/wp-json\/wp\/v2\/media\/7400"}],"wp:attachment":[{"href":"https:\/\/olemosaic.com\/fr\/wp-json\/wp\/v2\/media?parent=34506"}],"wp:term":[{"taxonomy":"product_brand","embeddable":true,"href":"https:\/\/olemosaic.com\/fr\/wp-json\/wp\/v2\/product_brand?post=34506"},{"taxonomy":"product_cat","embeddable":true,"href":"https:\/\/olemosaic.com\/fr\/wp-json\/wp\/v2\/product_cat?post=34506"},{"taxonomy":"product_tag","embeddable":true,"href":"https:\/\/olemosaic.com\/fr\/wp-json\/wp\/v2\/product_tag?post=34506"}],"curies":[{"name":"wp","href":"https:\/\/api.w.org\/{rel}","templated":true}]}}