{"id":34504,"date":"2025-02-20T22:36:17","date_gmt":"2025-02-20T22:36:17","guid":{"rendered":"http:\/\/olemosaic.com\/producto\/iman-de-metal-panoramica-madrid\/"},"modified":"2025-07-25T19:49:35","modified_gmt":"2025-07-25T17:49:35","slug":"aimant-en-metal-panoramique-madrid","status":"publish","type":"product","link":"https:\/\/olemosaic.com\/fr\/produit\/aimant-en-metal-panoramique-madrid\/","title":{"rendered":"Aimant en m\u00e9tal. Panoramique. Madrid."},"content":{"rendered":"<p>Aimant m\u00e9tallique panoramique de Madrid. Cet aimant vibrant capture l&rsquo;essence de la capitale espagnole \u00e0 travers une illustration impressionnante qui met en valeur ses monuments les plus embl\u00e9matiques. Sur un fond noir qui fait ressortir le panorama color\u00e9, l&rsquo;aimant pr\u00e9sente des lieux iconiques tels que la majestueuse Puerta de Alcal\u00e1, la splendide fontaine de Cibeles et l&rsquo;anim\u00e9e Plaza de Carmen, entre autres. Chaque d\u00e9tail est soigneusement con\u00e7u pour offrir une repr\u00e9sentation vivante de la vie et de l&rsquo;architecture madril\u00e8nes, ce qui fait de ce souvenir une pi\u00e8ce authentique et m\u00e9morable. Le mot \u00ab MADRID \u00bb, \u00e9crit en lettres blanches modernes, ajoute une touche contemporaine qui compl\u00e8te parfaitement l&rsquo;esth\u00e9tique g\u00e9n\u00e9rale de l&rsquo;aimant.<\/p>\n<p>Cet aimant m\u00e9tallique est un excellent moyen de ramener un morceau de Madrid chez soi, id\u00e9al comme cadeau ou souvenir personnel. Son design n&rsquo;est pas seulement d\u00e9coratif, il c\u00e9l\u00e8bre \u00e9galement la riche histoire et la culture de la ville, ce qui en fait le souvenir parfait pour ceux qui recherchent un souvenir repr\u00e9sentatif de leur visite. Chez Ol\u00e9 Mosaic, nous sommes fiers d&rsquo;\u00eatre des distributeurs en gros de souvenirs authentiques, et cet aimant panoramique de Madrid est un choix id\u00e9al pour les boutiques de cadeaux touristiques qui souhaitent proposer des produits qui encapsulent la beaut\u00e9 et la singularit\u00e9 de la capitale espagnole.<\/p>\n","protected":false},"excerpt":{"rendered":"<p>Aimant en m\u00e9tal avec un panorama color\u00e9 de Madrid capturant les monuments les plus embl\u00e9matiques de la ville. Il pr\u00e9sente des illustrations vibrantes de lieux iconiques tels que la Puerta de Alcal\u00e1, Cibeles et la Plaza de Carmen, le tout encadr\u00e9 sur un fond noir qui fait ressortir les couleurs. Le mot \u00ab MADRID \u00bb appara\u00eet en lettres blanches, ajoutant une touche moderne. Id\u00e9al pour se souvenir de la beaut\u00e9 de la capitale espagnole \u00e0 tout moment.<\/p>\n","protected":false},"featured_media":7804,"template":"","meta":{"_acf_changed":false},"product_brand":[],"product_cat":[697],"product_tag":[],"class_list":{"0":"post-34504","1":"product","2":"type-product","3":"status-publish","4":"has-post-thumbnail","6":"product_cat-aimants","7":"pa_ciudad-madrid","8":"pa_motivo-panoramas","9":"pa_pais-espana","11":"first","12":"instock","13":"shipping-taxable","14":"product-type-simple"},"acf":[],"_links":{"self":[{"href":"https:\/\/olemosaic.com\/fr\/wp-json\/wp\/v2\/product\/34504","targetHints":{"allow":["GET"]}}],"collection":[{"href":"https:\/\/olemosaic.com\/fr\/wp-json\/wp\/v2\/product"}],"about":[{"href":"https:\/\/olemosaic.com\/fr\/wp-json\/wp\/v2\/types\/product"}],"wp:featuredmedia":[{"embeddable":true,"href":"https:\/\/olemosaic.com\/fr\/wp-json\/wp\/v2\/media\/7804"}],"wp:attachment":[{"href":"https:\/\/olemosaic.com\/fr\/wp-json\/wp\/v2\/media?parent=34504"}],"wp:term":[{"taxonomy":"product_brand","embeddable":true,"href":"https:\/\/olemosaic.com\/fr\/wp-json\/wp\/v2\/product_brand?post=34504"},{"taxonomy":"product_cat","embeddable":true,"href":"https:\/\/olemosaic.com\/fr\/wp-json\/wp\/v2\/product_cat?post=34504"},{"taxonomy":"product_tag","embeddable":true,"href":"https:\/\/olemosaic.com\/fr\/wp-json\/wp\/v2\/product_tag?post=34504"}],"curies":[{"name":"wp","href":"https:\/\/api.w.org\/{rel}","templated":true}]}}