{"id":34502,"date":"2025-02-20T22:36:16","date_gmt":"2025-02-20T22:36:16","guid":{"rendered":"http:\/\/olemosaic.com\/producto\/iman-de-metal-panoramica-bilbao-negro-8-cm\/"},"modified":"2025-07-25T20:41:24","modified_gmt":"2025-07-25T18:41:24","slug":"aimant-metal-panoramique-bilbao-noir-8-cm","status":"publish","type":"product","link":"https:\/\/olemosaic.com\/fr\/produit\/aimant-metal-panoramique-bilbao-noir-8-cm\/","title":{"rendered":"Aimant en m\u00e9tal. Panoramique. Bilbao. Noir. 8 cm."},"content":{"rendered":"<p>Aimant en m\u00e9tal panoramique de Bilbao<\/p>\n<p>Cet aimant en m\u00e9tal de 8 cm est un souvenir spectaculaire qui capture l&rsquo;essence vibrante de Bilbao \u00e0 travers son design color\u00e9 et artistique. Il pr\u00e9sente une vue panoramique des b\u00e2timents embl\u00e9matiques de la ville, y compris une interpr\u00e9tation iconique du c\u00e9l\u00e8bre Guggenheim, connu pour son architecture innovante. Avec un fond noir qui fait ressortir les teintes vives des b\u00e2timents, l&rsquo;aimant offre un contraste impressionnant qui attire le regard et ajoute une touche de modernit\u00e9 \u00e0 n&rsquo;importe quel espace.<\/p>\n<p>Les couleurs vives utilis\u00e9es dans l&rsquo;illustration cr\u00e9ent une atmosph\u00e8re joyeuse et contemporaine, ce qui en fait un excellent souvenir c\u00e9l\u00e9brant la riche culture et la modernit\u00e9 de Bilbao. Cet aimant n&rsquo;est pas seulement un article d\u00e9coratif id\u00e9al pour la maison, mais aussi un cadeau parfait pour les amis et la famille, \u00e9voquant des souvenirs chaleureux de la vie urbaine et artistique vibrante de la ville.<\/p>\n<p>Chez Ol\u00e9 Mosaic, nous sommes fiers de proposer des souvenirs authentiques qui refl\u00e8tent la diversit\u00e9 culturelle de l&rsquo;Espagne. Cet aimant de Bilbao est un choix exceptionnel pour les boutiques de cadeaux touristiques, \u00e9tant une repr\u00e9sentation fid\u00e8le de l&rsquo;h\u00e9ritage architectural et de l&rsquo;esprit dynamique de Bilbao. En tant que grossistes en souvenirs, nous garantissons la qualit\u00e9 et l&rsquo;authenticit\u00e9 de chaque pi\u00e8ce, faisant de cet aimant un souvenir pr\u00e9cieux et significatif.<\/p>\n","protected":false},"excerpt":{"rendered":"<p>Aimant en m\u00e9tal de 8 cm avec une vue panoramique vibrante de Bilbao. Cet aimant se distingue par son design color\u00e9, pr\u00e9sentant une interpr\u00e9tation artistique des b\u00e2timents les plus embl\u00e9matiques de la ville, comme le c\u00e9l\u00e8bre Guggenheim. Avec un fond noir qui fait ressortir les couleurs vives de l&rsquo;illustration, c&rsquo;est le souvenir parfait pour capturer l&rsquo;essence moderne et culturelle de Bilbao. Id\u00e9al pour d\u00e9corer n&rsquo;importe quel espace ou pour offrir.<\/p>\n","protected":false},"featured_media":9623,"template":"","meta":{"_acf_changed":false},"product_brand":[],"product_cat":[697],"product_tag":[],"class_list":{"0":"post-34502","1":"product","2":"type-product","3":"status-publish","4":"has-post-thumbnail","6":"product_cat-aimants","7":"pa_ciudad-bilbao","8":"pa_motivo-panoramas","9":"pa_pais-espana","11":"first","12":"instock","13":"shipping-taxable","14":"product-type-simple"},"acf":[],"_links":{"self":[{"href":"https:\/\/olemosaic.com\/fr\/wp-json\/wp\/v2\/product\/34502","targetHints":{"allow":["GET"]}}],"collection":[{"href":"https:\/\/olemosaic.com\/fr\/wp-json\/wp\/v2\/product"}],"about":[{"href":"https:\/\/olemosaic.com\/fr\/wp-json\/wp\/v2\/types\/product"}],"wp:featuredmedia":[{"embeddable":true,"href":"https:\/\/olemosaic.com\/fr\/wp-json\/wp\/v2\/media\/9623"}],"wp:attachment":[{"href":"https:\/\/olemosaic.com\/fr\/wp-json\/wp\/v2\/media?parent=34502"}],"wp:term":[{"taxonomy":"product_brand","embeddable":true,"href":"https:\/\/olemosaic.com\/fr\/wp-json\/wp\/v2\/product_brand?post=34502"},{"taxonomy":"product_cat","embeddable":true,"href":"https:\/\/olemosaic.com\/fr\/wp-json\/wp\/v2\/product_cat?post=34502"},{"taxonomy":"product_tag","embeddable":true,"href":"https:\/\/olemosaic.com\/fr\/wp-json\/wp\/v2\/product_tag?post=34502"}],"curies":[{"name":"wp","href":"https:\/\/api.w.org\/{rel}","templated":true}]}}