{"id":34500,"date":"2025-02-20T23:36:16","date_gmt":"2025-02-20T22:36:16","guid":{"rendered":"http:\/\/olemosaic.com\/producto\/iman-de-metal-panoramica-barcelona-8-cm-17\/"},"modified":"2025-07-25T18:59:11","modified_gmt":"2025-07-25T16:59:11","slug":"aimant-metal-panoramique-barcelone-8-cm-17","status":"publish","type":"product","link":"https:\/\/olemosaic.com\/fr\/produit\/aimant-metal-panoramique-barcelone-8-cm-17\/","title":{"rendered":"Aimant en m\u00e9tal. Panoramique. Mosa\u00efque. Barcelone. 8 cm."},"content":{"rendered":"<p>Aimant m\u00e9tallique panoramique de Barcelone. Cet aimant vibrant de 8 cm capture l&rsquo;essence de Barcelone avec un design color\u00e9 de style mosa\u00efque qui met en valeur les monuments les plus embl\u00e9matiques de la ville. Avec une repr\u00e9sentation iconique de la Sagrada Familia et du Parc G\u00fcell, il offre une vue spectaculaire qui refl\u00e8te la cr\u00e9ativit\u00e9 architecturale du c\u00e9l\u00e8bre Gaud\u00ed. L&rsquo;image est compl\u00e9t\u00e9e par un ciel bleu radieux qui souligne la luminosit\u00e9 de cette m\u00e9tropole espagnole.<\/p>\n<p>Le texte \u00ab\u00a0I \u2665 Barcelona\u00a0\u00bb appara\u00eet en lettres frappantes, ajoutant une touche dynamique et joyeuse au design, parfait pour ceux qui souhaitent emporter un morceau de l&rsquo;esprit barcelonais. Ce souvenir n&rsquo;est pas seulement un objet d\u00e9coratif, mais aussi une pi\u00e8ce culturelle qui \u00e9voque les exp\u00e9riences uniques de l&rsquo;exploration de cette ville vibrante.<\/p>\n<p>Id\u00e9al comme cadeau ou souvenir, cet aimant est un excellent choix pour les touristes \u00e0 la recherche de souvenirs de qualit\u00e9 qui encapsulent la riche diversit\u00e9 artistique de Barcelone. Chez Ol\u00e9 Mosaic, nous nous sp\u00e9cialisons dans la distribution de souvenirs en gros, et cet aimant m\u00e9tallique est une option parfaite pour les boutiques de cadeaux touristiques souhaitant proposer des produits authentiques et repr\u00e9sentatifs de la culture espagnole. Avec son design attrayant et sa pertinence culturelle, il devient un aimant de Barcelone que personne ne devrait manquer.<\/p>\n","protected":false},"excerpt":{"rendered":"<p>Aimant m\u00e9tallique avec une vue panoramique vibrante de Barcelone, de 8 cm. Cet aimant attrayant pr\u00e9sente un design color\u00e9 de style mosa\u00efque, mettant en valeur des monuments embl\u00e9matiques tels que la Sagrada Familia et le Parc G\u00fcell, le tout sous un ciel bleu radieux. Avec le texte \u00ab\u00a0I \u2665 Barcelona\u00a0\u00bb en lettres frappantes, c&rsquo;est une repr\u00e9sentation parfaite de l&rsquo;esprit cr\u00e9atif de la ville. Id\u00e9al comme souvenir ou cadeau \u00e9voquant l&rsquo;essence de cette m\u00e9tropole espagnole embl\u00e9matique.<\/p>\n","protected":false},"featured_media":11414,"template":"","meta":{"_acf_changed":false},"product_brand":[],"product_cat":[697],"product_tag":[],"class_list":{"0":"post-34500","1":"product","2":"type-product","3":"status-publish","4":"has-post-thumbnail","6":"product_cat-aimants","7":"pa_ciudad-barcelona","8":"pa_motivo-panoramas","9":"pa_pais-espana","11":"first","12":"instock","13":"shipping-taxable","14":"product-type-simple"},"acf":[],"_links":{"self":[{"href":"https:\/\/olemosaic.com\/fr\/wp-json\/wp\/v2\/product\/34500","targetHints":{"allow":["GET"]}}],"collection":[{"href":"https:\/\/olemosaic.com\/fr\/wp-json\/wp\/v2\/product"}],"about":[{"href":"https:\/\/olemosaic.com\/fr\/wp-json\/wp\/v2\/types\/product"}],"wp:featuredmedia":[{"embeddable":true,"href":"https:\/\/olemosaic.com\/fr\/wp-json\/wp\/v2\/media\/11414"}],"wp:attachment":[{"href":"https:\/\/olemosaic.com\/fr\/wp-json\/wp\/v2\/media?parent=34500"}],"wp:term":[{"taxonomy":"product_brand","embeddable":true,"href":"https:\/\/olemosaic.com\/fr\/wp-json\/wp\/v2\/product_brand?post=34500"},{"taxonomy":"product_cat","embeddable":true,"href":"https:\/\/olemosaic.com\/fr\/wp-json\/wp\/v2\/product_cat?post=34500"},{"taxonomy":"product_tag","embeddable":true,"href":"https:\/\/olemosaic.com\/fr\/wp-json\/wp\/v2\/product_tag?post=34500"}],"curies":[{"name":"wp","href":"https:\/\/api.w.org\/{rel}","templated":true}]}}