{"id":34499,"date":"2025-02-20T23:36:16","date_gmt":"2025-02-20T22:36:16","guid":{"rendered":"http:\/\/olemosaic.com\/producto\/iman-de-metal-panoramica-barcelona-negro-8-cm-8\/"},"modified":"2025-07-25T20:12:21","modified_gmt":"2025-07-25T18:12:21","slug":"aimant-metal-panoramique-barcelone-noir-8-cm-8","status":"publish","type":"product","link":"https:\/\/olemosaic.com\/fr\/produit\/aimant-metal-panoramique-barcelone-noir-8-cm-8\/","title":{"rendered":"Aimant en m\u00e9tal. Panoramique. Mosa\u00efque. Barcelone. Noir. 8 cm."},"content":{"rendered":"<p>Aimant en m\u00e9tal panoramique de Barcelone. Cet aimant attrayant de 8 cm pr\u00e9sente une repr\u00e9sentation vibrante de l&rsquo;architecture embl\u00e9matique de Barcelone, avec la majestueuse Sagrada Familia et le c\u00e9l\u00e8bre monument \u00e0 Colomb comme protagonistes, entour\u00e9s de palmiers et d&rsquo;un fond \u00e9voquant le style caract\u00e9ristique du trencad\u00eds. Le design color\u00e9 combine l&rsquo;essence moderne de Barcelone avec des \u00e9l\u00e9ments traditionnels, ce qui en fait un souvenir parfait de la ville. Le texte \u00ab\u00a0I \u2665 Barcelona\u00a0\u00bb ressort en lettres brillantes, apportant une touche amusante et contemporaine qui ravit les visiteurs.<\/p>\n<p>Fabriqu\u00e9 en m\u00e9tal, cet aimant n&rsquo;est pas seulement un objet d\u00e9coratif, mais aussi un souvenir fonctionnel qui peut orner les r\u00e9frig\u00e9rateurs, les tableaux blancs ou toute surface magn\u00e9tique. Son style frais et intemporel en fait un excellent choix pour ceux qui recherchent des souvenirs de qualit\u00e9 repr\u00e9sentant l&rsquo;esprit vibrant de Barcelone. Chez Ol\u00e9 Mosaic, nous sommes des distributeurs de souvenirs en gros, proposant des articles authentiques qui capturent l&rsquo;essence de lieux embl\u00e9matiques. Cet aimant de Barcelone est id\u00e9al pour les boutiques de cadeaux touristiques, car il offre aux clients un petit morceau de la ville \u00e0 emporter chez soi.<\/p>\n","protected":false},"excerpt":{"rendered":"<p>Aimant m\u00e9tallique avec une vue panoramique vibrante de Barcelone, de 8 cm. Cet aimant attrayant pr\u00e9sente un design color\u00e9 qui met en valeur l&rsquo;architecture embl\u00e9matique de la ville, notamment la Sagrada Familia et le c\u00e9l\u00e8bre monument \u00e0 Colomb, entour\u00e9s de palmiers et d&rsquo;un fond \u00e9voquant le style trencad\u00eds. Le texte \u00ab\u00a0I \u2665 Barcelona\u00a0\u00bb en lettres brillantes ajoute une touche amusante, en faisant un souvenir parfait de cette ville embl\u00e9matique.<\/p>\n","protected":false},"featured_media":11416,"template":"","meta":{"_acf_changed":false},"product_brand":[],"product_cat":[697],"product_tag":[],"class_list":{"0":"post-34499","1":"product","2":"type-product","3":"status-publish","4":"has-post-thumbnail","6":"product_cat-aimants","7":"pa_ciudad-barcelona","8":"pa_motivo-panoramas","9":"pa_pais-espana","11":"first","12":"instock","13":"shipping-taxable","14":"product-type-simple"},"acf":[],"_links":{"self":[{"href":"https:\/\/olemosaic.com\/fr\/wp-json\/wp\/v2\/product\/34499","targetHints":{"allow":["GET"]}}],"collection":[{"href":"https:\/\/olemosaic.com\/fr\/wp-json\/wp\/v2\/product"}],"about":[{"href":"https:\/\/olemosaic.com\/fr\/wp-json\/wp\/v2\/types\/product"}],"wp:featuredmedia":[{"embeddable":true,"href":"https:\/\/olemosaic.com\/fr\/wp-json\/wp\/v2\/media\/11416"}],"wp:attachment":[{"href":"https:\/\/olemosaic.com\/fr\/wp-json\/wp\/v2\/media?parent=34499"}],"wp:term":[{"taxonomy":"product_brand","embeddable":true,"href":"https:\/\/olemosaic.com\/fr\/wp-json\/wp\/v2\/product_brand?post=34499"},{"taxonomy":"product_cat","embeddable":true,"href":"https:\/\/olemosaic.com\/fr\/wp-json\/wp\/v2\/product_cat?post=34499"},{"taxonomy":"product_tag","embeddable":true,"href":"https:\/\/olemosaic.com\/fr\/wp-json\/wp\/v2\/product_tag?post=34499"}],"curies":[{"name":"wp","href":"https:\/\/api.w.org\/{rel}","templated":true}]}}