{"id":34488,"date":"2025-02-20T22:36:16","date_gmt":"2025-02-20T22:36:16","guid":{"rendered":"http:\/\/olemosaic.com\/producto\/iman-de-metal-panoramica-barcelona-azul-11-cm\/"},"modified":"2025-07-25T20:34:17","modified_gmt":"2025-07-25T18:34:17","slug":"aimant-metal-panoramique-barcelone-bleu-11-cm","status":"publish","type":"product","link":"https:\/\/olemosaic.com\/fr\/produit\/aimant-metal-panoramique-barcelone-bleu-11-cm\/","title":{"rendered":"Aimant en m\u00e9tal. Panoramique. Barcelone. Bleu. 11 cm."},"content":{"rendered":"<p>Aimant panoramique en m\u00e9tal de Barcelone, une pi\u00e8ce vibrante qui capture l&rsquo;essence de la cit\u00e9 comtale dans un format compact et attrayant. Avec des dimensions de 11 cm, cet aimant pr\u00e9sente une illustration color\u00e9e qui met en avant trois des ic\u00f4nes les plus embl\u00e9matiques de Barcelone : la majestueuse Sagrada Familia, le color\u00e9 Park G\u00fcell et l&rsquo;iconique colonne de Christophe Colomb. Le fond, dans des tons bleus et avec des d\u00e9tails de mosa\u00efques, \u00e9voque le style artistique d&rsquo;Antoni Gaud\u00ed, encapsulant la magie et la joie de la ville.<\/p>\n<p>Le mot \u00ab\u00a0Barcelona\u00a0\u00bb appara\u00eet en lettres frappantes, ajoutant une touche dynamique au design qui ressort sur n&rsquo;importe quelle surface m\u00e9tallique. Cet aimant n&rsquo;est pas seulement un objet fonctionnel, mais un authentique souvenir qui permet aux touristes d&#8217;emporter avec eux un rappel significatif de leur visite dans l&rsquo;une des destinations les plus visit\u00e9es d&rsquo;Espagne. Il est parfait pour ceux qui recherchent des souvenirs de Barcelone uniques et repr\u00e9sentatifs de l&rsquo;h\u00e9ritage culturel et architectural de la r\u00e9gion.<\/p>\n<p>Chez Ol\u00e9 Mosaic, nous sommes distributeurs de souvenirs en gros et cet aimant de Barcelone est une excellente option pour les boutiques de cadeaux touristiques qui souhaitent proposer des produits authentiques et de haute qualit\u00e9. Son design attrayant et son lien culturel en font un cadeau id\u00e9al pour ceux qui souhaitent se souvenir de leurs exp\u00e9riences dans cette ville vibrante.<\/p>\n","protected":false},"excerpt":{"rendered":"<p>Aimant m\u00e9tallique avec une vue panoramique vibrante de Barcelone, o\u00f9 se distinguent la c\u00e9l\u00e8bre Sagrada Familia, le Parc G\u00fcell et la colonne de Colomb. Avec un design color\u00e9 dans les tons bleus et des d\u00e9tails de mosa\u00efque, cet aimant de 11 cm capture l&rsquo;essence de la ville. Le mot \u00ab\u00a0Barcelona\u00a0\u00bb est pr\u00e9sent\u00e9 en lettres frappantes, compl\u00e9tant la sc\u00e8ne joyeuse et caract\u00e9ristique de l&rsquo;une des destinations les plus embl\u00e9matiques d&rsquo;Espagne. Id\u00e9al pour se souvenir de votre visite.<\/p>\n","protected":false},"featured_media":8793,"template":"","meta":{"_acf_changed":false},"product_brand":[],"product_cat":[697],"product_tag":[],"class_list":{"0":"post-34488","1":"product","2":"type-product","3":"status-publish","4":"has-post-thumbnail","6":"product_cat-aimants","7":"pa_ciudad-barcelona","8":"pa_motivo-panoramas","9":"pa_pais-espana","11":"first","12":"instock","13":"shipping-taxable","14":"product-type-simple"},"acf":[],"_links":{"self":[{"href":"https:\/\/olemosaic.com\/fr\/wp-json\/wp\/v2\/product\/34488","targetHints":{"allow":["GET"]}}],"collection":[{"href":"https:\/\/olemosaic.com\/fr\/wp-json\/wp\/v2\/product"}],"about":[{"href":"https:\/\/olemosaic.com\/fr\/wp-json\/wp\/v2\/types\/product"}],"wp:featuredmedia":[{"embeddable":true,"href":"https:\/\/olemosaic.com\/fr\/wp-json\/wp\/v2\/media\/8793"}],"wp:attachment":[{"href":"https:\/\/olemosaic.com\/fr\/wp-json\/wp\/v2\/media?parent=34488"}],"wp:term":[{"taxonomy":"product_brand","embeddable":true,"href":"https:\/\/olemosaic.com\/fr\/wp-json\/wp\/v2\/product_brand?post=34488"},{"taxonomy":"product_cat","embeddable":true,"href":"https:\/\/olemosaic.com\/fr\/wp-json\/wp\/v2\/product_cat?post=34488"},{"taxonomy":"product_tag","embeddable":true,"href":"https:\/\/olemosaic.com\/fr\/wp-json\/wp\/v2\/product_tag?post=34488"}],"curies":[{"name":"wp","href":"https:\/\/api.w.org\/{rel}","templated":true}]}}