{"id":34468,"date":"2025-02-20T23:36:15","date_gmt":"2025-02-20T22:36:15","guid":{"rendered":"http:\/\/olemosaic.com\/producto\/iman-de-metal-panoramica-valencia-8-cm-2\/"},"modified":"2025-07-25T23:40:50","modified_gmt":"2025-07-25T21:40:50","slug":"aimant-metal-panoramique-valence-8-cm-2","status":"publish","type":"product","link":"https:\/\/olemosaic.com\/fr\/produit\/aimant-metal-panoramique-valence-8-cm-2\/","title":{"rendered":"Aimant en m\u00e9tal. Panoramique. Cath\u00e9drale de Valence. 8 cm."},"content":{"rendered":"<p>Aimant en m\u00e9tal panoramique de 8 cm de Valence, une c\u00e9l\u00e9bration visuelle de l&rsquo;architecture spectaculaire de cette ville vibrante. Cet aimant met en avant l&#8217;embl\u00e9matique Cit\u00e9 des Arts et des Sciences, un chef-d&rsquo;\u0153uvre de l&rsquo;art moderne, et l&rsquo;impressionnante silhouette de la Cath\u00e9drale de Valence, un symbole du riche patrimoine historique de la ville. Avec un style de mosa\u00efque attrayant, chaque d\u00e9tail ressort sur un fond bleu brillant, combin\u00e9 \u00e0 une palette de couleurs vari\u00e9es qui capturent l&rsquo;essence ludique et festive de Valence. L&rsquo;utilisation de teintes vives ne seulement embellit le design, mais \u00e9voque \u00e9galement la joie et la diversit\u00e9 culturelle de la r\u00e9gion.<\/p>\n<p>Cet aimant n&rsquo;est pas seulement une excellente option d\u00e9corative, mais aussi un souvenir repr\u00e9sentatif qui rend hommage \u00e0 l&rsquo;h\u00e9ritage architectural et artistique de Valence. C&rsquo;est une pi\u00e8ce id\u00e9ale pour les touristes qui cherchent \u00e0 emporter un petit morceau de la ville sous la forme d&rsquo;un souvenir authentique et utile. Chez Ol\u00e9 Mosaic, nous nous sp\u00e9cialisons dans la distribution de souvenirs de qualit\u00e9 en gros, garantissant que chaque aimant que nous proposons est un reflet fid\u00e8le du charme local. Cet aimant panoramique de Valence est parfait pour les boutiques de cadeaux touristiques qui souhaitent offrir des produits capturant l&rsquo;essence des souvenirs de la ville.<\/p>\n","protected":false},"excerpt":{"rendered":"<p>Aimant m\u00e9tallique de 8 cm avec une vue panoramique color\u00e9e de Valence qui met en valeur la beaut\u00e9 architecturale de la ville. Cet aimant montre une repr\u00e9sentation vibrante de la Cit\u00e9 des Arts et des Sciences ainsi que l&rsquo;imposante silhouette de la Cath\u00e9drale de Valence, le tout dans un style mosa\u00efque attrayant. Avec un fond bleu brillant et des d\u00e9tails dans des tons vari\u00e9s, c&rsquo;est le souvenir id\u00e9al pour \u00e9voquer l&rsquo;essence de Valence et d\u00e9corer toute surface m\u00e9tallique.<\/p>\n","protected":false},"featured_media":10458,"template":"","meta":{"_acf_changed":false},"product_brand":[],"product_cat":[697],"product_tag":[],"class_list":{"0":"post-34468","1":"product","2":"type-product","3":"status-publish","4":"has-post-thumbnail","6":"product_cat-aimants","7":"pa_ciudad-valencia","8":"pa_motivo-panoramas","9":"pa_pais-espana","11":"first","12":"instock","13":"shipping-taxable","14":"product-type-simple"},"acf":[],"_links":{"self":[{"href":"https:\/\/olemosaic.com\/fr\/wp-json\/wp\/v2\/product\/34468","targetHints":{"allow":["GET"]}}],"collection":[{"href":"https:\/\/olemosaic.com\/fr\/wp-json\/wp\/v2\/product"}],"about":[{"href":"https:\/\/olemosaic.com\/fr\/wp-json\/wp\/v2\/types\/product"}],"wp:featuredmedia":[{"embeddable":true,"href":"https:\/\/olemosaic.com\/fr\/wp-json\/wp\/v2\/media\/10458"}],"wp:attachment":[{"href":"https:\/\/olemosaic.com\/fr\/wp-json\/wp\/v2\/media?parent=34468"}],"wp:term":[{"taxonomy":"product_brand","embeddable":true,"href":"https:\/\/olemosaic.com\/fr\/wp-json\/wp\/v2\/product_brand?post=34468"},{"taxonomy":"product_cat","embeddable":true,"href":"https:\/\/olemosaic.com\/fr\/wp-json\/wp\/v2\/product_cat?post=34468"},{"taxonomy":"product_tag","embeddable":true,"href":"https:\/\/olemosaic.com\/fr\/wp-json\/wp\/v2\/product_tag?post=34468"}],"curies":[{"name":"wp","href":"https:\/\/api.w.org\/{rel}","templated":true}]}}