{"id":34466,"date":"2025-02-20T23:36:15","date_gmt":"2025-02-20T22:36:15","guid":{"rendered":"http:\/\/olemosaic.com\/producto\/iman-de-metal-salamandra-barcelona-plata-8-cm-2\/"},"modified":"2025-07-25T19:42:14","modified_gmt":"2025-07-25T17:42:14","slug":"aimant-metal-salamandre-barcelone-argent-8-cm-2","status":"publish","type":"product","link":"https:\/\/olemosaic.com\/fr\/produit\/aimant-metal-salamandre-barcelone-argent-8-cm-2\/","title":{"rendered":"Aimant en m\u00e9tal. Salamandre. Mosa\u00efque. Barcelone. Argent. 8 cm."},"content":{"rendered":"<p>Aimant m\u00e9tallique en forme de salamandre inspir\u00e9 de l&rsquo;art de la mosa\u00efque de Barcelone. Cet aimant vibrant de 8 cm capture l&rsquo;essence artistique de la ville \u00e0 travers la figure embl\u00e9matique d&rsquo;une salamandre, magistralement \u00e9labor\u00e9e dans une mosa\u00efque de tons bleus, verts et orang\u00e9s. Le fond blanc, qui simule la texture typique des tesselles, rehausse la diversit\u00e9 chromatique et le caract\u00e8re unique de cette \u0153uvre cr\u00e9ative. Dans la partie sup\u00e9rieure, le mot \u00ab\u00a0Barcelona\u00a0\u00bb se distingue, faisant de cet aimant un souvenir id\u00e9al pour ceux qui souhaitent emporter un petit morceau de la riche culture catalane.<\/p>\n<p>La salamandre est un symbole associ\u00e9 au c\u00e9l\u00e8bre architecte Antoni Gaud\u00ed, dont l&rsquo;\u0153uvre s&rsquo;int\u00e8gre parfaitement dans le paysage urbain de Barcelone. Cet aimant ne repr\u00e9sente pas seulement l&rsquo;esth\u00e9tique du modernisme catalan, mais \u00e9voque \u00e9galement la connexion entre la nature et l&rsquo;art qui caract\u00e9rise la ville. En tant qu&rsquo;authentique souvenir de Barcelone, cette pi\u00e8ce combine fonctionnalit\u00e9 et esth\u00e9tique, \u00e9tant parfaite pour d\u00e9corer n&rsquo;importe quel espace.<\/p>\n<p>Chez Ol\u00e9 Mosaic, nous sommes sp\u00e9cialistes de la distribution de souvenirs en gros, et cet aimant salamandre est une option exceptionnelle pour les boutiques de cadeaux touristiques qui cherchent \u00e0 attirer des visiteurs int\u00e9ress\u00e9s par d&rsquo;authentiques souvenirs catalans. Avec son design attrayant et sa pertinence culturelle, cet aimant m\u00e9tallique est un excellent repr\u00e9sentant de l&rsquo;h\u00e9ritage artistique de Barcelone.<\/p>\n","protected":false},"excerpt":{"rendered":"<p>Aimant m\u00e9tallique en forme de salamandre, inspir\u00e9 de l&rsquo;art de la mosa\u00efque de Barcelone. D&rsquo;une taille de 8 cm, cet aimant vibrant montre une salamandre color\u00e9e dans des tons bleus, verts et orang\u00e9s, sur un fond blanc avec un design textur\u00e9 qui imite les tesselles de la mosa\u00efque. Le mot \u00ab\u00a0Barcelona\u00a0\u00bb se distingue en haut, ce qui fait de cet article le souvenir parfait de la richesse culturelle et artistique de la ville.<\/p>\n","protected":false},"featured_media":12870,"template":"","meta":{"_acf_changed":false},"product_brand":[],"product_cat":[697],"product_tag":[530],"class_list":{"0":"post-34466","1":"product","2":"type-product","3":"status-publish","4":"has-post-thumbnail","6":"product_cat-aimants","7":"product_tag-animaux","8":"pa_ciudad-barcelona","9":"pa_motivo-salamandres","10":"pa_pais-espana","12":"first","13":"instock","14":"shipping-taxable","15":"product-type-simple"},"acf":[],"_links":{"self":[{"href":"https:\/\/olemosaic.com\/fr\/wp-json\/wp\/v2\/product\/34466","targetHints":{"allow":["GET"]}}],"collection":[{"href":"https:\/\/olemosaic.com\/fr\/wp-json\/wp\/v2\/product"}],"about":[{"href":"https:\/\/olemosaic.com\/fr\/wp-json\/wp\/v2\/types\/product"}],"wp:featuredmedia":[{"embeddable":true,"href":"https:\/\/olemosaic.com\/fr\/wp-json\/wp\/v2\/media\/12870"}],"wp:attachment":[{"href":"https:\/\/olemosaic.com\/fr\/wp-json\/wp\/v2\/media?parent=34466"}],"wp:term":[{"taxonomy":"product_brand","embeddable":true,"href":"https:\/\/olemosaic.com\/fr\/wp-json\/wp\/v2\/product_brand?post=34466"},{"taxonomy":"product_cat","embeddable":true,"href":"https:\/\/olemosaic.com\/fr\/wp-json\/wp\/v2\/product_cat?post=34466"},{"taxonomy":"product_tag","embeddable":true,"href":"https:\/\/olemosaic.com\/fr\/wp-json\/wp\/v2\/product_tag?post=34466"}],"curies":[{"name":"wp","href":"https:\/\/api.w.org\/{rel}","templated":true}]}}