{"id":34450,"date":"2025-02-20T23:36:14","date_gmt":"2025-02-20T22:36:14","guid":{"rendered":"http:\/\/olemosaic.com\/producto\/iman-de-metal-salamandra-tenerife-8-cm-2\/"},"modified":"2025-07-25T19:11:06","modified_gmt":"2025-07-25T17:11:06","slug":"aimant-metal-salamandre-tenerife-8-cm-fr","status":"publish","type":"product","link":"https:\/\/olemosaic.com\/fr\/produit\/aimant-metal-salamandre-tenerife-8-cm-fr\/","title":{"rendered":"Aimant en m\u00e9tal. Salamandre. Tenerife. Canaries. 8 cm."},"content":{"rendered":"<p>Aimant d\u00e9coratif en m\u00e9tal de 8 cm inspir\u00e9 de la faune de Tenerife. Cet aimant attrayant pr\u00e9sente un design vibrant de salamandres, symbolisant la riche biodiversit\u00e9 de l&rsquo;\u00eele. Le fond bleu clair fait ressortir les couleurs intenses des salamandres, \u00e9labor\u00e9es avec une technique de trencad\u00eds avec des mosa\u00efques dans les tons verts, jaunes et rouges, capturant l&rsquo;essence vive de la nature de Tenerife. Le mot \u00ab\u00a0TENERIFE\u00a0\u00bb est situ\u00e9 en haut, se d\u00e9tachant dans des couleurs vives, ce qui ajoute une touche joyeuse et festive au design. Cet aimant est bien plus qu&rsquo;un simple souvenir : c&rsquo;est une repr\u00e9sentation artistique de la faune locale et un hommage \u00e0 la beaut\u00e9 naturelle de Tenerife. Parfait pour les touristes cherchant \u00e0 emporter un morceau de l&rsquo;\u00eele chez eux, cet aimant devient un souvenir id\u00e9al qui refl\u00e8te la culture et la diversit\u00e9 de la r\u00e9gion. Chez Ol\u00e9 Mosaic, nous nous engageons pour l&rsquo;authenticit\u00e9 et l&rsquo;artisanat dans chaque produit que nous proposons. Cet aimant de salamandre est une excellente option pour les boutiques de cadeaux touristiques souhaitant offrir des souvenirs uniques et repr\u00e9sentatifs de Tenerife. En tant que distributeurs d&rsquo;aimants en gros, nous garantissons la qualit\u00e9 et la valeur culturelle de chaque article.<\/p>\n","protected":false},"excerpt":{"rendered":"<p>Aimant m\u00e9tallique de 8 cm, d\u00e9cor\u00e9 d&rsquo;un design color\u00e9 de salamandres, repr\u00e9sentant la faune de Tenerife. Le fond bleu clair fait ressortir les d\u00e9tails vibrants des salamandres, \u00e9labor\u00e9es avec une technique de trencad\u00eds dans les tons verts, jaunes et rouges. En haut, le mot \u00ab\u00a0TENERIFE\u00a0\u00bb se d\u00e9tache dans des couleurs vives, faisant de cet aimant un souvenir attrayant et repr\u00e9sentatif de la diversit\u00e9 naturelle de l&rsquo;\u00eele.<\/p>\n","protected":false},"featured_media":12904,"template":"","meta":{"_acf_changed":false},"product_brand":[],"product_cat":[697],"product_tag":[530],"class_list":{"0":"post-34450","1":"product","2":"type-product","3":"status-publish","4":"has-post-thumbnail","6":"product_cat-aimants","7":"product_tag-animaux","8":"pa_ciudad-tenerife","9":"pa_motivo-salamandres","10":"pa_pais-espana","12":"first","13":"instock","14":"shipping-taxable","15":"product-type-simple"},"acf":[],"_links":{"self":[{"href":"https:\/\/olemosaic.com\/fr\/wp-json\/wp\/v2\/product\/34450","targetHints":{"allow":["GET"]}}],"collection":[{"href":"https:\/\/olemosaic.com\/fr\/wp-json\/wp\/v2\/product"}],"about":[{"href":"https:\/\/olemosaic.com\/fr\/wp-json\/wp\/v2\/types\/product"}],"wp:featuredmedia":[{"embeddable":true,"href":"https:\/\/olemosaic.com\/fr\/wp-json\/wp\/v2\/media\/12904"}],"wp:attachment":[{"href":"https:\/\/olemosaic.com\/fr\/wp-json\/wp\/v2\/media?parent=34450"}],"wp:term":[{"taxonomy":"product_brand","embeddable":true,"href":"https:\/\/olemosaic.com\/fr\/wp-json\/wp\/v2\/product_brand?post=34450"},{"taxonomy":"product_cat","embeddable":true,"href":"https:\/\/olemosaic.com\/fr\/wp-json\/wp\/v2\/product_cat?post=34450"},{"taxonomy":"product_tag","embeddable":true,"href":"https:\/\/olemosaic.com\/fr\/wp-json\/wp\/v2\/product_tag?post=34450"}],"curies":[{"name":"wp","href":"https:\/\/api.w.org\/{rel}","templated":true}]}}