{"id":34443,"date":"2025-02-20T22:36:13","date_gmt":"2025-02-20T22:36:13","guid":{"rendered":"http:\/\/olemosaic.com\/producto\/iman-de-metal-caballito-de-mar-azul-11-cm\/"},"modified":"2025-07-25T20:06:24","modified_gmt":"2025-07-25T18:06:24","slug":"aimant-metal-hippocampe-bleu-11-cm","status":"publish","type":"product","link":"https:\/\/olemosaic.com\/fr\/produit\/aimant-metal-hippocampe-bleu-11-cm\/","title":{"rendered":"Aimant en m\u00e9tal. Hippocampe. Bleu. 11 cm."},"content":{"rendered":"<p>Aimant m\u00e9tallique d\u00e9cor\u00e9 d&rsquo;un design attrayant d&rsquo;hippocampes sur un fond bleu vibrant. Ce souvenir est une repr\u00e9sentation parfaite de la beaut\u00e9 des fonds marins. D&rsquo;une taille de 11 cm, cet aimant se distingue par sa finition simulant une mosa\u00efque, utilisant des couleurs \u00e9clatantes comme le rouge, le vert et le jaune, harmonieusement combin\u00e9es avec des images de coraux et d&rsquo;\u00e9l\u00e9ments marins, \u00e9voquant des eaux cristallines et des \u00e9cosyst\u00e8mes vibrants. L&rsquo;illustration pr\u00e9sente quatre hippocampes dans diff\u00e9rentes postures, chacun avec des d\u00e9tails m\u00e9ticuleusement \u00e9labor\u00e9s qui soulignent leur singularit\u00e9, entour\u00e9s de plantes aquatiques et de coquillages, ce qui ajoute une touche d&rsquo;authenticit\u00e9 et de connexion avec l&rsquo;environnement marin. Cet aimant n&rsquo;est pas seulement un accessoire pour orner toute surface magn\u00e9tique, mais aussi un rappel des merveilles naturelles des c\u00f4tes m\u00e9diterran\u00e9ennes, id\u00e9al pour ceux qui cherchent \u00e0 emporter un morceau de cette richesse culturelle et naturelle. Chez Ol\u00e9 Mosaic, nous proposons cet aimant comme une excellente option pour les boutiques de souvenirs souhaitant pr\u00e9senter des produits authentiques et repr\u00e9sentatifs de la flore et de la faune de la r\u00e9gion, en faisant un article attrayant pour les touristes \u00e0 la recherche de souvenirs de qualit\u00e9.<\/p>\n","protected":false},"excerpt":{"rendered":"<p>Aimant m\u00e9tallique d\u00e9cor\u00e9 d&rsquo;un design frappant d&rsquo;hippocampes sur un fond bleu vibrant. D&rsquo;une taille de 11 cm, il pr\u00e9sente une finition simulant une mosa\u00efque aux couleurs \u00e9clatantes, incluant le rouge, le vert et le jaune, entour\u00e9 de coraux et d&rsquo;\u00e9l\u00e9ments marins. Cet aimant, id\u00e9al pour se souvenir de la beaut\u00e9 des fonds marins, est parfait pour orner toute surface magn\u00e9tique avec une touche naturelle.<\/p>\n","protected":false},"featured_media":8956,"template":"","meta":{"_acf_changed":false},"product_brand":[],"product_cat":[697],"product_tag":[530],"class_list":{"0":"post-34443","1":"product","2":"type-product","3":"status-publish","4":"has-post-thumbnail","6":"product_cat-aimants","7":"product_tag-animaux","8":"pa_motivo-hippocampes","10":"first","11":"instock","12":"shipping-taxable","13":"product-type-simple"},"acf":[],"_links":{"self":[{"href":"https:\/\/olemosaic.com\/fr\/wp-json\/wp\/v2\/product\/34443","targetHints":{"allow":["GET"]}}],"collection":[{"href":"https:\/\/olemosaic.com\/fr\/wp-json\/wp\/v2\/product"}],"about":[{"href":"https:\/\/olemosaic.com\/fr\/wp-json\/wp\/v2\/types\/product"}],"wp:featuredmedia":[{"embeddable":true,"href":"https:\/\/olemosaic.com\/fr\/wp-json\/wp\/v2\/media\/8956"}],"wp:attachment":[{"href":"https:\/\/olemosaic.com\/fr\/wp-json\/wp\/v2\/media?parent=34443"}],"wp:term":[{"taxonomy":"product_brand","embeddable":true,"href":"https:\/\/olemosaic.com\/fr\/wp-json\/wp\/v2\/product_brand?post=34443"},{"taxonomy":"product_cat","embeddable":true,"href":"https:\/\/olemosaic.com\/fr\/wp-json\/wp\/v2\/product_cat?post=34443"},{"taxonomy":"product_tag","embeddable":true,"href":"https:\/\/olemosaic.com\/fr\/wp-json\/wp\/v2\/product_tag?post=34443"}],"curies":[{"name":"wp","href":"https:\/\/api.w.org\/{rel}","templated":true}]}}