{"id":34439,"date":"2025-02-20T23:36:11","date_gmt":"2025-02-20T22:36:11","guid":{"rendered":"http:\/\/olemosaic.com\/producto\/iman-de-metal-toro-madrid-negro-8-cm-3\/"},"modified":"2025-07-25T19:03:59","modified_gmt":"2025-07-25T17:03:59","slug":"aimant-metal-taureau-madrid-noir-8-cm-fr","status":"publish","type":"product","link":"https:\/\/olemosaic.com\/fr\/produit\/aimant-metal-taureau-madrid-noir-8-cm-fr\/","title":{"rendered":"Aimant en m\u00e9tal. Taureau. Madrid. Espagne. Noir. 8 cm."},"content":{"rendered":"<p>Aimant en m\u00e9tal avec des taureaux color\u00e9s de Madrid. Cet aimant vibrant de 8 cm est une v\u00e9ritable d\u00e9claration de la culture espagnole et un symbole embl\u00e9matique du folklore madril\u00e8ne. Son design en mosa\u00efque pr\u00e9sente deux taureaux aux tons variant du bleu intense et du vert au rouge chaud, mis en valeur sur un fond noir qui accentue son aspect visuel spectaculaire. Le mot \u00ab\u00a0MADRID\u00a0\u00bb est \u00e9l\u00e9gamment imprim\u00e9 sur la partie sup\u00e9rieure, capturant l&rsquo;essence de la capitale espagnole en un coup d&rsquo;\u0153il.<\/p>\n<p>La repr\u00e9sentation des taureaux n&rsquo;est pas seulement un motif d\u00e9coratif, mais un symbole profond du caract\u00e8re vital et passionn\u00e9 de Madrid, o\u00f9 les f\u00eates taurines font partie de la tradition culturelle et festive. La technique de mosa\u00efque employ\u00e9e dans cet aimant souligne la richesse artistique qui caract\u00e9rise les souvenirs de la r\u00e9gion, en faisant un souvenir parfait pour ceux qui souhaitent ramener un morceau de la ville chez eux.<\/p>\n<p>Chez Ol\u00e9 Mosaic, notre engagement est d&rsquo;offrir des souvenirs authentiques qui refl\u00e8tent la diversit\u00e9 culturelle de l&rsquo;Espagne. Cet aimant est un choix id\u00e9al pour les boutiques de cadeaux touristiques, car il combine art, culture et fonctionnalit\u00e9, devenant un attrait incontournable pour les visiteurs \u00e0 la recherche d&rsquo;un souvenir repr\u00e9sentatif. En tant que grossistes de souvenirs, nous garantissons la qualit\u00e9 et l&rsquo;authenticit\u00e9 de chacune de nos pi\u00e8ces.<\/p>\n","protected":false},"excerpt":{"rendered":"<p>Aimant m\u00e9tallique avec un design color\u00e9 de deux taureaux, symboles du folklore espagnol, repr\u00e9sentant la vitalit\u00e9 de Madrid. Avec une finition brillante et une technique de mosa\u00efque, cet aimant de 8 cm pr\u00e9sente des tons vibrants de bleu, rouge et vert sur un fond noir qui rehausse sa beaut\u00e9. Le mot \u00ab\u00a0MADRID\u00a0\u00bb est imprim\u00e9 sur le dessus, capturant l&rsquo;essence de la ville et en faisant un souvenir parfait pour se rem\u00e9morer votre visite.<\/p>\n","protected":false},"featured_media":8957,"template":"","meta":{"_acf_changed":false},"product_brand":[],"product_cat":[697],"product_tag":[530],"class_list":{"0":"post-34439","1":"product","2":"type-product","3":"status-publish","4":"has-post-thumbnail","6":"product_cat-aimants","7":"product_tag-animaux","8":"pa_ciudad-madrid","9":"pa_motivo-taureaux","10":"pa_pais-espana","12":"first","13":"instock","14":"shipping-taxable","15":"product-type-simple"},"acf":[],"_links":{"self":[{"href":"https:\/\/olemosaic.com\/fr\/wp-json\/wp\/v2\/product\/34439","targetHints":{"allow":["GET"]}}],"collection":[{"href":"https:\/\/olemosaic.com\/fr\/wp-json\/wp\/v2\/product"}],"about":[{"href":"https:\/\/olemosaic.com\/fr\/wp-json\/wp\/v2\/types\/product"}],"wp:featuredmedia":[{"embeddable":true,"href":"https:\/\/olemosaic.com\/fr\/wp-json\/wp\/v2\/media\/8957"}],"wp:attachment":[{"href":"https:\/\/olemosaic.com\/fr\/wp-json\/wp\/v2\/media?parent=34439"}],"wp:term":[{"taxonomy":"product_brand","embeddable":true,"href":"https:\/\/olemosaic.com\/fr\/wp-json\/wp\/v2\/product_brand?post=34439"},{"taxonomy":"product_cat","embeddable":true,"href":"https:\/\/olemosaic.com\/fr\/wp-json\/wp\/v2\/product_cat?post=34439"},{"taxonomy":"product_tag","embeddable":true,"href":"https:\/\/olemosaic.com\/fr\/wp-json\/wp\/v2\/product_tag?post=34439"}],"curies":[{"name":"wp","href":"https:\/\/api.w.org\/{rel}","templated":true}]}}