{"id":34422,"date":"2025-02-20T22:36:11","date_gmt":"2025-02-20T22:36:11","guid":{"rendered":"http:\/\/olemosaic.com\/producto\/iman-de-metal-toro-mallorca-negro-8-cm\/"},"modified":"2025-07-25T19:53:14","modified_gmt":"2025-07-25T17:53:14","slug":"aimant-metal-taureau-majorque-noir-8-cm","status":"publish","type":"product","link":"https:\/\/olemosaic.com\/fr\/produit\/aimant-metal-taureau-majorque-noir-8-cm\/","title":{"rendered":"Aimant en m\u00e9tal. Taureau. Majorque. Noir. 8 cm."},"content":{"rendered":"<p>Aimant m\u00e9tallique du taureau de Majorque, un produit embl\u00e9matique qui encapsule l&rsquo;essence culturelle de cette magnifique \u00eele des Bal\u00e9ares. D&rsquo;une taille de 8 cm, cet aimant attrayant pr\u00e9sente un design vibrant mettant en avant la figure du taureau, un symbole iconique de la tradition et de l&rsquo;esprit majorquin. La pi\u00e8ce est orn\u00e9e de couleurs intenses \u2014 rouge, jaune, vert et bleu \u2014, dispos\u00e9es selon un motif g\u00e9om\u00e9trique \u00e9voquant l&rsquo;art de la mosa\u00efque, reconnu pour sa beaut\u00e9 et ses d\u00e9tails exceptionnels. La base noire, contrastant avec les tons vifs du design, permet \u00e0 l&rsquo;aimant de ressortir sur n&rsquo;importe quelle surface, en faisant un \u00e9l\u00e9ment d\u00e9coratif frappant et id\u00e9al pour la maison.<\/p>\n<p>Dans la partie sup\u00e9rieure, le nom \u00ab MAJORQUE \u00bb est pr\u00e9sent\u00e9 en lettres claires, renfor\u00e7ant son identit\u00e9 en tant que souvenir de cette r\u00e9gion illustre. Cet aimant n&rsquo;est pas seulement une excellente option pour ceux qui souhaitent emporter un petit morceau de Majorque, mais aussi pour les boutiques de cadeaux touristiques recherchant des souvenirs authentiques et culturellement significatifs. Chez Ol\u00e9 Mosaic, nous disposons d&rsquo;une s\u00e9lection de produits uniques et repr\u00e9sentatifs qui c\u00e9l\u00e8brent la diversit\u00e9 culturelle de l&rsquo;Espagne, faisant de cet aimant un choix parfait pour ceux qui appr\u00e9cient l&rsquo;artisanat et l&rsquo;h\u00e9ritage de l&rsquo;\u00eele.<\/p>\n","protected":false},"excerpt":{"rendered":"<p>Aimant en m\u00e9tal de 8 cm, inspir\u00e9 par l&rsquo;iconique taureau, symbole culturel de Majorque. Cet aimant attrayant pr\u00e9sente un design vibrant en rouge, jaune, vert et bleu, avec des formes g\u00e9om\u00e9triques \u00e9voquant l&rsquo;art de la mosa\u00efque. La base noire fait ressortir les couleurs intenses du taureau, cr\u00e9ant une pi\u00e8ce d\u00e9corative frappante. Le nom \u00ab\u00a0MAJORQUE\u00a0\u00bb est imprim\u00e9 sur la partie sup\u00e9rieure, ce qui en fait un souvenir id\u00e9al de l&rsquo;\u00eele des Bal\u00e9ares.<\/p>\n","protected":false},"featured_media":9970,"template":"","meta":{"_acf_changed":false},"product_brand":[],"product_cat":[697],"product_tag":[530],"class_list":{"0":"post-34422","1":"product","2":"type-product","3":"status-publish","4":"has-post-thumbnail","6":"product_cat-aimants","7":"product_tag-animaux","8":"pa_ciudad-mallorca","9":"pa_motivo-taureaux","10":"pa_pais-espana","12":"first","13":"instock","14":"shipping-taxable","15":"product-type-simple"},"acf":[],"_links":{"self":[{"href":"https:\/\/olemosaic.com\/fr\/wp-json\/wp\/v2\/product\/34422","targetHints":{"allow":["GET"]}}],"collection":[{"href":"https:\/\/olemosaic.com\/fr\/wp-json\/wp\/v2\/product"}],"about":[{"href":"https:\/\/olemosaic.com\/fr\/wp-json\/wp\/v2\/types\/product"}],"wp:featuredmedia":[{"embeddable":true,"href":"https:\/\/olemosaic.com\/fr\/wp-json\/wp\/v2\/media\/9970"}],"wp:attachment":[{"href":"https:\/\/olemosaic.com\/fr\/wp-json\/wp\/v2\/media?parent=34422"}],"wp:term":[{"taxonomy":"product_brand","embeddable":true,"href":"https:\/\/olemosaic.com\/fr\/wp-json\/wp\/v2\/product_brand?post=34422"},{"taxonomy":"product_cat","embeddable":true,"href":"https:\/\/olemosaic.com\/fr\/wp-json\/wp\/v2\/product_cat?post=34422"},{"taxonomy":"product_tag","embeddable":true,"href":"https:\/\/olemosaic.com\/fr\/wp-json\/wp\/v2\/product_tag?post=34422"}],"curies":[{"name":"wp","href":"https:\/\/api.w.org\/{rel}","templated":true}]}}