{"id":34419,"date":"2025-02-20T23:36:11","date_gmt":"2025-02-20T22:36:11","guid":{"rendered":"http:\/\/olemosaic.com\/producto\/iman-de-metal-salamandra-negro-8-cm-2\/"},"modified":"2025-07-25T20:30:19","modified_gmt":"2025-07-25T18:30:19","slug":"aimant-metal-salamandre-mosaique-noir-8-cm","status":"publish","type":"product","link":"https:\/\/olemosaic.com\/fr\/produit\/aimant-metal-salamandre-mosaique-noir-8-cm\/","title":{"rendered":"Aimant en m\u00e9tal. Salamandre. Mosa\u00efque. Noir. 8 cm."},"content":{"rendered":"<p>Aimant m\u00e9tallique de salamandres aux couleurs vibrantes. Cet adorable aimant de 8 cm est con\u00e7u pour apporter un petit morceau du folklore et de la biodiversit\u00e9 de la r\u00e9gion, montrant un groupe de salamandres dans une vari\u00e9t\u00e9 de couleurs \u00e9clatantes, allant du bleu au vert, rouge et jaune, sur un \u00e9l\u00e9gant fond noir. La technique d&rsquo;impression utilis\u00e9e souligne la beaut\u00e9 de chaque salamandre, offrant une finition attrayante et durable qui captera l&rsquo;attention de tous. Le design en effet mosa\u00efque ne met pas seulement en valeur le caract\u00e8re unique de ces cr\u00e9atures, mais s&rsquo;inspire \u00e9galement du riche h\u00e9ritage culturel de l&rsquo;art mosa\u00efque pr\u00e9sent dans diverses traditions d&rsquo;Espagne et du Portugal.<\/p>\n<p>Cet aimant n&rsquo;est pas seulement un charmant souvenir, il poss\u00e8de \u00e9galement une valeur significative en tant que m\u00e9moire d&rsquo;une exp\u00e9rience inoubliable. Parfait pour \u00eatre accroch\u00e9 sur le r\u00e9frig\u00e9rateur ou pour faire partie d&rsquo;une collection, cet aimant de salamandres repr\u00e9sente la connexion du visiteur avec la riche biodiversit\u00e9 de la r\u00e9gion. Chez Ol\u00e9 Mosaic, nous sommes fiers de proposer des produits authentiques, id\u00e9aux pour les boutiques de cadeaux touristiques \u00e0 la recherche de souvenirs uniques et repr\u00e9sentatifs. Cet aimant est une excellente option pour ceux qui souhaitent emporter avec eux un symbole vibrant de leur voyage, faisant de chaque visite un souvenir imp\u00e9rissable.<\/p>\n","protected":false},"excerpt":{"rendered":"<p>Aimant m\u00e9tallique de 8 cm avec un design vibrant de salamandres aux couleurs \u00e9clatantes. La pi\u00e8ce se distingue par son fond noir, qui rehausse les salamandres dans des tons bleu, vert, rouge et jaune, avec un \u00e9l\u00e9gant effet mosa\u00efque. La technique d&rsquo;impression employ\u00e9e offre une finition attrayante et durable, id\u00e9ale pour se souvenir de la riche biodiversit\u00e9 et du folklore de la r\u00e9gion. Parfait pour les collectionneurs ou comme souvenir d&rsquo;une exp\u00e9rience inoubliable.<\/p>\n","protected":false},"featured_media":7464,"template":"","meta":{"_acf_changed":false},"product_brand":[],"product_cat":[697],"product_tag":[530],"class_list":{"0":"post-34419","1":"product","2":"type-product","3":"status-publish","4":"has-post-thumbnail","6":"product_cat-aimants","7":"product_tag-animaux","8":"pa_motivo-salamandres","10":"first","11":"instock","12":"shipping-taxable","13":"product-type-simple"},"acf":[],"_links":{"self":[{"href":"https:\/\/olemosaic.com\/fr\/wp-json\/wp\/v2\/product\/34419","targetHints":{"allow":["GET"]}}],"collection":[{"href":"https:\/\/olemosaic.com\/fr\/wp-json\/wp\/v2\/product"}],"about":[{"href":"https:\/\/olemosaic.com\/fr\/wp-json\/wp\/v2\/types\/product"}],"wp:featuredmedia":[{"embeddable":true,"href":"https:\/\/olemosaic.com\/fr\/wp-json\/wp\/v2\/media\/7464"}],"wp:attachment":[{"href":"https:\/\/olemosaic.com\/fr\/wp-json\/wp\/v2\/media?parent=34419"}],"wp:term":[{"taxonomy":"product_brand","embeddable":true,"href":"https:\/\/olemosaic.com\/fr\/wp-json\/wp\/v2\/product_brand?post=34419"},{"taxonomy":"product_cat","embeddable":true,"href":"https:\/\/olemosaic.com\/fr\/wp-json\/wp\/v2\/product_cat?post=34419"},{"taxonomy":"product_tag","embeddable":true,"href":"https:\/\/olemosaic.com\/fr\/wp-json\/wp\/v2\/product_tag?post=34419"}],"curies":[{"name":"wp","href":"https:\/\/api.w.org\/{rel}","templated":true}]}}