{"id":34418,"date":"2025-02-20T23:36:10","date_gmt":"2025-02-20T22:36:10","guid":{"rendered":"http:\/\/olemosaic.com\/producto\/iman-de-metal-salamandra-fuerteventura-8-cm-2\/"},"modified":"2025-07-25T19:57:36","modified_gmt":"2025-07-25T17:57:36","slug":"aimant-metal-salamandre-fuerteventura-canaries-8-cm","status":"publish","type":"product","link":"https:\/\/olemosaic.com\/fr\/produit\/aimant-metal-salamandre-fuerteventura-canaries-8-cm\/","title":{"rendered":"Aimant en m\u00e9tal. Salamandre. Fuerteventura. Canaries. 8 cm."},"content":{"rendered":"<p>Aimant m\u00e9tallique de salamandres de Fuerteventura<\/p>\n<p>Cet aimant m\u00e9tallique de Fuerteventura est un souvenir charmant qui capture l&rsquo;essence vibrante des \u00eeles Canaries. D&rsquo;une taille de 8 cm, cet aimant attrayant pr\u00e9sente un design color\u00e9 qui se distingue par sa riche composition de mosa\u00efques, incorporant des salamandres dans diverses positions \u00e9voquant la riche biodiversit\u00e9 de l&rsquo;\u00eele. Les salamandres sont illustr\u00e9es avec des motifs complexes et des couleurs vibrantes qui ressortent sur un fond bleu, symbolisant la mer cristalline qui entoure Fuerteventura. D\u00e9cor\u00e9 \u00e0 la main, chaque d\u00e9tail est une c\u00e9l\u00e9bration de l&rsquo;art local, garantissant que chaque aimant est une pi\u00e8ce unique.<\/p>\n<p>Le texte \u00ab\u00a0FUERTEVENTURA\u00a0\u00bb est \u00e9l\u00e9gamment int\u00e9gr\u00e9 au design, ajoutant une touche distinctive qui renforce le lien avec la r\u00e9gion. Cette pi\u00e8ce n&rsquo;est pas seulement un aimant d\u00e9coratif, mais aussi un souvenir authentique qui symbolise la beaut\u00e9 et la diversit\u00e9 naturelle de Fuerteventura, ce qui en fait le cadeau parfait pour les touristes cherchant \u00e0 capturer l&rsquo;essence de leur visite. Chez Ol\u00e9 Mosaic, en tant que distributeurs de souvenirs en gros, nous proposons cet aimant de salamandres, id\u00e9al pour les boutiques de cadeaux touristiques \u00e0 la recherche de produits authentiques et repr\u00e9sentatifs de la culture canarienne.<\/p>\n","protected":false},"excerpt":{"rendered":"<p>Aimant m\u00e9tallique de 8 cm, d\u00e9cor\u00e9 d&rsquo;un design color\u00e9 de salamandres inspir\u00e9 de Fuerteventura. Cet aimant attrayant pr\u00e9sente une riche composition de mosa\u00efques, avec des couleurs vibrantes et des d\u00e9tails peints \u00e0 la main, repr\u00e9sentant des salamandres dans diverses postures sur un fond bleu \u00e9voquant la mer. L&rsquo;inscription \u00ab\u00a0FUERTEVENTURA\u00a0\u00bb ajoute une touche distinctive, faisant de cet aimant le souvenir parfait pour se rappeler la beaut\u00e9 des \u00eeles Canaries.<\/p>\n","protected":false},"featured_media":13525,"template":"","meta":{"_acf_changed":false},"product_brand":[],"product_cat":[697],"product_tag":[530],"class_list":{"0":"post-34418","1":"product","2":"type-product","3":"status-publish","4":"has-post-thumbnail","6":"product_cat-aimants","7":"product_tag-animaux","8":"pa_ciudad-fuerteventura","9":"pa_motivo-salamandres","10":"pa_pais-espana","12":"first","13":"instock","14":"shipping-taxable","15":"product-type-simple"},"acf":[],"_links":{"self":[{"href":"https:\/\/olemosaic.com\/fr\/wp-json\/wp\/v2\/product\/34418","targetHints":{"allow":["GET"]}}],"collection":[{"href":"https:\/\/olemosaic.com\/fr\/wp-json\/wp\/v2\/product"}],"about":[{"href":"https:\/\/olemosaic.com\/fr\/wp-json\/wp\/v2\/types\/product"}],"wp:featuredmedia":[{"embeddable":true,"href":"https:\/\/olemosaic.com\/fr\/wp-json\/wp\/v2\/media\/13525"}],"wp:attachment":[{"href":"https:\/\/olemosaic.com\/fr\/wp-json\/wp\/v2\/media?parent=34418"}],"wp:term":[{"taxonomy":"product_brand","embeddable":true,"href":"https:\/\/olemosaic.com\/fr\/wp-json\/wp\/v2\/product_brand?post=34418"},{"taxonomy":"product_cat","embeddable":true,"href":"https:\/\/olemosaic.com\/fr\/wp-json\/wp\/v2\/product_cat?post=34418"},{"taxonomy":"product_tag","embeddable":true,"href":"https:\/\/olemosaic.com\/fr\/wp-json\/wp\/v2\/product_tag?post=34418"}],"curies":[{"name":"wp","href":"https:\/\/api.w.org\/{rel}","templated":true}]}}