{"id":34417,"date":"2025-02-20T23:36:10","date_gmt":"2025-02-20T22:36:10","guid":{"rendered":"http:\/\/olemosaic.com\/producto\/iman-de-metal-salamandra-barcelona-8-cm-2\/"},"modified":"2025-07-25T20:36:19","modified_gmt":"2025-07-25T18:36:19","slug":"aimant-metal-salamandre-mosaique-barcelone-8-cm","status":"publish","type":"product","link":"https:\/\/olemosaic.com\/fr\/produit\/aimant-metal-salamandre-mosaique-barcelone-8-cm\/","title":{"rendered":"Aimant en m\u00e9tal. Salamandre. Mosa\u00efque. Barcelone. 8 cm."},"content":{"rendered":"<p>Aimant m\u00e9tallique de salamandres de Barcelone, une pi\u00e8ce vibrante qui capture l&rsquo;essence du riche h\u00e9ritage culturel de cette ville m\u00e9diterran\u00e9enne. Cet aimant de 8 cm pr\u00e9sente un entrelacement de salamandres color\u00e9es, inspir\u00e9es de la c\u00e9l\u00e8bre mosa\u00efque d&rsquo;Antoni Gaud\u00ed qui orne l&rsquo;architecture barcelonaise. Les salamandres, repr\u00e9sent\u00e9es dans des tons rouges, verts et bleus, se d\u00e9tachent sur un fond bleu qui \u00e9voque les carreaux brillants si caract\u00e9ristiques de la ville. Avec son design festif et accrocheur, l&rsquo;aimant pr\u00e9sente le nom \u00ab\u00a0Barcelona\u00a0\u00bb imprim\u00e9 en grandes lettres color\u00e9es, ce qui en fait un souvenir m\u00e9morable et facile \u00e0 identifier.<\/p>\n<p>Cet aimant de salamandre est plus qu&rsquo;un simple accessoire d\u00e9coratif ; il symbolise l&rsquo;art innovant de Gaud\u00ed et son influence durable sur le paysage culturel de Barcelone. C&rsquo;est un article id\u00e9al pour les touristes \u00e0 la recherche de souvenirs authentiques et significatifs \u00e0 ramener chez eux, repr\u00e9sentant non seulement la ville, mais aussi sa merveilleuse tradition artistique. Chez Ol\u00e9 Mosaic, nous sommes distributeurs de souvenirs de haute qualit\u00e9, sp\u00e9cialis\u00e9s dans les produits qui refl\u00e8tent la diversit\u00e9 et le patrimoine de l&rsquo;Espagne. Cet aimant est un choix parfait pour les boutiques de cadeaux touristiques souhaitant offrir une repr\u00e9sentation authentique et color\u00e9e de Barcelone \u00e0 leurs clients.<\/p>\n","protected":false},"excerpt":{"rendered":"<p>Aimant m\u00e9tallique de 8 cm avec une repr\u00e9sentation vibrante de salamandres, inspir\u00e9 de la c\u00e9l\u00e8bre \u0153uvre en mosa\u00efque d&rsquo;Antoni Gaud\u00ed \u00e0 Barcelone. Cet aimant, d\u00e9cor\u00e9 d&rsquo;un fond bleu \u00e9voquant les carreaux color\u00e9s de Barcelone, pr\u00e9sente des salamandres dans des tons rouges, verts et bleus, soulignant son design particulier. Avec le nom \u00ab\u00a0Barcelona\u00a0\u00bb imprim\u00e9 en lettres frappantes, c&rsquo;est un rappel ludique du riche h\u00e9ritage culturel de la ville.<\/p>\n","protected":false},"featured_media":12901,"template":"","meta":{"_acf_changed":false},"product_brand":[],"product_cat":[697],"product_tag":[530],"class_list":{"0":"post-34417","1":"product","2":"type-product","3":"status-publish","4":"has-post-thumbnail","6":"product_cat-aimants","7":"product_tag-animaux","8":"pa_ciudad-barcelona","9":"pa_motivo-salamandres","10":"pa_pais-espana","12":"first","13":"instock","14":"shipping-taxable","15":"product-type-simple"},"acf":[],"_links":{"self":[{"href":"https:\/\/olemosaic.com\/fr\/wp-json\/wp\/v2\/product\/34417","targetHints":{"allow":["GET"]}}],"collection":[{"href":"https:\/\/olemosaic.com\/fr\/wp-json\/wp\/v2\/product"}],"about":[{"href":"https:\/\/olemosaic.com\/fr\/wp-json\/wp\/v2\/types\/product"}],"wp:featuredmedia":[{"embeddable":true,"href":"https:\/\/olemosaic.com\/fr\/wp-json\/wp\/v2\/media\/12901"}],"wp:attachment":[{"href":"https:\/\/olemosaic.com\/fr\/wp-json\/wp\/v2\/media?parent=34417"}],"wp:term":[{"taxonomy":"product_brand","embeddable":true,"href":"https:\/\/olemosaic.com\/fr\/wp-json\/wp\/v2\/product_brand?post=34417"},{"taxonomy":"product_cat","embeddable":true,"href":"https:\/\/olemosaic.com\/fr\/wp-json\/wp\/v2\/product_cat?post=34417"},{"taxonomy":"product_tag","embeddable":true,"href":"https:\/\/olemosaic.com\/fr\/wp-json\/wp\/v2\/product_tag?post=34417"}],"curies":[{"name":"wp","href":"https:\/\/api.w.org\/{rel}","templated":true}]}}