{"id":34397,"date":"2025-02-20T22:36:09","date_gmt":"2025-02-20T22:36:09","guid":{"rendered":"http:\/\/olemosaic.com\/producto\/iman-de-metal-toro-mijas-8-cm\/"},"modified":"2025-07-25T19:32:05","modified_gmt":"2025-07-25T17:32:05","slug":"aimant-metal-taureau-mijas-8-cm","status":"publish","type":"product","link":"https:\/\/olemosaic.com\/fr\/produit\/aimant-metal-taureau-mijas-8-cm\/","title":{"rendered":"Aimant en m\u00e9tal. Taureau. Mijas. 8 cm."},"content":{"rendered":"<p>Aimant en m\u00e9tal de Mijas, parfait pour se souvenir de l&rsquo;essence de l&rsquo;Andalousie. Cet aimant attrayant de 8 cm pr\u00e9sente une repr\u00e9sentation vibrante d&rsquo;un taureau iconique, reflet de la riche tradition folklorique de la r\u00e9gion. Le design, inspir\u00e9 du style mosa\u00efque, combine une palette de couleurs vibrantes : rouges, bleus, verts et jaunes, cr\u00e9ant une image percutante et repr\u00e9sentative de l&rsquo;art et de la culture andalouse. Le fond bleu clair rehausse la figure, tandis que le mot \u00ab\u00a0MIJAS\u00a0\u00bb appara\u00eet en lettres saillantes, ajoutant une touche distinctive \u00e0 ce souvenir inoubliable.<\/p>\n<p>Cet aimant n&rsquo;est pas seulement un accessoire d\u00e9coratif, mais un symbole de la tradition taurine qui caract\u00e9rise l&rsquo;Espagne, c\u00e9l\u00e9brant un aspect tr\u00e8s cher de la culture locale. L&rsquo;authenticit\u00e9 de ce souvenir de Mijas en fait une excellente option pour les touristes qui cherchent \u00e0 ramener chez eux une partie de la chaleur et du coloris de l&rsquo;Andalousie. Chez Ol\u00e9 Mosaic, en tant que grossiste de souvenirs, nous proposons des produits authentiques et de qualit\u00e9 qui capturent l&rsquo;essence de chaque r\u00e9gion. Cet aimant de taureau est un choix parfait pour les boutiques de cadeaux touristiques souhaitant offrir \u00e0 leurs clients des souvenirs significatifs de l&rsquo;Espagne.<\/p>\n","protected":false},"excerpt":{"rendered":"<p>Aimant m\u00e9tallique de 8 cm avec la repr\u00e9sentation d&rsquo;un taureau iconique, inspir\u00e9 du folklore de Mijas. Le design, vibrant et color\u00e9, est bas\u00e9 sur un style de mosa\u00efque avec des tons rouges, bleus, verts et jaunes sur un fond bleu clair. Le mot \u00ab\u00a0MIJAS\u00a0\u00bb se d\u00e9tache, compl\u00e9tant la sc\u00e8ne. Un souvenir attrayant qui capture l&rsquo;essence culturelle de la r\u00e9gion andalouse.<\/p>\n","protected":false},"featured_media":10001,"template":"","meta":{"_acf_changed":false},"product_brand":[],"product_cat":[697],"product_tag":[530],"class_list":{"0":"post-34397","1":"product","2":"type-product","3":"status-publish","4":"has-post-thumbnail","6":"product_cat-aimants","7":"product_tag-animaux","8":"pa_ciudad-mijas","9":"pa_motivo-taureaux","10":"pa_pais-espana","12":"first","13":"instock","14":"shipping-taxable","15":"product-type-simple"},"acf":[],"_links":{"self":[{"href":"https:\/\/olemosaic.com\/fr\/wp-json\/wp\/v2\/product\/34397","targetHints":{"allow":["GET"]}}],"collection":[{"href":"https:\/\/olemosaic.com\/fr\/wp-json\/wp\/v2\/product"}],"about":[{"href":"https:\/\/olemosaic.com\/fr\/wp-json\/wp\/v2\/types\/product"}],"wp:featuredmedia":[{"embeddable":true,"href":"https:\/\/olemosaic.com\/fr\/wp-json\/wp\/v2\/media\/10001"}],"wp:attachment":[{"href":"https:\/\/olemosaic.com\/fr\/wp-json\/wp\/v2\/media?parent=34397"}],"wp:term":[{"taxonomy":"product_brand","embeddable":true,"href":"https:\/\/olemosaic.com\/fr\/wp-json\/wp\/v2\/product_brand?post=34397"},{"taxonomy":"product_cat","embeddable":true,"href":"https:\/\/olemosaic.com\/fr\/wp-json\/wp\/v2\/product_cat?post=34397"},{"taxonomy":"product_tag","embeddable":true,"href":"https:\/\/olemosaic.com\/fr\/wp-json\/wp\/v2\/product_tag?post=34397"}],"curies":[{"name":"wp","href":"https:\/\/api.w.org\/{rel}","templated":true}]}}