{"id":34396,"date":"2025-02-20T22:36:09","date_gmt":"2025-02-20T22:36:09","guid":{"rendered":"http:\/\/olemosaic.com\/producto\/iman-de-metal-mariposa-barcelona-negro-8-cm\/"},"modified":"2025-07-25T20:14:24","modified_gmt":"2025-07-25T18:14:24","slug":"aimant-metal-papillon-barcelone-noir-8-cm","status":"publish","type":"product","link":"https:\/\/olemosaic.com\/fr\/produit\/aimant-metal-papillon-barcelone-noir-8-cm\/","title":{"rendered":"Aimant en m\u00e9tal. Papillon. Barcelone. Noir. 8 cm."},"content":{"rendered":"<p>Aimant en m\u00e9tal de papillons de Barcelone<\/p>\n<p>Cet aimant en m\u00e9tal vibrant de 8 cm est un souvenir embl\u00e9matique qui capture l&rsquo;essence cr\u00e9ative de Barcelone, d\u00e9cor\u00e9 d&rsquo;un \u00e9blouissant design de papillons en mosa\u00efque. Le fond noir fait ressortir magnifiquement les papillons color\u00e9s, chacun orn\u00e9 d&rsquo;une palette de tons brillants qui rendent hommage \u00e0 l&rsquo;architecture moderniste de la ville, connue pour sa capacit\u00e9 \u00e0 fusionner l&rsquo;art et la nature. Le design comprend \u00e9galement des fleurs d\u00e9coratives qui compl\u00e8tent les papillons, cr\u00e9ant une composition visuellement captivante qui \u00e9voque la joie et le dynamisme caract\u00e9ristiques de Barcelone.<\/p>\n<p>Cet aimant n&rsquo;est pas seulement une excellente option pour d\u00e9corer les r\u00e9frig\u00e9rateurs ou les tableaux blancs, mais il devient \u00e9galement un symbole des souvenirs de voyage, offrant une connexion avec la culture vibrante et diverse de la ville. L&rsquo;utilisation de couleurs vives et son design contemporain en font un souvenir id\u00e9al pour les touristes qui recherchent plus qu&rsquo;un simple souvenir, mais une repr\u00e9sentation authentique de Barcelone.<\/p>\n<p>Chez Ol\u00e9 Mosaic, nous sommes fiers d&rsquo;\u00eatre des distributeurs de souvenirs en gros, offrant des produits uniques et significatifs comme cet aimant de papillons. Ce souvenir de Barcelone est parfait pour les boutiques de cadeaux touristiques qui souhaitent offrir \u00e0 leurs clients une pi\u00e8ce du riche patrimoine culturel et artistique de la ville, laissant une empreinte ind\u00e9l\u00e9bile sur chaque visiteur.<\/p>\n","protected":false},"excerpt":{"rendered":"<p>Aimant m\u00e9tallique de 8 cm avec un design vibrant de papillons, inspir\u00e9 par l&rsquo;essence de Barcelone. La pi\u00e8ce pr\u00e9sente un fond noir qui rehausse les papillons color\u00e9s en mosa\u00efque, orn\u00e9s de tons brillants \u00e9voquant l&rsquo;architecture moderniste de la ville. De plus, il comprend des fleurs d\u00e9coratives qui compl\u00e8tent le design, cr\u00e9ant un souvenir attrayant et contemporain qui capture la joie et la cr\u00e9ativit\u00e9 barcelonaises.<\/p>\n","protected":false},"featured_media":11450,"template":"","meta":{"_acf_changed":false},"product_brand":[],"product_cat":[697],"product_tag":[530],"class_list":{"0":"post-34396","1":"product","2":"type-product","3":"status-publish","4":"has-post-thumbnail","6":"product_cat-aimants","7":"product_tag-animaux","8":"pa_ciudad-barcelona","9":"pa_motivo-papillons","10":"pa_pais-espana","12":"first","13":"instock","14":"shipping-taxable","15":"product-type-simple"},"acf":[],"_links":{"self":[{"href":"https:\/\/olemosaic.com\/fr\/wp-json\/wp\/v2\/product\/34396","targetHints":{"allow":["GET"]}}],"collection":[{"href":"https:\/\/olemosaic.com\/fr\/wp-json\/wp\/v2\/product"}],"about":[{"href":"https:\/\/olemosaic.com\/fr\/wp-json\/wp\/v2\/types\/product"}],"wp:featuredmedia":[{"embeddable":true,"href":"https:\/\/olemosaic.com\/fr\/wp-json\/wp\/v2\/media\/11450"}],"wp:attachment":[{"href":"https:\/\/olemosaic.com\/fr\/wp-json\/wp\/v2\/media?parent=34396"}],"wp:term":[{"taxonomy":"product_brand","embeddable":true,"href":"https:\/\/olemosaic.com\/fr\/wp-json\/wp\/v2\/product_brand?post=34396"},{"taxonomy":"product_cat","embeddable":true,"href":"https:\/\/olemosaic.com\/fr\/wp-json\/wp\/v2\/product_cat?post=34396"},{"taxonomy":"product_tag","embeddable":true,"href":"https:\/\/olemosaic.com\/fr\/wp-json\/wp\/v2\/product_tag?post=34396"}],"curies":[{"name":"wp","href":"https:\/\/api.w.org\/{rel}","templated":true}]}}