{"id":34395,"date":"2025-02-20T23:36:09","date_gmt":"2025-02-20T22:36:09","guid":{"rendered":"http:\/\/olemosaic.com\/producto\/iman-de-metal-buho-mallorca-plata-8-cm-2\/"},"modified":"2025-07-25T18:36:23","modified_gmt":"2025-07-25T16:36:23","slug":"aimant-metal-hibou-majorque-argent-8-cm-2","status":"publish","type":"product","link":"https:\/\/olemosaic.com\/fr\/produit\/aimant-metal-hibou-majorque-argent-8-cm-2\/","title":{"rendered":"Aimant en m\u00e9tal. Hibou. \u00cele. Majorque. Argent. 8 cm."},"content":{"rendered":"<p>Aimant m\u00e9tallique de Majorque. Cet charmant aimant de 8 cm pr\u00e9sente un design vibrant d\u00e9cor\u00e9 de deux hiboux stylis\u00e9s \u00e9voquant la riche faune majorquine. Fabriqu\u00e9 en m\u00e9tal, ce souvenir rend hommage \u00e0 la beaut\u00e9 naturelle de l&rsquo;\u00eele, o\u00f9 les hiboux sont souvent des symboles de sagesse et de myst\u00e8re. La technique de la mosa\u00efque utilis\u00e9e dans son illustration cr\u00e9e une explosion de couleurs vives, avec des tonalit\u00e9s allant du bleu intense \u00e0 l&rsquo;orange chaud, et des d\u00e9tails argent\u00e9s qui soulignent la singularit\u00e9 et la sophistication du design.<\/p>\n<p>Le fond color\u00e9 qui entoure les hiboux apporte une finition pleine de charme, tandis que le mot \u00ab\u00a0MAJORQUE\u00a0\u00bb se distingue par une typographie vibrante, transformant cet aimant en un souvenir repr\u00e9sentatif et authentique de votre visite sur l&rsquo;\u00eele. Ce produit n&rsquo;est pas seulement un excellent moyen de ramener un morceau de Majorque chez soi, mais il sert \u00e9galement d&rsquo;\u00e9l\u00e9ment d\u00e9coratif attrayant pour n&rsquo;importe quel espace.<\/p>\n<p>Les souvenirs de Majorque sont tr\u00e8s appr\u00e9ci\u00e9s des touristes qui cherchent \u00e0 capturer l&rsquo;essence et la culture de cette destination m\u00e9diterran\u00e9enne. Chez Ol\u00e9 Mosaic, en tant que grossiste d&rsquo;aimants et d&rsquo;autres souvenirs typiques, nous garantissons la qualit\u00e9 et l&rsquo;authenticit\u00e9 de chaque produit, id\u00e9al pour les boutiques de cadeaux touristiques souhaitant offrir \u00e0 leurs clients la magie de l&rsquo;art et de la nature de Majorque.<\/p>\n","protected":false},"excerpt":{"rendered":"<p>Aimant m\u00e9tallique de 8 cm d\u00e9cor\u00e9 d&rsquo;un design vibrant de hiboux, repr\u00e9sentant la faune de Majorque. Cet aimant, r\u00e9alis\u00e9 avec une technique de mosa\u00efque et des couleurs vives, incorpore des d\u00e9tails en argent qui mettent en valeur deux hiboux aux formes stylis\u00e9es pos\u00e9s sur une branche. Le fond, avec une touche color\u00e9e, ajoute un charme distinctif, et le mot \u00ab\u00a0MAJORQUE\u00a0\u00bb se d\u00e9tache, faisant de cet aimant un souvenir parfait de l&rsquo;\u00eele.<\/p>\n","protected":false},"featured_media":11317,"template":"","meta":{"_acf_changed":false},"product_brand":[],"product_cat":[697],"product_tag":[530],"class_list":{"0":"post-34395","1":"product","2":"type-product","3":"status-publish","4":"has-post-thumbnail","6":"product_cat-aimants","7":"product_tag-animaux","8":"pa_ciudad-mallorca","9":"pa_motivo-hiboux","10":"pa_pais-espana","12":"first","13":"instock","14":"shipping-taxable","15":"product-type-simple"},"acf":[],"_links":{"self":[{"href":"https:\/\/olemosaic.com\/fr\/wp-json\/wp\/v2\/product\/34395","targetHints":{"allow":["GET"]}}],"collection":[{"href":"https:\/\/olemosaic.com\/fr\/wp-json\/wp\/v2\/product"}],"about":[{"href":"https:\/\/olemosaic.com\/fr\/wp-json\/wp\/v2\/types\/product"}],"wp:featuredmedia":[{"embeddable":true,"href":"https:\/\/olemosaic.com\/fr\/wp-json\/wp\/v2\/media\/11317"}],"wp:attachment":[{"href":"https:\/\/olemosaic.com\/fr\/wp-json\/wp\/v2\/media?parent=34395"}],"wp:term":[{"taxonomy":"product_brand","embeddable":true,"href":"https:\/\/olemosaic.com\/fr\/wp-json\/wp\/v2\/product_brand?post=34395"},{"taxonomy":"product_cat","embeddable":true,"href":"https:\/\/olemosaic.com\/fr\/wp-json\/wp\/v2\/product_cat?post=34395"},{"taxonomy":"product_tag","embeddable":true,"href":"https:\/\/olemosaic.com\/fr\/wp-json\/wp\/v2\/product_tag?post=34395"}],"curies":[{"name":"wp","href":"https:\/\/api.w.org\/{rel}","templated":true}]}}