{"id":34394,"date":"2025-02-20T22:36:09","date_gmt":"2025-02-20T22:36:09","guid":{"rendered":"http:\/\/olemosaic.com\/producto\/iman-de-metal-tortuga-mallorca-azul-8-cm\/"},"modified":"2025-07-25T19:05:15","modified_gmt":"2025-07-25T17:05:15","slug":"aimant-metal-tortue-majorque-bleu-8-cm","status":"publish","type":"product","link":"https:\/\/olemosaic.com\/fr\/produit\/aimant-metal-tortue-majorque-bleu-8-cm\/","title":{"rendered":"Aimant en m\u00e9tal. Tortue. Majorque. Bleu. 8 cm."},"content":{"rendered":"<p>Aimant en m\u00e9tal de Majorque avec un design marin vibrant. Cet aimant de 8 cm de large est un reflet color\u00e9 de la richesse de la vie marine entourant la magnifique \u00eele des Bal\u00e9ares. Sur un fond bleu profond, \u00e9voquant les eaux cristallines de la M\u00e9diterran\u00e9e, nagent de joyeuses tortues, dansent des hippocampes joueurs et s&rsquo;affichent des coraux color\u00e9s, tous repr\u00e9sent\u00e9s dans un style mosa\u00efque qui souligne l&rsquo;artisanat de la r\u00e9gion. La disposition des \u00e9l\u00e9ments marins, des tortues nageant sereinement aux hippocampes dans leur environnement, offre une vue joyeuse et dynamique du monde sous-marin.<\/p>\n<p>Le mot \u00ab\u00a0MAJORQUE\u00a0\u00bb, en lettres frappantes en haut, garantit que ce souvenir n&rsquo;est pas seulement une belle repr\u00e9sentation de l&rsquo;\u00eele, mais aussi un rappel parfait de vacances magiques dans ce paradis m\u00e9diterran\u00e9en. Cet aimant est plus qu&rsquo;un simple objet d\u00e9coratif ; il capture l&rsquo;essence de la mer et du folklore majorquin, mettant l&rsquo;accent sur le lien culturel que les habitants entretiennent avec leur environnement naturel. C&rsquo;est un excellent souvenir pour ceux qui souhaitent ramener un petit morceau de Majorque chez eux, offrant une option attrayante pour les boutiques de cadeaux touristiques et un article id\u00e9al pour les visiteurs \u00e0 la recherche de souvenirs authentiques. Chez Ol\u00e9 Mosaic, en tant que grossiste de souvenirs, nous garantissons que cet aimant en m\u00e9tal capture l&rsquo;essence de l&rsquo;\u00eele et ravira tous ceux qui le placeront sur leur r\u00e9frig\u00e9rateur.<\/p>\n","protected":false},"excerpt":{"rendered":"<p>Aimant m\u00e9tallique de 8 cm avec un design vibrant repr\u00e9sentant la vie marine de Majorque. Cet aimant montre des tortues et des hippocampes color\u00e9s sur un fond bleu \u00e9voquant les eaux cristallines de l&rsquo;\u00eele. Avec une finition de style mosa\u00efque, les d\u00e9tails aux tons verts, jaunes et rouges apportent une touche artistique, tandis que le mot \u00ab\u00a0MAJORQUE\u00a0\u00bb se d\u00e9tache en haut. Un souvenir id\u00e9al pour se souvenir de la beaut\u00e9 de la M\u00e9diterran\u00e9e.<\/p>\n","protected":false},"featured_media":12863,"template":"","meta":{"_acf_changed":false},"product_brand":[],"product_cat":[697],"product_tag":[530],"class_list":{"0":"post-34394","1":"product","2":"type-product","3":"status-publish","4":"has-post-thumbnail","6":"product_cat-aimants","7":"product_tag-animaux","8":"pa_ciudad-mallorca","9":"pa_motivo-tortues","10":"pa_pais-espana","12":"first","13":"instock","14":"shipping-taxable","15":"product-type-simple"},"acf":[],"_links":{"self":[{"href":"https:\/\/olemosaic.com\/fr\/wp-json\/wp\/v2\/product\/34394","targetHints":{"allow":["GET"]}}],"collection":[{"href":"https:\/\/olemosaic.com\/fr\/wp-json\/wp\/v2\/product"}],"about":[{"href":"https:\/\/olemosaic.com\/fr\/wp-json\/wp\/v2\/types\/product"}],"wp:featuredmedia":[{"embeddable":true,"href":"https:\/\/olemosaic.com\/fr\/wp-json\/wp\/v2\/media\/12863"}],"wp:attachment":[{"href":"https:\/\/olemosaic.com\/fr\/wp-json\/wp\/v2\/media?parent=34394"}],"wp:term":[{"taxonomy":"product_brand","embeddable":true,"href":"https:\/\/olemosaic.com\/fr\/wp-json\/wp\/v2\/product_brand?post=34394"},{"taxonomy":"product_cat","embeddable":true,"href":"https:\/\/olemosaic.com\/fr\/wp-json\/wp\/v2\/product_cat?post=34394"},{"taxonomy":"product_tag","embeddable":true,"href":"https:\/\/olemosaic.com\/fr\/wp-json\/wp\/v2\/product_tag?post=34394"}],"curies":[{"name":"wp","href":"https:\/\/api.w.org\/{rel}","templated":true}]}}