{"id":34388,"date":"2025-02-20T23:36:09","date_gmt":"2025-02-20T22:36:09","guid":{"rendered":"http:\/\/olemosaic.com\/producto\/iman-de-metal-panoramica-lisboa-8-cm-5\/"},"modified":"2025-07-25T18:41:40","modified_gmt":"2025-07-25T16:41:40","slug":"aimant-metal-panoramique-lisbonne-8-cm-5","status":"publish","type":"product","link":"https:\/\/olemosaic.com\/fr\/produit\/aimant-metal-panoramique-lisbonne-8-cm-5\/","title":{"rendered":"Aimant en m\u00e9tal. Panoramique. Lisbonne. Portugal. 8 cm."},"content":{"rendered":"<p>Aimant m\u00e9tallique de Lisbonne : un souvenir vibrant et plein de charme. Cet aimant de 8 cm capture l&rsquo;essence de Lisbonne avec une vue panoramique d\u00e9taill\u00e9e pr\u00e9sentant l&rsquo;iconique tramway jaune, symbole du transport traditionnel de la ville. \u00c0 c\u00f4t\u00e9 de cette image, se d\u00e9ploient des maisons color\u00e9es qui refl\u00e8tent l&rsquo;attrait de la vieille ville de Lisbonne, avec ses fa\u00e7ades peintes dans des tons chauds \u00e9voquant la chaleur de la culture portugaise. Le fond bleu brillant rehausse l&rsquo;urbanit\u00e9 et la vitalit\u00e9 de la ville, tandis que le nom \u00ab\u00a0LISBONNE\u00a0\u00bb est pr\u00e9sent\u00e9 en lettres saillantes, garantissant que cet aimant devienne un rappel constant de votre visite. Encadrant l&rsquo;illustration, un motif g\u00e9om\u00e9trique aux couleurs jaunes et bleues ajoute une touche moderne et artistique, fusionnant tradition et contemporan\u00e9it\u00e9 en un seul objet. Cet aimant n&rsquo;est pas seulement parfait pour ramener un morceau de Lisbonne chez soi, mais il est \u00e9galement id\u00e9al pour d\u00e9corer toute surface m\u00e9tallique, devenant un souvenir attrayant. Chez Ol\u00e9 Mosaic, nous proposons cet aimant de Lisbonne dans le cadre de notre collection exclusive de souvenirs portugais, id\u00e9aux pour les boutiques de cadeaux touristiques recherchant authenticit\u00e9 et qualit\u00e9 dans leurs produits.<\/p>\n","protected":false},"excerpt":{"rendered":"<p>Aimant m\u00e9tallique de 8 cm avec une vue panoramique vibrante de Lisbonne. Ce magnifique design montre l&#8217;embl\u00e9matique tramway jaune, accompagn\u00e9 de maisons color\u00e9es qui refl\u00e8tent le charme de la vieille ville. Avec un fond bleu brillant, l&rsquo;aimant inclut le nom \u00ab\u00a0LISBONNE\u00a0\u00bb en lettres saillantes et son contour est orn\u00e9 d&rsquo;un motif g\u00e9om\u00e9trique aux couleurs jaunes et bleues. Parfait pour emporter un souvenir de la ville ou d\u00e9corer toute surface m\u00e9tallique.<\/p>\n","protected":false},"featured_media":11203,"template":"","meta":{"_acf_changed":false},"product_brand":[],"product_cat":[697],"product_tag":[],"class_list":{"0":"post-34388","1":"product","2":"type-product","3":"status-publish","4":"has-post-thumbnail","6":"product_cat-aimants","7":"pa_ciudad-lisboa","8":"pa_motivo-panoramas","9":"pa_pais-portugal","11":"first","12":"instock","13":"shipping-taxable","14":"product-type-simple"},"acf":[],"_links":{"self":[{"href":"https:\/\/olemosaic.com\/fr\/wp-json\/wp\/v2\/product\/34388","targetHints":{"allow":["GET"]}}],"collection":[{"href":"https:\/\/olemosaic.com\/fr\/wp-json\/wp\/v2\/product"}],"about":[{"href":"https:\/\/olemosaic.com\/fr\/wp-json\/wp\/v2\/types\/product"}],"wp:featuredmedia":[{"embeddable":true,"href":"https:\/\/olemosaic.com\/fr\/wp-json\/wp\/v2\/media\/11203"}],"wp:attachment":[{"href":"https:\/\/olemosaic.com\/fr\/wp-json\/wp\/v2\/media?parent=34388"}],"wp:term":[{"taxonomy":"product_brand","embeddable":true,"href":"https:\/\/olemosaic.com\/fr\/wp-json\/wp\/v2\/product_brand?post=34388"},{"taxonomy":"product_cat","embeddable":true,"href":"https:\/\/olemosaic.com\/fr\/wp-json\/wp\/v2\/product_cat?post=34388"},{"taxonomy":"product_tag","embeddable":true,"href":"https:\/\/olemosaic.com\/fr\/wp-json\/wp\/v2\/product_tag?post=34388"}],"curies":[{"name":"wp","href":"https:\/\/api.w.org\/{rel}","templated":true}]}}