{"id":34386,"date":"2025-02-20T23:36:09","date_gmt":"2025-02-20T22:36:09","guid":{"rendered":"http:\/\/olemosaic.com\/producto\/iman-de-metal-sagrada-familia-barcelona-plata-8-cm-13\/"},"modified":"2025-07-25T19:55:59","modified_gmt":"2025-07-25T17:55:59","slug":"aimant-metal-sagrada-familia-barcelone-argent-8-cm-13","status":"publish","type":"product","link":"https:\/\/olemosaic.com\/fr\/produit\/aimant-metal-sagrada-familia-barcelone-argent-8-cm-13\/","title":{"rendered":"Aimant en m\u00e9tal. Sagrada Familia. Mosa\u00efque. Barcelone. Argent. 8 cm."},"content":{"rendered":"<p>Aimant m\u00e9tallique de la Sagrada Familia de Barcelone<\/p>\n<p>Cet aimant m\u00e9tallique de 8 cm est un souvenir ing\u00e9nieux de la Sagrada Familia, le joyau architectural de Barcelone et l&rsquo;une des \u0153uvres les plus embl\u00e9matiques d&rsquo;Antoni Gaud\u00ed. Avec un design vibrant et d\u00e9taill\u00e9, cet aimant pr\u00e9sente une magnifique illustration qui capture la majest\u00e9 de la cath\u00e9drale dans des tons chauds et des couleurs \u00e9clatantes. Les d\u00e9tails, soigneusement \u00e9labor\u00e9s, \u00e9voquent la technique de la mosa\u00efque, caract\u00e9ristique de l&rsquo;\u0153uvre de Gaud\u00ed, lui apportant une touche d&rsquo;authenticit\u00e9 et de singularit\u00e9. Sur un c\u00f4t\u00e9, le texte \u00ab\u00a0Barcelone\u00a0\u00bb se d\u00e9tache de mani\u00e8re frappante, faisant de cet aimant l&rsquo;option parfaite pour les touristes qui souhaitent emporter un fragment de cette ville espagnole captivante.<\/p>\n<p>La Sagrada Familia n&rsquo;est pas seulement un symbole de Barcelone, mais aussi un reflet du modernisme catalan, qui fusionne l&rsquo;art et l&rsquo;architecture de mani\u00e8re innovante. Cet aimant ne sert pas seulement d&rsquo;objet d\u00e9coratif attrayant, mais repr\u00e9sente \u00e9galement un lien culturel profond avec la riche histoire de la ville. Parfait pour les boutiques de cadeaux touristiques, cet aimant souvenir de Barcelone est une excellente option pour ceux qui recherchent des produits alliant beaut\u00e9, culture et authenticit\u00e9. Chez Ol\u00e9 Mosaic, nous nous sp\u00e9cialisons dans la distribution de souvenirs en gros, offrant des pi\u00e8ces uniques et repr\u00e9sentatives de la tradition espagnole.<\/p>\n","protected":false},"excerpt":{"rendered":"<p>Aimant m\u00e9tallique de 8 cm avec un design vibrant de la Sagrada Familia, l&rsquo;un des monuments les plus embl\u00e9matiques de Barcelone. Cet aimant pr\u00e9sente une illustration dans des tons chauds et des couleurs \u00e9clatantes qui reproduisent l&rsquo;architecture majestueuse de Gaud\u00ed, combinant des \u00e9l\u00e9ments modernistes avec des d\u00e9tails \u00e9maill\u00e9s \u00e9voquant la c\u00e9l\u00e8bre mosa\u00efque. Comprend le mot \u00ab\u00a0Barcelone\u00a0\u00bb de mani\u00e8re frappante, ce qui en fait un souvenir parfait de cette ville espagnole.<\/p>\n","protected":false},"featured_media":11357,"template":"","meta":{"_acf_changed":false},"product_brand":[],"product_cat":[697],"product_tag":[],"class_list":{"0":"post-34386","1":"product","2":"type-product","3":"status-publish","4":"has-post-thumbnail","6":"product_cat-aimants","7":"pa_ciudad-barcelona","8":"pa_motivo-sagrada-familia","9":"pa_pais-espana","11":"first","12":"instock","13":"shipping-taxable","14":"product-type-simple"},"acf":[],"_links":{"self":[{"href":"https:\/\/olemosaic.com\/fr\/wp-json\/wp\/v2\/product\/34386","targetHints":{"allow":["GET"]}}],"collection":[{"href":"https:\/\/olemosaic.com\/fr\/wp-json\/wp\/v2\/product"}],"about":[{"href":"https:\/\/olemosaic.com\/fr\/wp-json\/wp\/v2\/types\/product"}],"wp:featuredmedia":[{"embeddable":true,"href":"https:\/\/olemosaic.com\/fr\/wp-json\/wp\/v2\/media\/11357"}],"wp:attachment":[{"href":"https:\/\/olemosaic.com\/fr\/wp-json\/wp\/v2\/media?parent=34386"}],"wp:term":[{"taxonomy":"product_brand","embeddable":true,"href":"https:\/\/olemosaic.com\/fr\/wp-json\/wp\/v2\/product_brand?post=34386"},{"taxonomy":"product_cat","embeddable":true,"href":"https:\/\/olemosaic.com\/fr\/wp-json\/wp\/v2\/product_cat?post=34386"},{"taxonomy":"product_tag","embeddable":true,"href":"https:\/\/olemosaic.com\/fr\/wp-json\/wp\/v2\/product_tag?post=34386"}],"curies":[{"name":"wp","href":"https:\/\/api.w.org\/{rel}","templated":true}]}}