{"id":34385,"date":"2025-02-20T23:36:08","date_gmt":"2025-02-20T22:36:08","guid":{"rendered":"http:\/\/olemosaic.com\/producto\/iman-de-metal-sagrada-familia-barcelona-negro-8-cm-13\/"},"modified":"2025-07-25T19:28:06","modified_gmt":"2025-07-25T17:28:06","slug":"aimant-metal-sagrada-familia-barcelone-noir-8-cm-13","status":"publish","type":"product","link":"https:\/\/olemosaic.com\/fr\/produit\/aimant-metal-sagrada-familia-barcelone-noir-8-cm-13\/","title":{"rendered":"Aimant en m\u00e9tal. Sagrada Familia. Fond noir. Barcelone. Noir. 8 cm."},"content":{"rendered":"<p>Aimant en m\u00e9tal de la Sagrada Familia de Barcelone. Cet impressionnant aimant de 8 cm capture l&rsquo;essence de l&#8217;embl\u00e9matique monument moderniste, con\u00e7u par Antoni Gaud\u00ed. La repr\u00e9sentation color\u00e9e et stylis\u00e9e montre les pinacles iconiques de la basilique, qui s&rsquo;\u00e9l\u00e8vent majestueusement vers le ciel, orn\u00e9s de d\u00e9tails en mosa\u00efque \u00e9voquant la cr\u00e9ativit\u00e9 unique de Gaud\u00ed. Le fond noir de l&rsquo;aimant fait ressortir les couleurs chaudes et vibrantes de l&rsquo;\u00e9difice, cr\u00e9ant un contraste captivant qui attire le regard. Dans la partie sup\u00e9rieure, les lettres grandes et frappantes indiquant \u00ab Barcelone \u00bb ajoutent une touche distinctive, faisant de cet aimant un souvenir parfait.<\/p>\n<p>Cet aimant n&rsquo;est pas seulement un article d\u00e9coratif, mais un v\u00e9ritable hommage au riche patrimoine culturel de Barcelone, repr\u00e9sentant son architecture distinctive et son histoire fascinante. La Sagrada Familia, class\u00e9e au patrimoine mondial, est un symbole iconique qui attire des millions de touristes chaque ann\u00e9e, et cet aimant devient une pi\u00e8ce essentielle pour ceux qui souhaitent emporter un morceau de sa magie. Chez Ol\u00e9 Mosaic, nous sommes fiers de proposer des souvenirs authentiques et de qualit\u00e9 en gros, et cet aimant de la Sagrada Familia est une excellente option pour les boutiques recherchant des produits repr\u00e9sentatifs de la culture espagnole. Parfait pour ceux qui recherchent des souvenirs de Barcelone alliant fonctionnalit\u00e9 et h\u00e9ritage historique.<\/p>\n","protected":false},"excerpt":{"rendered":"<p>Aimant m\u00e9tallique de 8 cm repr\u00e9sentant l&#8217;embl\u00e9matique Sagrada Familia de Barcelone. Ce design attrayant montre une repr\u00e9sentation color\u00e9e et stylis\u00e9e du monument, avec des d\u00e9tails en mosa\u00efque qui soulignent les pinacles caract\u00e9ristiques de la basilique. D\u00e9cor\u00e9 sur un fond noir qui accentue les couleurs chaudes et vibrantes du b\u00e2timent, il inclut le texte \u00ab Barcelone \u00bb en lettres grandes et frappantes. Id\u00e9al pour se souvenir de la beaut\u00e9 unique de l&rsquo;architecture moderniste de la ville.<\/p>\n","protected":false},"featured_media":6949,"template":"","meta":{"_acf_changed":false},"product_brand":[],"product_cat":[697],"product_tag":[],"class_list":{"0":"post-34385","1":"product","2":"type-product","3":"status-publish","4":"has-post-thumbnail","6":"product_cat-aimants","7":"pa_ciudad-barcelona","8":"pa_motivo-sagrada-familia","9":"pa_pais-espana","11":"first","12":"instock","13":"shipping-taxable","14":"product-type-simple"},"acf":[],"_links":{"self":[{"href":"https:\/\/olemosaic.com\/fr\/wp-json\/wp\/v2\/product\/34385","targetHints":{"allow":["GET"]}}],"collection":[{"href":"https:\/\/olemosaic.com\/fr\/wp-json\/wp\/v2\/product"}],"about":[{"href":"https:\/\/olemosaic.com\/fr\/wp-json\/wp\/v2\/types\/product"}],"wp:featuredmedia":[{"embeddable":true,"href":"https:\/\/olemosaic.com\/fr\/wp-json\/wp\/v2\/media\/6949"}],"wp:attachment":[{"href":"https:\/\/olemosaic.com\/fr\/wp-json\/wp\/v2\/media?parent=34385"}],"wp:term":[{"taxonomy":"product_brand","embeddable":true,"href":"https:\/\/olemosaic.com\/fr\/wp-json\/wp\/v2\/product_brand?post=34385"},{"taxonomy":"product_cat","embeddable":true,"href":"https:\/\/olemosaic.com\/fr\/wp-json\/wp\/v2\/product_cat?post=34385"},{"taxonomy":"product_tag","embeddable":true,"href":"https:\/\/olemosaic.com\/fr\/wp-json\/wp\/v2\/product_tag?post=34385"}],"curies":[{"name":"wp","href":"https:\/\/api.w.org\/{rel}","templated":true}]}}