{"id":34384,"date":"2025-02-20T23:36:08","date_gmt":"2025-02-20T22:36:08","guid":{"rendered":"http:\/\/olemosaic.com\/producto\/iman-de-metal-sagrada-familia-barcelona-8-cm-25\/"},"modified":"2025-07-25T20:18:23","modified_gmt":"2025-07-25T18:18:23","slug":"aimant-metal-sagrada-familia-barcelone-8-cm-25","status":"publish","type":"product","link":"https:\/\/olemosaic.com\/fr\/produit\/aimant-metal-sagrada-familia-barcelone-8-cm-25\/","title":{"rendered":"Aimant en m\u00e9tal. Sagrada Familia. I \u2665 BARCELONA. Barcelone. 8 cm."},"content":{"rendered":"<p>Aimant m\u00e9tallique de la Sagrada Familia de Barcelone. Cet aimant exclusif de 8 cm pr\u00e9sente une repr\u00e9sentation vibrante de l&rsquo;iconique basilique, con\u00e7ue par le c\u00e9l\u00e8bre architecte Antoni Gaud\u00ed. Sa mosa\u00efque color\u00e9e capture les tours impressionnantes et l&rsquo;architecture innovante de ce chef-d&rsquo;\u0153uvre du modernisme catalan. Avec un fond bleu \u00e9voquant le ciel barcelonais, les formes g\u00e9om\u00e9triques et les couleurs intenses soulignent la beaut\u00e9 unique de la Sagrada Familia, faisant de ce produit un symbole incontestable de la ville.<\/p>\n<p>La l\u00e9gende \u00ab\u00a0I \u2665 Barcelona\u00a0\u00bb ajoute une touche moderne et amusante, faisant de cet aimant un souvenir parfait de votre visite dans la ville ou un cadeau id\u00e9al pour vos amis et votre famille. Ce n&rsquo;est pas seulement un souvenir attrayant, mais il repr\u00e9sente \u00e9galement la riche histoire de l&rsquo;architecture catalane, la Sagrada Familia \u00e9tant un embl\u00e8me du g\u00e9nie et de la cr\u00e9ativit\u00e9 de son cr\u00e9ateur.<\/p>\n<p>En tant que distributeurs de souvenirs en gros, chez Ol\u00e9 Mosaic, nous proposons cet aimant de Barcelone aux boutiques de cadeaux touristiques qui recherchent des produits authentiques et repr\u00e9sentatifs de la culture locale. Cet aimant se distingue par sa qualit\u00e9 et son design, devenant une excellente option pour ceux qui souhaitent ramener chez eux un morceau de la magie de Barcelone.<\/p>\n","protected":false},"excerpt":{"rendered":"<p>Aimant m\u00e9tallique de 8 cm inspir\u00e9 de l&rsquo;iconique Sagrada Familia de Barcelone. Cet aimant vibrant pr\u00e9sente un design color\u00e9 avec une mosa\u00efque qui met en valeur les tours impressionnantes et l&rsquo;architecture du chef-d&rsquo;\u0153uvre de Gaud\u00ed. La l\u00e9gende \u00ab\u00a0I \u2665 BARCELONA\u00a0\u00bb ajoute une touche moderne, tandis que les couleurs intenses et les formes g\u00e9om\u00e9triques capturent l&rsquo;essence artistique de la ville. Id\u00e9al pour se souvenir de votre visite \u00e0 Barcelone ou comme cadeau pour des amis.<\/p>\n","protected":false},"featured_media":13541,"template":"","meta":{"_acf_changed":false},"product_brand":[],"product_cat":[697],"product_tag":[],"class_list":{"0":"post-34384","1":"product","2":"type-product","3":"status-publish","4":"has-post-thumbnail","6":"product_cat-aimants","7":"pa_ciudad-barcelona","8":"pa_motivo-sagrada-familia","9":"pa_pais-espana","11":"first","12":"instock","13":"shipping-taxable","14":"product-type-simple"},"acf":[],"_links":{"self":[{"href":"https:\/\/olemosaic.com\/fr\/wp-json\/wp\/v2\/product\/34384","targetHints":{"allow":["GET"]}}],"collection":[{"href":"https:\/\/olemosaic.com\/fr\/wp-json\/wp\/v2\/product"}],"about":[{"href":"https:\/\/olemosaic.com\/fr\/wp-json\/wp\/v2\/types\/product"}],"wp:featuredmedia":[{"embeddable":true,"href":"https:\/\/olemosaic.com\/fr\/wp-json\/wp\/v2\/media\/13541"}],"wp:attachment":[{"href":"https:\/\/olemosaic.com\/fr\/wp-json\/wp\/v2\/media?parent=34384"}],"wp:term":[{"taxonomy":"product_brand","embeddable":true,"href":"https:\/\/olemosaic.com\/fr\/wp-json\/wp\/v2\/product_brand?post=34384"},{"taxonomy":"product_cat","embeddable":true,"href":"https:\/\/olemosaic.com\/fr\/wp-json\/wp\/v2\/product_cat?post=34384"},{"taxonomy":"product_tag","embeddable":true,"href":"https:\/\/olemosaic.com\/fr\/wp-json\/wp\/v2\/product_tag?post=34384"}],"curies":[{"name":"wp","href":"https:\/\/api.w.org\/{rel}","templated":true}]}}