{"id":34367,"date":"2025-02-20T23:36:08","date_gmt":"2025-02-20T22:36:08","guid":{"rendered":"http:\/\/olemosaic.com\/producto\/iman-de-metal-sagrada-familia-barcelona-negro-8-cm-12\/"},"modified":"2025-07-25T20:09:17","modified_gmt":"2025-07-25T18:09:17","slug":"aimant-metal-sagrada-familia-barcelone-noir-8-cm-12","status":"publish","type":"product","link":"https:\/\/olemosaic.com\/fr\/produit\/aimant-metal-sagrada-familia-barcelone-noir-8-cm-12\/","title":{"rendered":"Aimant en m\u00e9tal. Sagrada Familia. Teinte dor\u00e9e. Barcelone. Noir. 8 cm."},"content":{"rendered":"<p>Aimant m\u00e9tallique de la Sagrada Familia de Barcelone<\/p>\n<p>Cet impressionnant aimant m\u00e9tallique repr\u00e9sente l&rsquo;iconique Sagrada Familia, l&rsquo;un des monuments les plus embl\u00e9matiques de Barcelone, se distinguant par sa magnificence architecturale et son lien avec l&rsquo;\u0153uvre d&rsquo;Antoni Gaud\u00ed. Avec ses 8 cm, le design vibrant sur un fond noir \u00e9l\u00e9gant capte instantan\u00e9ment l&rsquo;attention, montrant la basilique dans une explosion de couleurs qui refl\u00e8te ses d\u00e9tails architecturaux uniques. Les teintes dor\u00e9es qui ornent l&rsquo;\u0153uvre contrastent de mani\u00e8re percutante avec le fond sombre, rehaussant la beaut\u00e9 de ses tours et les motifs complexes qui d\u00e9corent sa fa\u00e7ade.<\/p>\n<p>L&rsquo;expression artistique de la Sagrada Familia se manifeste dans chaque ligne et forme, des tours qui s&rsquo;\u00e9l\u00e8vent vers le ciel aux couleurs qui \u00e9voquent tant la lumi\u00e8re naturelle que la spiritualit\u00e9. Le mot \u00ab\u00a0Barcelone\u00a0\u00bb se d\u00e9tache clairement en lettres audacieuses, faisant de cet aimant no seulement un souvenir attrayant, mais aussi un hommage \u00e0 la culture et \u00e0 l&rsquo;histoire de la ville. Cet aimant est un souvenir id\u00e9al pour ceux qui souhaitent emporter un morceau de Barcelone et de sa riche tradition architecturale.<\/p>\n<p>Chez Ol\u00e9 Mosaic, nous proposons cet aimant souvenir de haute qualit\u00e9, parfait pour les boutiques de cadeaux touristiques cherchant \u00e0 int\u00e9grer des pi\u00e8ces authentiques et pertinentes dans leur offre. La Sagrada Familia n&rsquo;est pas seulement un symbole de la ville, mais aussi un rappel de sa culture vibrante et de son h\u00e9ritage historique, faisant de cet aimant un article essentiel pour tout visiteur. Gr\u00e2ce \u00e0 notre exp\u00e9rience en tant que distributeurs de souvenirs en gros, nous garantissons que chaque pi\u00e8ce est un reflet authentique de la grandeur de Barcelone.<\/p>\n","protected":false},"excerpt":{"rendered":"<p>Aimant m\u00e9tallique repr\u00e9sentant l&rsquo;iconique Sagrada Familia de Barcelone, avec un design vibrant sur fond noir. Cet aimant de 8 cm se distingue par ses couleurs et ses d\u00e9tails architecturaux, capturant le caract\u00e8re spectaculaire de l&rsquo;\u0153uvre de Gaud\u00ed. Les multiples teintes dor\u00e9es et les formes distinctives de la basilique contrastent avec le noir \u00e9l\u00e9gant, tandis que le mot \u00ab\u00a0Barcelone\u00a0\u00bb appara\u00eet en lettres claires, faisant de cet aimant un souvenir parfait et attrayant de la ville.<\/p>\n","protected":false},"featured_media":11364,"template":"","meta":{"_acf_changed":false},"product_brand":[],"product_cat":[697],"product_tag":[],"class_list":{"0":"post-34367","1":"product","2":"type-product","3":"status-publish","4":"has-post-thumbnail","6":"product_cat-aimants","7":"pa_ciudad-barcelona","8":"pa_motivo-sagrada-familia","9":"pa_pais-espana","11":"first","12":"instock","13":"shipping-taxable","14":"product-type-simple"},"acf":[],"_links":{"self":[{"href":"https:\/\/olemosaic.com\/fr\/wp-json\/wp\/v2\/product\/34367","targetHints":{"allow":["GET"]}}],"collection":[{"href":"https:\/\/olemosaic.com\/fr\/wp-json\/wp\/v2\/product"}],"about":[{"href":"https:\/\/olemosaic.com\/fr\/wp-json\/wp\/v2\/types\/product"}],"wp:featuredmedia":[{"embeddable":true,"href":"https:\/\/olemosaic.com\/fr\/wp-json\/wp\/v2\/media\/11364"}],"wp:attachment":[{"href":"https:\/\/olemosaic.com\/fr\/wp-json\/wp\/v2\/media?parent=34367"}],"wp:term":[{"taxonomy":"product_brand","embeddable":true,"href":"https:\/\/olemosaic.com\/fr\/wp-json\/wp\/v2\/product_brand?post=34367"},{"taxonomy":"product_cat","embeddable":true,"href":"https:\/\/olemosaic.com\/fr\/wp-json\/wp\/v2\/product_cat?post=34367"},{"taxonomy":"product_tag","embeddable":true,"href":"https:\/\/olemosaic.com\/fr\/wp-json\/wp\/v2\/product_tag?post=34367"}],"curies":[{"name":"wp","href":"https:\/\/api.w.org\/{rel}","templated":true}]}}