{"id":34366,"date":"2025-02-20T23:36:08","date_gmt":"2025-02-20T22:36:08","guid":{"rendered":"http:\/\/olemosaic.com\/producto\/iman-de-metal-sagrada-familia-barcelona-plata-8-cm-12\/"},"modified":"2025-07-25T19:06:03","modified_gmt":"2025-07-25T17:06:03","slug":"aimant-metal-sagrada-familia-barcelone-argent-8-cm-12","status":"publish","type":"product","link":"https:\/\/olemosaic.com\/fr\/produit\/aimant-metal-sagrada-familia-barcelone-argent-8-cm-12\/","title":{"rendered":"Aimant en m\u00e9tal. Sagrada Familia. Couleurs vari\u00e9es. Barcelone. Argent. 8 cm."},"content":{"rendered":"<p>Aimant m\u00e9tallique de la Sagrada Familia de Barcelone<\/p>\n<p>Cet aimant m\u00e9tallique de 8 cm capture l&rsquo;essence de l&rsquo;iconique Sagrada Familia, l&rsquo;un des monuments les plus embl\u00e9matiques de Barcelone et chef-d&rsquo;\u0153uvre de l&rsquo;architecte Antoni Gaud\u00ed. Avec un design vibrant, inspir\u00e9 de l&rsquo;art moderniste, l&rsquo;aimant se distingue par ses pinacles majestueux et les d\u00e9tails architecturaux \u00e9labor\u00e9s qui caract\u00e9risent ce joyau de l&rsquo;architecture. La palette de couleurs utilis\u00e9e est percutante, avec des tons intenses et brillants jouant entre le rouge, le bleu et le dor\u00e9, cr\u00e9ant une repr\u00e9sentation visuelle captivante qui \u00e9voque la richesse culturelle de la ville. En haut, le mot \u00ab\u00a0Barcelone\u00a0\u00bb est imprim\u00e9 de mani\u00e8re distinctive, renfor\u00e7ant le lien avec cette merveilleuse ville catalane et faisant de l&rsquo;aimant un souvenir reconnaissable entre tous.<\/p>\n<p>En tant que souvenir, cet aimant n&rsquo;est pas seulement un objet d\u00e9coratif, mais aussi un symbole de l&rsquo;h\u00e9ritage artistique et architectural de Barcelone, parfait pour ceux qui souhaitent emporter un morceau de son histoire et de son charme. Chez Ol\u00e9 Mosaic, nous nous sp\u00e9cialisons dans la distribution de souvenirs en gros, offrant des produits authentiques qui repr\u00e9sentent la culture et l&rsquo;art des villes. Cet aimant est une excellente option pour les boutiques de cadeaux touristiques \u00e0 la recherche d&rsquo;articles originaux et de qualit\u00e9. Emporter la Sagrada Familia chez soi est une fa\u00e7on extraordinaire de se souvenir de la beaut\u00e9 de Barcelone \u00e0 chaque regard.<\/p>\n","protected":false},"excerpt":{"rendered":"<p>Aimant m\u00e9tallique de 8 cm repr\u00e9sentant l&rsquo;iconique Sagrada Familia de Barcelone. Le design color\u00e9 s&rsquo;inspire du modernisme, mettant en avant les pinacles majestueux et les d\u00e9tails architecturaux de l&rsquo;\u0153uvre de Gaud\u00ed, avec une palette de couleurs vibrantes. Le mot \u00ab\u00a0Barcelone\u00a0\u00bb est imprim\u00e9 en haut, apportant une touche distinctive. Parfait pour se souvenir de la beaut\u00e9 de cette ville catalane sur n&rsquo;importe quelle surface m\u00e9tallique.<\/p>\n","protected":false},"featured_media":11393,"template":"","meta":{"_acf_changed":false},"product_brand":[],"product_cat":[697],"product_tag":[],"class_list":{"0":"post-34366","1":"product","2":"type-product","3":"status-publish","4":"has-post-thumbnail","6":"product_cat-aimants","7":"pa_ciudad-barcelona","8":"pa_motivo-sagrada-familia","9":"pa_pais-espana","11":"first","12":"instock","13":"shipping-taxable","14":"product-type-simple"},"acf":[],"_links":{"self":[{"href":"https:\/\/olemosaic.com\/fr\/wp-json\/wp\/v2\/product\/34366","targetHints":{"allow":["GET"]}}],"collection":[{"href":"https:\/\/olemosaic.com\/fr\/wp-json\/wp\/v2\/product"}],"about":[{"href":"https:\/\/olemosaic.com\/fr\/wp-json\/wp\/v2\/types\/product"}],"wp:featuredmedia":[{"embeddable":true,"href":"https:\/\/olemosaic.com\/fr\/wp-json\/wp\/v2\/media\/11393"}],"wp:attachment":[{"href":"https:\/\/olemosaic.com\/fr\/wp-json\/wp\/v2\/media?parent=34366"}],"wp:term":[{"taxonomy":"product_brand","embeddable":true,"href":"https:\/\/olemosaic.com\/fr\/wp-json\/wp\/v2\/product_brand?post=34366"},{"taxonomy":"product_cat","embeddable":true,"href":"https:\/\/olemosaic.com\/fr\/wp-json\/wp\/v2\/product_cat?post=34366"},{"taxonomy":"product_tag","embeddable":true,"href":"https:\/\/olemosaic.com\/fr\/wp-json\/wp\/v2\/product_tag?post=34366"}],"curies":[{"name":"wp","href":"https:\/\/api.w.org\/{rel}","templated":true}]}}