{"id":34365,"date":"2025-02-20T23:36:08","date_gmt":"2025-02-20T22:36:08","guid":{"rendered":"http:\/\/olemosaic.com\/producto\/iman-de-metal-sagrada-familia-barcelona-plata-8-cm-11\/"},"modified":"2025-07-25T23:45:33","modified_gmt":"2025-07-25T21:45:33","slug":"aimant-metal-sagrada-familia-barcelone-argent-8-cm-11","status":"publish","type":"product","link":"https:\/\/olemosaic.com\/fr\/produit\/aimant-metal-sagrada-familia-barcelone-argent-8-cm-11\/","title":{"rendered":"Aimant en m\u00e9tal. Sagrada Familia. Rouge, jaune et bleu. Barcelone. Argent. 8 cm."},"content":{"rendered":"<p>Aimant m\u00e9tallique de la Sagrada Familia de Barcelone<\/p>\n<p>Cet aimant en m\u00e9tal captivant de 8 cm est un hommage vibrant \u00e0 la majest\u00e9 de la Sagrada Familia, l&rsquo;un des monuments les plus embl\u00e9matiques de Barcelone et un chef-d&rsquo;\u0153uvre d&rsquo;Antoni Gaud\u00ed. Avec un design \u00e9voquant les mosa\u00efques du temple, il pr\u00e9sente une explosion de couleurs \u00e9clatantes : des rouges intenses, des jaunes chauds et des bleus profonds qui soulignent la riche diversit\u00e9 artistique et architecturale du monument. Le mot \u00ab\u00a0Barcelone\u00a0\u00bb est \u00e9l\u00e9gamment plac\u00e9 en haut, ajoutant une touche distinctive et facilitant son identification comme souvenir repr\u00e9sentatif de la capitale catalane.<\/p>\n<p>Visuellement, l&rsquo;aimant capture la majest\u00e9 des tours de la Sagrada Familia, orn\u00e9es de d\u00e9tails uniques qui refl\u00e8tent l&rsquo;imagination et l&rsquo;ing\u00e9niosit\u00e9 de l&rsquo;architecte moderniste. Sa surface brillante et sa finition m\u00e9tallique garantissent non seulement sa durabilit\u00e9, mais en font \u00e9galement un accessoire \u00e9l\u00e9gant qui peut d\u00e9corer n&rsquo;importe quel r\u00e9frig\u00e9rateur, tableau blanc ou surface m\u00e9tallique.<\/p>\n<p>Cet aimant est un excellent choix comme souvenir de Barcelone, id\u00e9al pour les touristes souhaitant emporter un morceau de la riche culture et du patrimoine de la ville. Chez Ol\u00e9 Mosaic, notre engagement est d&rsquo;offrir des articles authentiques et de qualit\u00e9, comme ce magnifique aimant de la Sagrada Familia, qui repr\u00e9sente l&rsquo;histoire et l&rsquo;art de l&rsquo;Espagne, parfait pour les boutiques souhaitant proposer des souvenirs uniques et significatifs. Chaque pi\u00e8ce refl\u00e8te l&rsquo;essence de la ville, devenant un incontournable pour tous ceux qui visitent la vibrante Barcelone.<\/p>\n","protected":false},"excerpt":{"rendered":"<p>Aimant m\u00e9tallique de 8 cm reproduisant l&rsquo;iconique Sagrada Familia de Barcelone, avec un design vibrant \u00e9voquant les mosa\u00efques du monument. Cet aimant pr\u00e9sente une explosion de couleurs, avec des rouges, jaunes et bleus qui soulignent les d\u00e9tails architecturaux uniques de l&rsquo;\u0153uvre de Gaud\u00ed. Le mot \u00ab\u00a0Barcelone\u00a0\u00bb se d\u00e9tache en haut, faisant de ce souvenir un rappel parfait de la capitale catalane.<\/p>\n","protected":false},"featured_media":11389,"template":"","meta":{"_acf_changed":false},"product_brand":[],"product_cat":[697],"product_tag":[],"class_list":{"0":"post-34365","1":"product","2":"type-product","3":"status-publish","4":"has-post-thumbnail","6":"product_cat-aimants","7":"pa_ciudad-barcelona","8":"pa_motivo-sagrada-familia","9":"pa_pais-espana","11":"first","12":"instock","13":"shipping-taxable","14":"product-type-simple"},"acf":[],"_links":{"self":[{"href":"https:\/\/olemosaic.com\/fr\/wp-json\/wp\/v2\/product\/34365","targetHints":{"allow":["GET"]}}],"collection":[{"href":"https:\/\/olemosaic.com\/fr\/wp-json\/wp\/v2\/product"}],"about":[{"href":"https:\/\/olemosaic.com\/fr\/wp-json\/wp\/v2\/types\/product"}],"wp:featuredmedia":[{"embeddable":true,"href":"https:\/\/olemosaic.com\/fr\/wp-json\/wp\/v2\/media\/11389"}],"wp:attachment":[{"href":"https:\/\/olemosaic.com\/fr\/wp-json\/wp\/v2\/media?parent=34365"}],"wp:term":[{"taxonomy":"product_brand","embeddable":true,"href":"https:\/\/olemosaic.com\/fr\/wp-json\/wp\/v2\/product_brand?post=34365"},{"taxonomy":"product_cat","embeddable":true,"href":"https:\/\/olemosaic.com\/fr\/wp-json\/wp\/v2\/product_cat?post=34365"},{"taxonomy":"product_tag","embeddable":true,"href":"https:\/\/olemosaic.com\/fr\/wp-json\/wp\/v2\/product_tag?post=34365"}],"curies":[{"name":"wp","href":"https:\/\/api.w.org\/{rel}","templated":true}]}}